{"id":97,"date":"2015-05-25T08:13:38","date_gmt":"2015-05-25T08:13:38","guid":{"rendered":"http:\/\/spriv.vojvodina.gov.rs\/2015\/05\/25\/szpz\/"},"modified":"2026-04-03T08:26:59","modified_gmt":"2026-04-03T08:26:59","slug":"szpz","status":"publish","type":"page","link":"https:\/\/spriv.vojvodina.gov.rs\/rs\/szpz\/","title":{"rendered":"Odsek za inspekcijski nadzor"},"content":{"rendered":"<p><\/p>\n<p style=\"text-align: justify;\">U <strong>Odseku za inspekcijski nadzor<\/strong> obavljaju se poslovi inspekcijskog nadzora na teritoriji Pokrajine preko inspekcijskih organa u skladu sa zakonom u oblasti za\u0161tite autorskih i srodnih prava, elektronskih komunikacija, pra\u0107enje primene propisa u oblasti, autorskih i srodnih prava, elektronskih komunikacija i davanje inicijativa za njihovu izmenu, priprema akata za Skup\u0161tinu i Pokrajinsku vladu iz oblasti inspekcijskog nadzora iz navedenih oblasti, saradnja sa organima, organizacijama i institucijama u vezi poslova inspekcijskog nadzora u oblasti\u00a0 za\u0161tite autorskog i\u00a0 srodnih prava, elektronskih komunikacija i drugi poslovi po nalogu Sekretara, zamenika sekretara i podsekretara.<\/p>\n<p style=\"text-align: justify;\"><strong>INSPEKCIJA ZA ZA\u0160TITU AUTORSKOG I SRODNIH PRAVA<\/strong><\/p>\n<p>Inspekcija za za\u0161titu autorskog i srodnih prava deluje u okviru Odseka za inspekcijski nadzor Pokrajinskog sekretarijata za privredu i turizam i nadle\u017eni je organ za nadzor nad primenom zakona i propisa iz oblasti za\u0161tite autorskog i srodnih prava i intelektualne svojine na teritoriji Autonomne pokrajine Vojvodine.<\/p>\n<p>Inspekcija za za\u0161titu autorskog i srodnih prava \u0161titi originalne ideje autora i njega samog. Autorsko pravo je originalna ideja njegovog autora, a koja je sama po sebi veli\u010dina i nije obavezno potrebno pribaviti sertifikat o originalnosti, ili drugi dokument o tome, a od neke dr\u017eavne institucije, kao \u0161to je Zavod za za\u0161titu intelektualne svojine. To su knji\u017eevna, nau\u010dna i umetni\u010dka dela, bro\u0161ure, ra\u010dunarski programi, industrijski dizajn i dr. Materijalna potvrda o autorstvu je dozvoljena i nekad preporu\u010dljiva, a zbog mogu\u0107e zloupotrebe od strane nekog drugog lica. Srodna prava su prava interpretatora-izvo\u0111a\u010da, kao i prava proizvo\u0111a\u010da materijalnog nosa\u010da elektronskog diska, televizijske emisije, fle\u0161 memorije, fotografije, mape i dr. Srodna prava su, dakle, prava onoga koji izvodi i vr\u0161i deponovanje i distribuciju nosa\u010da originalne ideje.<\/p>\n<p>Inspekcijski nadzor se sprovodi u skladu sa Zakonom o autorskom i srodnim pravima (\u201eSl. glasnik RS\u201c, br. 104\/09), Zakonom o posebnim ovla\u0161\u0107enjima radi za\u0161tite prava intelektualne svojine (\u201eSl. glasnik RS\u201c, br. 46\/06 i 104\/09) i propisima vezanim za njih. Prilikom vr\u0161enja nadzora inspektor se mora pridr\u017eavati propisanih procedura i uputstava datih u Zakonu o inspekcijskom nadzoru (\u201eSl. glasnik RS\u201c, br. 36\/15), Zakonu o op\u0161tem upravnom postupku (\u201eSl. listu SRJ\u201c, br. 33\/97 i 31\/01 i \u201eSl. glasnik RS\u201c, br. 30\/10 i 18\/16), propisima vezanim za njih, preporukama Ministarstva trgovine, turizma i telekomunikacija, Koordinacionog tela \u00a0i drugim propisima primenljivim u konkretnoj situaciji.<\/p>\n<p>Inspekcijski nadzor se sprovodi uz obaveznu najavu i dostavu kontrolnih lista po kojima \u0107e se izvr\u0161iti nadzor i oduzimanje materijalnih dokaza piraterije ukoliko su na\u0111eni, oni se \u010duvaju zakonom odre\u0111eno vreme i nakon isteka tog roka oduzeti primerci uni\u0161tavaju se komisijski. O\u0161te\u0107ena stranka u smislu autorskog prava ima mogu\u0107nost pokretanja sudskog postupka ili vansudskog poravnanja.<\/p>\n<h2><a href=\"https:\/\/spriv.vojvodina.gov.rs\/wp-content\/uploads\/2025\/11\/\u0413\u043e\u0434\u0438\u0448\u045a\u0438-\u043f\u043b\u0430\u043d-\u0440\u0430\u0434\u0430-2025-\u0422\u0430\u043c\u0430\u0440\u0430-\u0413\u0443\u0458\u0430.pdf\" target=\"_blank\" rel=\"noopener\">GODI\u0160NjI PLAN RADA ZA 2025. GODINU\u00a0&#8211; inspektor za za\u0161titu autorskog i srodnih prava 1<\/a><\/h2>\n<h2><a href=\"https:\/\/spriv.vojvodina.gov.rs\/wp-content\/uploads\/2025\/11\/\u0413\u043e\u0434\u0438\u0448\u045a\u0438-\u043f\u043b\u0430\u043d-\u0440\u0430\u0434\u0430-2025-\u041c\u0438\u043b\u0430\u043d-\u041a\u043e\u0432\u0430\u0447\u0435\u0432\u0438\u045b.pdf\" target=\"_blank\" rel=\"noopener\">GODI\u0160NjI PLAN RADA ZA 2025. GODINU &#8211; inspektor za za\u0161titu autorskog i srodnih prava 2<\/a><\/h2>\n<h2><a href=\"https:\/\/spriv.vojvodina.gov.rs\/wp-content\/uploads\/2026\/04\/Godisnji-izvestaj-o-radu-inspektora-za-2025.godinu-Milan-Kovacevic.pdf\" target=\"_blank\" rel=\"noopener\">GODI\u0160NjI IZVE\u0160TAJ ZA 2025. GODINU &#8211; inspektor za za\u0161titu autorskog i srodnih prava 1<\/a><\/h2>\n<h2><a href=\"https:\/\/spriv.vojvodina.gov.rs\/wp-content\/uploads\/2026\/04\/Godisnji-izvestaj-za-2025-godinu-Milenko-Veskovic-potpisano.pdf\" target=\"_blank\" rel=\"noopener\">GODI\u0160NjI IZVE\u0160TAJ ZA 2025. GODINU &#8211; inspektor za za\u0161titu autorskog i srodnih prava 2<\/a><\/h2>\n<h2><a href=\"https:\/\/inspektor.gov.rs\/reports\/1\/39\" target=\"_blank\" rel=\"noopener\">KONTROLNE LISTE<\/a><\/h2>\n<h2><a href=\"https:\/\/inspektor.gov.rs\/\" target=\"_blank\" rel=\"noopener\">KALENDAR DE\u0160AVANjA<\/a><\/h2>\n<h2><a href=\"http:\/\/spriv.vojvodina.gov.rs\/wp-content\/uploads\/2015\/05\/Uputstvo-MinUILS.pdf\" target=\"_blank\" rel=\"noopener\">OBAVE\u0160TENjE O PRIMENI \u010cLANA 9., 103., i 207. ZAKONA O OP\u0160TEM UPRAVNOM POSTUPKU<\/a><\/h2>\n<h2><a href=\"http:\/\/spriv.vojvodina.gov.rs\/wp-content\/uploads\/2015\/05\/Prituzba_na_rad_inspekcije_obrazac.doc\" target=\"_blank\" rel=\"noopener\">PRITU\u017dBA NA RAD INSPEKCIJE<\/a><\/h2>\n<h2><a href=\"http:\/\/spriv.vojvodina.gov.rs\/wp-content\/uploads\/2015\/05\/Predstavka_inspekciji_obrazac.doc\" target=\"_blank\" rel=\"noopener\">PREDSTAVKA INSPEKCIJI<\/a><\/h2>\n<h2><a href=\"https:\/\/inspektor.gov.rs\/\" target=\"_blank\" rel=\"noopener\">NOVOSTI<\/a><\/h2>\n<h2><a href=\"https:\/\/spriv.vojvodina.gov.rs\/wp-content\/uploads\/2025\/11\/Odsek-za-inspekcijski-nadzor-2025.pdf\" target=\"_blank\" rel=\"noopener\">KONTAKT\u00a0<\/a><\/h2>\n<p style=\"text-align: justify;\"><strong>INSPEKCIJA ZA ELEKTRONSKE KOMUNIKACIJE<\/strong><\/p>\n<p style=\"text-align: justify;\">Inspekcija za elektronske komunikacije deluje u okviru Odseka za inspekcijski nadzor Pokrajinskog sekretarijata za privredu i turizam i nadle\u017eni je organ za nadzor nad primenom zakona i propisa iz oblasti elektronskih komunikacija na teritoriji Autonomne pokrajine Vojvodine.<\/p>\n<p>Imaju\u0107i u vidu da delatnost elektronskih komunikacija obuhvata izgradnju ili postavljanje, odr\u017eavanje, kori\u0161\u0107enje i davanje na kori\u0161\u0107enje javnih komunikacionih mre\u017ea i pripadaju\u0107ih sredstava, kao i pru\u017eanje javno dostupnih elektronskih komunikacionih usluga, mo\u017ee se ste\u0107i slika o obimu posla koji se stavlja pred inspekciju u ovoj oblasti.<\/p>\n<p>Inspekcijski nadzor se sprovodi u skladu sa Zakonom o elektronskim komunikacijama (\u201eSl. glasnik RS\u201c, br. 44\/10 i 62\/14) i propisima vezanim za njega. Prilikom vr\u0161enja nadzora inspektor se mora pridr\u017eavati propisanih procedura i uputstava datih u Zakonu o inspekcijskom nadzoru (\u201eSl. glasnik RS\u201c, br. 36\/15), Zakonu o op\u0161tem upravnom postupku (\u201eSl. listu SRJ\u201c, br. 33\/97 i 31\/01 i \u201eSl. glasnik RS\u201c, br. 30\/10 i 18\/16), propisima vezanim za njih, preporukama Ministarstva trgovine, turizma i telekomunikacija, Koordinacionog tela \u00a0i drugim propisima primenljivim u konkretnoj situaciji.<\/p>\n<p>Inspekcijski nadzor se sprovodi uz obaveznu najavu i dostavu kontrolnih lista po kojima \u0107e se izvr\u0161iti nadzor, osim u slu\u010daju neregistrovanog i sa njim izjedna\u010denog privrednog subjekta. Kori\u0161\u0107enje javno ogla\u0161enih kontrolnih lista je obavezno i one su sastavni deo zapisnika\/re\u0161enja.<\/p>\n<h2><a href=\"https:\/\/spriv.vojvodina.gov.rs\/wp-content\/uploads\/2025\/11\/29.11.2024.-Godisnji-plan-rada-za-2025.-godinu.pdf\" target=\"_blank\" rel=\"noopener\">GODI\u0160NjI PLAN RADA ZA 2025. GODINU<\/a><\/h2>\n<h2><a href=\"https:\/\/spriv.vojvodina.gov.rs\/wp-content\/uploads\/2026\/04\/Godisnji-izvestaj-za-2025.-godinu.pdf\" target=\"_blank\" rel=\"noopener\">GODI\u0160NjI IZVE\u0160TAJ ZA 2025. GODINU<\/a><\/h2>\n<h2><a href=\"https:\/\/inspektor.gov.rs\/reports\/1\/37\" target=\"_blank\" rel=\"noopener\">KONTROLNE LISTE<\/a><\/h2>\n<h2><a href=\"https:\/\/inspektor.gov.rs\/\" target=\"_blank\" rel=\"noopener\">KALENDAR DE\u0160AVANjA<\/a><\/h2>\n<h2><a href=\"http:\/\/spriv.vojvodina.gov.rs\/wp-content\/uploads\/2015\/05\/Uputstvo-MinUILS.pdf\" target=\"_blank\" rel=\"noopener\">OBAVE\u0160TENjE O PRIMENI \u010cLANA 9., 103., i 207. ZAKONA O OP\u0160TEM UPRAVNOM POSTUPKU<\/a><\/h2>\n<h2><a href=\"http:\/\/spriv.vojvodina.gov.rs\/wp-content\/uploads\/2015\/05\/Prituzba_na_rad_inspekcije_obrazac.doc\" target=\"_blank\" rel=\"noopener\">PRITU\u017dBA NA RAD INSPEKCIJE<\/a><\/h2>\n<h2><a href=\"http:\/\/spriv.vojvodina.gov.rs\/wp-content\/uploads\/2015\/05\/Predstavka_inspekciji_obrazac.doc\" target=\"_blank\" rel=\"noopener\">PREDSTAVKA INSPEKCIJI<\/a><\/h2>\n<h2><a href=\"https:\/\/inspektor.gov.rs\/\" target=\"_blank\" rel=\"noopener\">NOVOSTI<\/a><\/h2>\n<h2><a href=\"https:\/\/spriv.vojvodina.gov.rs\/wp-content\/uploads\/2025\/11\/Odsek-za-inspekcijski-nadzor-2025.pdf\" target=\"_blank\" rel=\"noopener\">KONTAKT\u00a0<\/a><\/h2>\n<p><\/p>","protected":false},"excerpt":{"rendered":"U Odseku za inspekcijski nadzor obavljaju se poslovi inspekcijskog nadzora na teritoriji Pokrajine preko inspekcijskih organa u skladu sa zakonom u oblasti za\u0161tite \n<a class=\"moretag\" href=\"https:\/\/spriv.vojvodina.gov.rs\/rs\/szpz\/\"> [...]<\/a>","protected":false},"author":2,"featured_media":0,"parent":0,"menu_order":24,"comment_status":"closed","ping_status":"closed","template":"","meta":{"footnotes":""},"class_list":["post-97","page","type-page","status-publish","hentry"],"yoast_head":"<!-- This site is optimized with the Yoast SEO plugin v27.4 - https:\/\/yoast.com\/product\/yoast-seo-wordpress\/ -->\n<title>Odsek za inspekcijski nadzor - \u041f\u043e\u043a\u0440\u0430\u0458\u0438\u043d\u0441\u043a\u0438 \u0441\u0435\u043a\u0440\u0435\u0442\u0430\u0440\u0438\u0458\u0430\u0442 \u0437\u0430 \u043f\u0440\u0438\u0432\u0440\u0435\u0434\u0443 \u0438 \u0442\u0443\u0440\u0438\u0437\u0430\u043c<\/title>\n<meta name=\"robots\" content=\"index, follow, max-snippet:-1, max-image-preview:large, max-video-preview:-1\" \/>\n<link rel=\"canonical\" href=\"https:\/\/spriv.vojvodina.gov.rs\/rs\/szpz\/\" \/>\n<meta property=\"og:locale\" content=\"sr_RS\" \/>\n<meta property=\"og:type\" content=\"article\" \/>\n<meta property=\"og:title\" content=\"Odsek za inspekcijski nadzor - \u041f\u043e\u043a\u0440\u0430\u0458\u0438\u043d\u0441\u043a\u0438 \u0441\u0435\u043a\u0440\u0435\u0442\u0430\u0440\u0438\u0458\u0430\u0442 \u0437\u0430 \u043f\u0440\u0438\u0432\u0440\u0435\u0434\u0443 \u0438 \u0442\u0443\u0440\u0438\u0437\u0430\u043c\" \/>\n<meta property=\"og:description\" content=\"U Odseku za inspekcijski nadzor obavljaju se poslovi inspekcijskog nadzora na teritoriji Pokrajine preko inspekcijskih organa u skladu sa zakonom u oblasti za\u0161tite\" \/>\n<meta property=\"og:url\" content=\"https:\/\/spriv.vojvodina.gov.rs\/szpz\/\" \/>\n<meta property=\"og:site_name\" content=\"\u041f\u043e\u043a\u0440\u0430\u0458\u0438\u043d\u0441\u043a\u0438 \u0441\u0435\u043a\u0440\u0435\u0442\u0430\u0440\u0438\u0458\u0430\u0442 \u0437\u0430 \u043f\u0440\u0438\u0432\u0440\u0435\u0434\u0443 \u0438 \u0442\u0443\u0440\u0438\u0437\u0430\u043c\" \/>\n<meta property=\"article:modified_time\" content=\"2026-04-03T08:26:59+00:00\" \/>\n<meta name=\"twitter:card\" content=\"summary_large_image\" \/>\n<meta name=\"twitter:label1\" content=\"\u041f\u0440\u043e\u0446\u0435\u045a\u0435\u043d\u043e \u0432\u0440\u0435\u043c\u0435 \u0447\u0438\u0442\u0430\u045a\u0430\" \/>\n\t<meta name=\"twitter:data1\" content=\"5 \u043c\u0438\u043d\u0443\u0442\u0430\" \/>\n<script type=\"application\/ld+json\" class=\"yoast-schema-graph\">{\"@context\":\"https:\\\/\\\/schema.org\",\"@graph\":[{\"@type\":\"WebPage\",\"@id\":\"https:\\\/\\\/spriv.vojvodina.gov.rs\\\/szpz\\\/\",\"url\":\"https:\\\/\\\/spriv.vojvodina.gov.rs\\\/szpz\\\/\",\"name\":\"Odsek za inspekcijski nadzor - \u041f\u043e\u043a\u0440\u0430\u0458\u0438\u043d\u0441\u043a\u0438 \u0441\u0435\u043a\u0440\u0435\u0442\u0430\u0440\u0438\u0458\u0430\u0442 \u0437\u0430 \u043f\u0440\u0438\u0432\u0440\u0435\u0434\u0443 \u0438 \u0442\u0443\u0440\u0438\u0437\u0430\u043c\",\"isPartOf\":{\"@id\":\"https:\\\/\\\/spriv.vojvodina.gov.rs\\\/#website\"},\"datePublished\":\"2015-05-25T08:13:38+00:00\",\"dateModified\":\"2026-04-03T08:26:59+00:00\",\"breadcrumb\":{\"@id\":\"https:\\\/\\\/spriv.vojvodina.gov.rs\\\/szpz\\\/#breadcrumb\"},\"inLanguage\":\"sr-RS\",\"potentialAction\":[{\"@type\":\"ReadAction\",\"target\":[\"https:\\\/\\\/spriv.vojvodina.gov.rs\\\/szpz\\\/\"]}]},{\"@type\":\"BreadcrumbList\",\"@id\":\"https:\\\/\\\/spriv.vojvodina.gov.rs\\\/szpz\\\/#breadcrumb\",\"itemListElement\":[{\"@type\":\"ListItem\",\"position\":1,\"name\":\"Home\",\"item\":\"https:\\\/\\\/spriv.vojvodina.gov.rs\\\/\"},{\"@type\":\"ListItem\",\"position\":2,\"name\":\"\u041e\u0434\u0441\u0435\u043a \u0437\u0430 \u0438\u043d\u0441\u043f\u0435\u043a\u0446\u0438\u0458\u0441\u043a\u0438 \u043d\u0430\u0434\u0437\u043e\u0440\"}]},{\"@type\":\"WebSite\",\"@id\":\"https:\\\/\\\/spriv.vojvodina.gov.rs\\\/#website\",\"url\":\"https:\\\/\\\/spriv.vojvodina.gov.rs\\\/\",\"name\":\"\u041f\u043e\u043a\u0440\u0430\u0458\u0438\u043d\u0441\u043a\u0438 \u0441\u0435\u043a\u0440\u0435\u0442\u0430\u0440\u0438\u0458\u0430\u0442 \u0437\u0430 \u043f\u0440\u0438\u0432\u0440\u0435\u0434\u0443 \u0438 \u0442\u0443\u0440\u0438\u0437\u0430\u043c\",\"description\":\"\u041f\u043e\u043a\u0440\u0430\u0458\u0438\u043d\u0441\u043a\u0438 \u0441\u0435\u043a\u0440\u0435\u0442\u0430\u0440\u0438\u0458\u0430\u0442 \u0437\u0430 \u043f\u0440\u0438\u0432\u0440\u0435\u0434\u0443 \u0438 \u0442\u0443\u0440\u0438\u0437\u0430\u043c\",\"potentialAction\":[{\"@type\":\"SearchAction\",\"target\":{\"@type\":\"EntryPoint\",\"urlTemplate\":\"https:\\\/\\\/spriv.vojvodina.gov.rs\\\/?s={search_term_string}\"},\"query-input\":{\"@type\":\"PropertyValueSpecification\",\"valueRequired\":true,\"valueName\":\"search_term_string\"}}],\"inLanguage\":\"sr-RS\"}]}<\/script>\n<!-- \/ Yoast SEO plugin. -->","yoast_head_json":{"title":"Odsek za inspekcijski nadzor - \u041f\u043e\u043a\u0440\u0430\u0458\u0438\u043d\u0441\u043a\u0438 \u0441\u0435\u043a\u0440\u0435\u0442\u0430\u0440\u0438\u0458\u0430\u0442 \u0437\u0430 \u043f\u0440\u0438\u0432\u0440\u0435\u0434\u0443 \u0438 \u0442\u0443\u0440\u0438\u0437\u0430\u043c","robots":{"index":"index","follow":"follow","max-snippet":"max-snippet:-1","max-image-preview":"max-image-preview:large","max-video-preview":"max-video-preview:-1"},"canonical":"https:\/\/spriv.vojvodina.gov.rs\/rs\/szpz\/","og_locale":"sr_RS","og_type":"article","og_title":"Odsek za inspekcijski nadzor - \u041f\u043e\u043a\u0440\u0430\u0458\u0438\u043d\u0441\u043a\u0438 \u0441\u0435\u043a\u0440\u0435\u0442\u0430\u0440\u0438\u0458\u0430\u0442 \u0437\u0430 \u043f\u0440\u0438\u0432\u0440\u0435\u0434\u0443 \u0438 \u0442\u0443\u0440\u0438\u0437\u0430\u043c","og_description":"U Odseku za inspekcijski nadzor obavljaju se poslovi inspekcijskog nadzora na teritoriji Pokrajine preko inspekcijskih organa u skladu sa zakonom u oblasti za\u0161tite","og_url":"https:\/\/spriv.vojvodina.gov.rs\/szpz\/","og_site_name":"\u041f\u043e\u043a\u0440\u0430\u0458\u0438\u043d\u0441\u043a\u0438 \u0441\u0435\u043a\u0440\u0435\u0442\u0430\u0440\u0438\u0458\u0430\u0442 \u0437\u0430 \u043f\u0440\u0438\u0432\u0440\u0435\u0434\u0443 \u0438 \u0442\u0443\u0440\u0438\u0437\u0430\u043c","article_modified_time":"2026-04-03T08:26:59+00:00","twitter_card":"summary_large_image","twitter_misc":{"\u041f\u0440\u043e\u0446\u0435\u045a\u0435\u043d\u043e \u0432\u0440\u0435\u043c\u0435 \u0447\u0438\u0442\u0430\u045a\u0430":"5 \u043c\u0438\u043d\u0443\u0442\u0430"},"schema":{"@context":"https:\/\/schema.org","@graph":[{"@type":"WebPage","@id":"https:\/\/spriv.vojvodina.gov.rs\/szpz\/","url":"https:\/\/spriv.vojvodina.gov.rs\/szpz\/","name":"Odsek za inspekcijski nadzor - \u041f\u043e\u043a\u0440\u0430\u0458\u0438\u043d\u0441\u043a\u0438 \u0441\u0435\u043a\u0440\u0435\u0442\u0430\u0440\u0438\u0458\u0430\u0442 \u0437\u0430 \u043f\u0440\u0438\u0432\u0440\u0435\u0434\u0443 \u0438 \u0442\u0443\u0440\u0438\u0437\u0430\u043c","isPartOf":{"@id":"https:\/\/spriv.vojvodina.gov.rs\/#website"},"datePublished":"2015-05-25T08:13:38+00:00","dateModified":"2026-04-03T08:26:59+00:00","breadcrumb":{"@id":"https:\/\/spriv.vojvodina.gov.rs\/szpz\/#breadcrumb"},"inLanguage":"sr-RS","potentialAction":[{"@type":"ReadAction","target":["https:\/\/spriv.vojvodina.gov.rs\/szpz\/"]}]},{"@type":"BreadcrumbList","@id":"https:\/\/spriv.vojvodina.gov.rs\/szpz\/#breadcrumb","itemListElement":[{"@type":"ListItem","position":1,"name":"Home","item":"https:\/\/spriv.vojvodina.gov.rs\/"},{"@type":"ListItem","position":2,"name":"\u041e\u0434\u0441\u0435\u043a \u0437\u0430 \u0438\u043d\u0441\u043f\u0435\u043a\u0446\u0438\u0458\u0441\u043a\u0438 \u043d\u0430\u0434\u0437\u043e\u0440"}]},{"@type":"WebSite","@id":"https:\/\/spriv.vojvodina.gov.rs\/#website","url":"https:\/\/spriv.vojvodina.gov.rs\/","name":"\u041f\u043e\u043a\u0440\u0430\u0458\u0438\u043d\u0441\u043a\u0438 \u0441\u0435\u043a\u0440\u0435\u0442\u0430\u0440\u0438\u0458\u0430\u0442 \u0437\u0430 \u043f\u0440\u0438\u0432\u0440\u0435\u0434\u0443 \u0438 \u0442\u0443\u0440\u0438\u0437\u0430\u043c","description":"\u041f\u043e\u043a\u0440\u0430\u0458\u0438\u043d\u0441\u043a\u0438 \u0441\u0435\u043a\u0440\u0435\u0442\u0430\u0440\u0438\u0458\u0430\u0442 \u0437\u0430 \u043f\u0440\u0438\u0432\u0440\u0435\u0434\u0443 \u0438 \u0442\u0443\u0440\u0438\u0437\u0430\u043c","potentialAction":[{"@type":"SearchAction","target":{"@type":"EntryPoint","urlTemplate":"https:\/\/spriv.vojvodina.gov.rs\/?s={search_term_string}"},"query-input":{"@type":"PropertyValueSpecification","valueRequired":true,"valueName":"search_term_string"}}],"inLanguage":"sr-RS"}]}},"_links":{"self":[{"href":"https:\/\/spriv.vojvodina.gov.rs\/rs\/wp-json\/wp\/v2\/pages\/97","targetHints":{"allow":["GET"]}}],"collection":[{"href":"https:\/\/spriv.vojvodina.gov.rs\/rs\/wp-json\/wp\/v2\/pages"}],"about":[{"href":"https:\/\/spriv.vojvodina.gov.rs\/rs\/wp-json\/wp\/v2\/types\/page"}],"author":[{"embeddable":true,"href":"https:\/\/spriv.vojvodina.gov.rs\/rs\/wp-json\/wp\/v2\/users\/2"}],"replies":[{"embeddable":true,"href":"https:\/\/spriv.vojvodina.gov.rs\/rs\/wp-json\/wp\/v2\/comments?post=97"}],"version-history":[{"count":24,"href":"https:\/\/spriv.vojvodina.gov.rs\/rs\/wp-json\/wp\/v2\/pages\/97\/revisions"}],"predecessor-version":[{"id":18462,"href":"https:\/\/spriv.vojvodina.gov.rs\/rs\/wp-json\/wp\/v2\/pages\/97\/revisions\/18462"}],"wp:attachment":[{"href":"https:\/\/spriv.vojvodina.gov.rs\/rs\/wp-json\/wp\/v2\/media?parent=97"}],"curies":[{"name":"wp","href":"https:\/\/api.w.org\/{rel}","templated":true}]}}