{"id":88,"date":"2015-05-25T08:10:07","date_gmt":"2015-05-25T08:10:07","guid":{"rendered":"http:\/\/spriv.vojvodina.gov.rs\/2015\/05\/25\/supr\/"},"modified":"2021-11-22T19:51:25","modified_gmt":"2021-11-22T19:51:25","slug":"supr","status":"publish","type":"page","link":"https:\/\/spriv.vojvodina.gov.rs\/rs\/supr\/","title":{"rendered":"Sektor za turizam i regionalno-privrednu saradnju"},"content":{"rendered":"<p><\/p>\n<p style=\"text-align: justify;\">U <strong>Sektoru za turizam i regionalno-privrednu saradnju<\/strong> obrazovana je jedna u\u017ea unutra\u0161nja jedinica \u2013 odeljenje: Odeljenje za turizam i regionalno-privrednu saradnju.<\/p>\n<p style=\"text-align: justify;\">U <strong>Odeljenju za turizam i regionalno-privrednu saradnju<\/strong> obavljaju se poslovi koji se odnose na pripremu i realizaciju razvojnih planova i programa turizma; izradu i implementaciju projekata; predloga odluka, predloga re\u0161enja, informacija, izve\u0161taja i drugih akata koje usvaja Pokrajinska vlada i Skup\u0161tina; predlaganje akta u vezi planiranja i razvoja turizma na teriotriji Pokrajine u skladu sa Strategijom razvoja turizma Republike Srbije; predlaganje Strategiju razvoja turizma AP Vojvodine u skladu sa Strategijom razvoja turizma Republike Srbije, kao i programa za njeno sprovo\u0111enje; predlaganje Vladi Republike Srbije akta o progla\u0161enju turisti\u010dkog prostora na teritoriji Pokrajine; predlaganje \u010dlana Komisije za kategorizaciju turisti\u010dkih mesta; osnivanje i vr\u0161enje osniva\u010dka prava Turisti\u010dke organizacije AP Vojvodine i drugih organizacija za unapre\u0111enje i razvoj turizma; pra\u0107enje i izra\u0111ivanje propisa koji reguli\u0161u turisti\u010dku i ugostiteljsku delatnost; analiziranje kretanja i pojava na turisti\u010dkom tr\u017ei\u0161tu; pra\u0107enje rezultata ostvarenog doma\u0107eg i inostranog turisti\u010dkog prometa i deviznog prihoda od turizma; vr\u0161enje unapre\u0111ivanja turisti\u010dke propagande i turisti\u010dkog proizvoda; obavljanje slo\u017eenih studisko-analiti\u010dkih poslova koji se odnose na pripremu programa turisti\u010dkih podru\u010dja orjentisanih ka receptivnom i rekreativnom turizmu; ostvarivanje sradnje sa ostalim sektorima u Sekretarijatu, republi\u010dkim i pokrajinskim organima, Turisti\u010dkom organizacijom Vojvodine; predlaganje akata kojima se ure\u0111uje kori\u0161\u0107enje mineralnih i termalnih voda, balneolo\u0161kih i klimatskih resursa; predlaganje akata za osnivanje banja i le\u010dili\u0161ta na teritoriji Pokrajine u skladu sa Strategijom razvoja turizma Republike Srbije; organizovanje polaganja stru\u010dnog ispita za lokalnog turisti\u010dkog vodi\u010da i turisti\u010dkih pratioca za podru\u010dje Pokrajine; kategorizaciju ugostiteljskih objekata; poslovi u oblasti ostvarivanja i unapre\u0111enja razvoja sa zemljama u okru\u017eenju i sa drugim evropskim regionima; pra\u0107enja i analiziranja stanja spoljno-trgovinske razmene sa ovim zemljama i predlaganja mera za unapre\u0111enje i podsticanje regionalno-privredne saradnje sa navedenim zemljama; pra\u0107enje realizacije privrednih projekata koji se sprovode u okviru potpisanih sporazuma o regionalnoj saradnji; izra\u0111ivanja dokumenta, protokola i memoranduma koji se odnose na privrednu saradnju Pokrajine i navedene regione; saradnje sa razvojnim agencijama; pra\u0107enja regulative iz oblasti ekonomskih odnosa sa inostranstvom; iniciranja izmene propisa; pripremanja predloga odluka za Pokrajinsku vladu i Skup\u0161tinu;, republi\u010dkim i pokrajinskim organima; organizovanje sajamskih i privrednih manifestacija, promocija i nastupa Sekretarijata i vojvo\u0111anske privrede na sajamskim i privrednim manifestacijama u zemlji i inostanstvu; vr\u0161enje realizacije aktivnosti u delu subvencionisanja malih i srednjih preduze\u0107a i turisti\u010dkih organizacija za nastupe na sajmovima; organizovnja edukativnih seminara; ostvarivanje saradnje sa privrednim dru\u0161tvima i sajamskim centrima; predlaganje akata u skladu sa zakonom za ure\u0111enje sajmova i drugih privrednih manifestacija od pokrajinskog zna\u010daja; predlaganje akata za osnvianje, kategorizaciju i na\u010din rada sajamskih centara; predlaganje mre\u017ee sajamskih i drugih privrednih manifestacija na teritoriji Pokrajine; izra\u0111ivanje stru\u010dnih analiza, izve\u0161taja i informacija vezanih za saradnju sa drugim zemljama i drugi poslovi po nalogu Sekretara i neposrednih rukovodilaca.<\/p>\n<p><\/p>","protected":false},"excerpt":{"rendered":"U Sektoru za turizam i regionalno-privrednu saradnju obrazovana je jedna u\u017ea unutra\u0161nja jedinica \u2013 odeljenje: Odeljenje za turizam i regionalno-privrednu saradnju. U Odeljenju \n<a class=\"moretag\" href=\"https:\/\/spriv.vojvodina.gov.rs\/rs\/supr\/\"> [...]<\/a>","protected":false},"author":2,"featured_media":0,"parent":0,"menu_order":25,"comment_status":"closed","ping_status":"closed","template":"","meta":{"footnotes":""},"class_list":["post-88","page","type-page","status-publish","hentry"],"yoast_head":"<!-- This site is optimized with the Yoast SEO plugin v27.3 - https:\/\/yoast.com\/product\/yoast-seo-wordpress\/ -->\n<title>Sektor za turizam i regionalno-privrednu saradnju - \u041f\u043e\u043a\u0440\u0430\u0458\u0438\u043d\u0441\u043a\u0438 \u0441\u0435\u043a\u0440\u0435\u0442\u0430\u0440\u0438\u0458\u0430\u0442 \u0437\u0430 \u043f\u0440\u0438\u0432\u0440\u0435\u0434\u0443 \u0438 \u0442\u0443\u0440\u0438\u0437\u0430\u043c<\/title>\n<meta name=\"robots\" content=\"index, follow, max-snippet:-1, max-image-preview:large, max-video-preview:-1\" \/>\n<link rel=\"canonical\" href=\"https:\/\/spriv.vojvodina.gov.rs\/rs\/supr\/\" \/>\n<meta property=\"og:locale\" content=\"sr_RS\" \/>\n<meta property=\"og:type\" content=\"article\" \/>\n<meta property=\"og:title\" content=\"Sektor za turizam i regionalno-privrednu saradnju - \u041f\u043e\u043a\u0440\u0430\u0458\u0438\u043d\u0441\u043a\u0438 \u0441\u0435\u043a\u0440\u0435\u0442\u0430\u0440\u0438\u0458\u0430\u0442 \u0437\u0430 \u043f\u0440\u0438\u0432\u0440\u0435\u0434\u0443 \u0438 \u0442\u0443\u0440\u0438\u0437\u0430\u043c\" \/>\n<meta property=\"og:description\" content=\"U Sektoru za turizam i regionalno-privrednu saradnju obrazovana je jedna u\u017ea unutra\u0161nja jedinica \u2013 odeljenje: Odeljenje za turizam i regionalno-privrednu saradnju. U Odeljenju\" \/>\n<meta property=\"og:url\" content=\"https:\/\/spriv.vojvodina.gov.rs\/supr\/\" \/>\n<meta property=\"og:site_name\" content=\"\u041f\u043e\u043a\u0440\u0430\u0458\u0438\u043d\u0441\u043a\u0438 \u0441\u0435\u043a\u0440\u0435\u0442\u0430\u0440\u0438\u0458\u0430\u0442 \u0437\u0430 \u043f\u0440\u0438\u0432\u0440\u0435\u0434\u0443 \u0438 \u0442\u0443\u0440\u0438\u0437\u0430\u043c\" \/>\n<meta property=\"article:modified_time\" content=\"2021-11-22T19:51:25+00:00\" \/>\n<meta name=\"twitter:card\" content=\"summary_large_image\" \/>\n<meta name=\"twitter:label1\" content=\"\u041f\u0440\u043e\u0446\u0435\u045a\u0435\u043d\u043e \u0432\u0440\u0435\u043c\u0435 \u0447\u0438\u0442\u0430\u045a\u0430\" \/>\n\t<meta name=\"twitter:data1\" content=\"3 \u043c\u0438\u043d\u0443\u0442\u0430\" \/>\n<script type=\"application\/ld+json\" class=\"yoast-schema-graph\">{\"@context\":\"https:\\\/\\\/schema.org\",\"@graph\":[{\"@type\":\"WebPage\",\"@id\":\"https:\\\/\\\/spriv.vojvodina.gov.rs\\\/supr\\\/\",\"url\":\"https:\\\/\\\/spriv.vojvodina.gov.rs\\\/supr\\\/\",\"name\":\"Sektor za turizam i regionalno-privrednu saradnju - \u041f\u043e\u043a\u0440\u0430\u0458\u0438\u043d\u0441\u043a\u0438 \u0441\u0435\u043a\u0440\u0435\u0442\u0430\u0440\u0438\u0458\u0430\u0442 \u0437\u0430 \u043f\u0440\u0438\u0432\u0440\u0435\u0434\u0443 \u0438 \u0442\u0443\u0440\u0438\u0437\u0430\u043c\",\"isPartOf\":{\"@id\":\"https:\\\/\\\/spriv.vojvodina.gov.rs\\\/#website\"},\"datePublished\":\"2015-05-25T08:10:07+00:00\",\"dateModified\":\"2021-11-22T19:51:25+00:00\",\"breadcrumb\":{\"@id\":\"https:\\\/\\\/spriv.vojvodina.gov.rs\\\/supr\\\/#breadcrumb\"},\"inLanguage\":\"sr-RS\",\"potentialAction\":[{\"@type\":\"ReadAction\",\"target\":[\"https:\\\/\\\/spriv.vojvodina.gov.rs\\\/supr\\\/\"]}]},{\"@type\":\"BreadcrumbList\",\"@id\":\"https:\\\/\\\/spriv.vojvodina.gov.rs\\\/supr\\\/#breadcrumb\",\"itemListElement\":[{\"@type\":\"ListItem\",\"position\":1,\"name\":\"Home\",\"item\":\"https:\\\/\\\/spriv.vojvodina.gov.rs\\\/\"},{\"@type\":\"ListItem\",\"position\":2,\"name\":\"\u0421\u0435\u043a\u0442\u043e\u0440 \u0437\u0430 \u0442\u0443\u0440\u0438\u0437\u0430\u043c \u0438 \u0440\u0435\u0433\u0438\u043e\u043d\u0430\u043b\u043d\u043e-\u043f\u0440\u0438\u0432\u0440\u0435\u0434\u043d\u0443 \u0441\u0430\u0440\u0430\u0434\u045a\u0443\"}]},{\"@type\":\"WebSite\",\"@id\":\"https:\\\/\\\/spriv.vojvodina.gov.rs\\\/#website\",\"url\":\"https:\\\/\\\/spriv.vojvodina.gov.rs\\\/\",\"name\":\"\u041f\u043e\u043a\u0440\u0430\u0458\u0438\u043d\u0441\u043a\u0438 \u0441\u0435\u043a\u0440\u0435\u0442\u0430\u0440\u0438\u0458\u0430\u0442 \u0437\u0430 \u043f\u0440\u0438\u0432\u0440\u0435\u0434\u0443 \u0438 \u0442\u0443\u0440\u0438\u0437\u0430\u043c\",\"description\":\"\u041f\u043e\u043a\u0440\u0430\u0458\u0438\u043d\u0441\u043a\u0438 \u0441\u0435\u043a\u0440\u0435\u0442\u0430\u0440\u0438\u0458\u0430\u0442 \u0437\u0430 \u043f\u0440\u0438\u0432\u0440\u0435\u0434\u0443 \u0438 \u0442\u0443\u0440\u0438\u0437\u0430\u043c\",\"potentialAction\":[{\"@type\":\"SearchAction\",\"target\":{\"@type\":\"EntryPoint\",\"urlTemplate\":\"https:\\\/\\\/spriv.vojvodina.gov.rs\\\/?s={search_term_string}\"},\"query-input\":{\"@type\":\"PropertyValueSpecification\",\"valueRequired\":true,\"valueName\":\"search_term_string\"}}],\"inLanguage\":\"sr-RS\"}]}<\/script>\n<!-- \/ Yoast SEO plugin. -->","yoast_head_json":{"title":"Sektor za turizam i regionalno-privrednu saradnju - \u041f\u043e\u043a\u0440\u0430\u0458\u0438\u043d\u0441\u043a\u0438 \u0441\u0435\u043a\u0440\u0435\u0442\u0430\u0440\u0438\u0458\u0430\u0442 \u0437\u0430 \u043f\u0440\u0438\u0432\u0440\u0435\u0434\u0443 \u0438 \u0442\u0443\u0440\u0438\u0437\u0430\u043c","robots":{"index":"index","follow":"follow","max-snippet":"max-snippet:-1","max-image-preview":"max-image-preview:large","max-video-preview":"max-video-preview:-1"},"canonical":"https:\/\/spriv.vojvodina.gov.rs\/rs\/supr\/","og_locale":"sr_RS","og_type":"article","og_title":"Sektor za turizam i regionalno-privrednu saradnju - \u041f\u043e\u043a\u0440\u0430\u0458\u0438\u043d\u0441\u043a\u0438 \u0441\u0435\u043a\u0440\u0435\u0442\u0430\u0440\u0438\u0458\u0430\u0442 \u0437\u0430 \u043f\u0440\u0438\u0432\u0440\u0435\u0434\u0443 \u0438 \u0442\u0443\u0440\u0438\u0437\u0430\u043c","og_description":"U Sektoru za turizam i regionalno-privrednu saradnju obrazovana je jedna u\u017ea unutra\u0161nja jedinica \u2013 odeljenje: Odeljenje za turizam i regionalno-privrednu saradnju. U Odeljenju","og_url":"https:\/\/spriv.vojvodina.gov.rs\/supr\/","og_site_name":"\u041f\u043e\u043a\u0440\u0430\u0458\u0438\u043d\u0441\u043a\u0438 \u0441\u0435\u043a\u0440\u0435\u0442\u0430\u0440\u0438\u0458\u0430\u0442 \u0437\u0430 \u043f\u0440\u0438\u0432\u0440\u0435\u0434\u0443 \u0438 \u0442\u0443\u0440\u0438\u0437\u0430\u043c","article_modified_time":"2021-11-22T19:51:25+00:00","twitter_card":"summary_large_image","twitter_misc":{"\u041f\u0440\u043e\u0446\u0435\u045a\u0435\u043d\u043e \u0432\u0440\u0435\u043c\u0435 \u0447\u0438\u0442\u0430\u045a\u0430":"3 \u043c\u0438\u043d\u0443\u0442\u0430"},"schema":{"@context":"https:\/\/schema.org","@graph":[{"@type":"WebPage","@id":"https:\/\/spriv.vojvodina.gov.rs\/supr\/","url":"https:\/\/spriv.vojvodina.gov.rs\/supr\/","name":"Sektor za turizam i regionalno-privrednu saradnju - \u041f\u043e\u043a\u0440\u0430\u0458\u0438\u043d\u0441\u043a\u0438 \u0441\u0435\u043a\u0440\u0435\u0442\u0430\u0440\u0438\u0458\u0430\u0442 \u0437\u0430 \u043f\u0440\u0438\u0432\u0440\u0435\u0434\u0443 \u0438 \u0442\u0443\u0440\u0438\u0437\u0430\u043c","isPartOf":{"@id":"https:\/\/spriv.vojvodina.gov.rs\/#website"},"datePublished":"2015-05-25T08:10:07+00:00","dateModified":"2021-11-22T19:51:25+00:00","breadcrumb":{"@id":"https:\/\/spriv.vojvodina.gov.rs\/supr\/#breadcrumb"},"inLanguage":"sr-RS","potentialAction":[{"@type":"ReadAction","target":["https:\/\/spriv.vojvodina.gov.rs\/supr\/"]}]},{"@type":"BreadcrumbList","@id":"https:\/\/spriv.vojvodina.gov.rs\/supr\/#breadcrumb","itemListElement":[{"@type":"ListItem","position":1,"name":"Home","item":"https:\/\/spriv.vojvodina.gov.rs\/"},{"@type":"ListItem","position":2,"name":"\u0421\u0435\u043a\u0442\u043e\u0440 \u0437\u0430 \u0442\u0443\u0440\u0438\u0437\u0430\u043c \u0438 \u0440\u0435\u0433\u0438\u043e\u043d\u0430\u043b\u043d\u043e-\u043f\u0440\u0438\u0432\u0440\u0435\u0434\u043d\u0443 \u0441\u0430\u0440\u0430\u0434\u045a\u0443"}]},{"@type":"WebSite","@id":"https:\/\/spriv.vojvodina.gov.rs\/#website","url":"https:\/\/spriv.vojvodina.gov.rs\/","name":"\u041f\u043e\u043a\u0440\u0430\u0458\u0438\u043d\u0441\u043a\u0438 \u0441\u0435\u043a\u0440\u0435\u0442\u0430\u0440\u0438\u0458\u0430\u0442 \u0437\u0430 \u043f\u0440\u0438\u0432\u0440\u0435\u0434\u0443 \u0438 \u0442\u0443\u0440\u0438\u0437\u0430\u043c","description":"\u041f\u043e\u043a\u0440\u0430\u0458\u0438\u043d\u0441\u043a\u0438 \u0441\u0435\u043a\u0440\u0435\u0442\u0430\u0440\u0438\u0458\u0430\u0442 \u0437\u0430 \u043f\u0440\u0438\u0432\u0440\u0435\u0434\u0443 \u0438 \u0442\u0443\u0440\u0438\u0437\u0430\u043c","potentialAction":[{"@type":"SearchAction","target":{"@type":"EntryPoint","urlTemplate":"https:\/\/spriv.vojvodina.gov.rs\/?s={search_term_string}"},"query-input":{"@type":"PropertyValueSpecification","valueRequired":true,"valueName":"search_term_string"}}],"inLanguage":"sr-RS"}]}},"_links":{"self":[{"href":"https:\/\/spriv.vojvodina.gov.rs\/rs\/wp-json\/wp\/v2\/pages\/88","targetHints":{"allow":["GET"]}}],"collection":[{"href":"https:\/\/spriv.vojvodina.gov.rs\/rs\/wp-json\/wp\/v2\/pages"}],"about":[{"href":"https:\/\/spriv.vojvodina.gov.rs\/rs\/wp-json\/wp\/v2\/types\/page"}],"author":[{"embeddable":true,"href":"https:\/\/spriv.vojvodina.gov.rs\/rs\/wp-json\/wp\/v2\/users\/2"}],"replies":[{"embeddable":true,"href":"https:\/\/spriv.vojvodina.gov.rs\/rs\/wp-json\/wp\/v2\/comments?post=88"}],"version-history":[{"count":2,"href":"https:\/\/spriv.vojvodina.gov.rs\/rs\/wp-json\/wp\/v2\/pages\/88\/revisions"}],"predecessor-version":[{"id":7582,"href":"https:\/\/spriv.vojvodina.gov.rs\/rs\/wp-json\/wp\/v2\/pages\/88\/revisions\/7582"}],"wp:attachment":[{"href":"https:\/\/spriv.vojvodina.gov.rs\/rs\/wp-json\/wp\/v2\/media?parent=88"}],"curies":[{"name":"wp","href":"https:\/\/api.w.org\/{rel}","templated":true}]}}