{"id":87,"date":"2015-05-25T08:05:59","date_gmt":"2015-05-25T08:05:59","guid":{"rendered":"http:\/\/spriv.vojvodina.gov.rs\/2015\/05\/25\/srp\/"},"modified":"2021-11-22T19:50:36","modified_gmt":"2021-11-22T19:50:36","slug":"srp","status":"publish","type":"page","link":"https:\/\/spriv.vojvodina.gov.rs\/rs\/srp\/","title":{"rendered":"Sektor za rad i zapo\u0161ljavanje"},"content":{"rendered":"<p><\/p>\n<p style=\"text-align: justify;\">U <strong>Sektoru za rad i zapo\u0161ljavanje<\/strong> obrazovana je jedna u\u017ea unutra\u0161nja jedinica \u2013 odeljenje: Odeljenje za rad i zapo\u0161ljavanje.<\/p>\n<p style=\"text-align: justify;\">U <strong>Odeljenju za rad i zapo\u0161ljavanje<\/strong> obavljaju se poslovi koji se odnose na pra\u0107enje primene propisa i strate\u0161kih dokumenata iz oblasti zapo\u0161ljavanja, rada, bezbednosti i zdravlja na radu; predlaganje izmena i dopuna propisa iz ovih oblasti za Skup\u0161tinu Autonomne pokrajine Vojvodine (u daljem tekstu: Skup\u0161tina) i Pokrajinsku vladu; pra\u0107enje stanja i kretanja na tr\u017ei\u0161tu rada; sprovo\u0111enja mera aktivne politike zapo\u0161ljavanja u skladu sa zakonom, Akcionim planom i Strategijom zapo\u0161ljavanja Republike kao i pre\u0107enje realizacije mera, realizaciju antidiskriminacione politike u oblasti zapo\u0161ljavanja i rada; pra\u0107enje, podsticanje i kreiranje zapo\u0161ljavanja osoba sa invaliditetom i drugih te\u017ee zapo\u0161ljivih kategorija gra\u0111ana; preduzimanje mera za podsticanje zapo\u0161ljavanja na teritoriji Pokrajine; pra\u0107enje i primena ratifikovanih konvencija i preporuka Me\u0111unarodne organizacije rada i sa\u010dinjavanje izve\u0161taja o njihovoj primeni; saradnju sa me\u0111unarodnim, regionalnim i doma\u0107im organima i organizacijama u oblasti zapo\u0161ljavanja, rada, bezbednosti i zdravlja na radu; pru\u017eanje stru\u010dne i administrativno-tehni\u010dke podr\u0161ke Pokrajinskom savetu za zapo\u0161ljavanje, Pokrajinskom savetu za bezbednost i za\u0161titu na radu i Pokrajinskom socijalno-ekonomskom savetu; obavljanje aktivnosti u cilju razvoja tripartitnog socijalnog dijaloga u Pokrajini; preduzimanje aktivnosti na podizanju kapaciteta socijalnih partnera (sindikata i poslodavaca) za ravnopravno u\u010de\u0161\u0107e u socijalnom dijalogu; iniciranje aktivnosti za harmonizaciju radnog i socijalnog zakonodavstva sa normativno-institucionalnim okvirom i praksom socijalnog dijaloga; podizanje svesti o prednostima i koristi razvijenog socijalnog dijaloga kroz konstantno informisanje javnosti o akterima, sadr\u017eajima i instrumentima socijalnog dijaloga; saradnja sa sindikalnim organizacijama, organizacijama poslodavaca i nevladinim organizacijama; u\u010destvovanje u re\u0161avanju pitanja od zna\u010daja za ostvarivanje ekonomskih sloboda i prava zaposlenih, materijalnog i socijalnog polo\u017eaja poslodavaca i zaposlenih; razvoja kulture pregovaranja i podsticanja mirnog re\u0161avanja kolektivnih radnih sporova; saradnja sa Pokrajinskim javnim pravobranila\u0161tvom Vojvodine i obavljanje ostalih poslova po nalogu sekretara i neposrednih rukovodilaca.<\/p>\n<p><\/p>","protected":false},"excerpt":{"rendered":"U Sektoru za rad i zapo\u0161ljavanje obrazovana je jedna u\u017ea unutra\u0161nja jedinica \u2013 odeljenje: Odeljenje za rad i zapo\u0161ljavanje. U Odeljenju za rad \n<a class=\"moretag\" href=\"https:\/\/spriv.vojvodina.gov.rs\/rs\/srp\/\"> [...]<\/a>","protected":false},"author":2,"featured_media":0,"parent":0,"menu_order":26,"comment_status":"closed","ping_status":"closed","template":"","meta":{"footnotes":""},"class_list":["post-87","page","type-page","status-publish","hentry"],"yoast_head":"<!-- This site is optimized with the Yoast SEO plugin v27.3 - https:\/\/yoast.com\/product\/yoast-seo-wordpress\/ -->\n<title>Sektor za rad i zapo\u0161ljavanje - \u041f\u043e\u043a\u0440\u0430\u0458\u0438\u043d\u0441\u043a\u0438 \u0441\u0435\u043a\u0440\u0435\u0442\u0430\u0440\u0438\u0458\u0430\u0442 \u0437\u0430 \u043f\u0440\u0438\u0432\u0440\u0435\u0434\u0443 \u0438 \u0442\u0443\u0440\u0438\u0437\u0430\u043c<\/title>\n<meta name=\"robots\" content=\"index, follow, max-snippet:-1, max-image-preview:large, max-video-preview:-1\" \/>\n<link rel=\"canonical\" href=\"https:\/\/spriv.vojvodina.gov.rs\/rs\/srp\/\" \/>\n<meta property=\"og:locale\" content=\"sr_RS\" \/>\n<meta property=\"og:type\" content=\"article\" \/>\n<meta property=\"og:title\" content=\"Sektor za rad i zapo\u0161ljavanje - \u041f\u043e\u043a\u0440\u0430\u0458\u0438\u043d\u0441\u043a\u0438 \u0441\u0435\u043a\u0440\u0435\u0442\u0430\u0440\u0438\u0458\u0430\u0442 \u0437\u0430 \u043f\u0440\u0438\u0432\u0440\u0435\u0434\u0443 \u0438 \u0442\u0443\u0440\u0438\u0437\u0430\u043c\" \/>\n<meta property=\"og:description\" content=\"U Sektoru za rad i zapo\u0161ljavanje obrazovana je jedna u\u017ea unutra\u0161nja jedinica \u2013 odeljenje: Odeljenje za rad i zapo\u0161ljavanje. U Odeljenju za rad\" \/>\n<meta property=\"og:url\" content=\"https:\/\/spriv.vojvodina.gov.rs\/srp\/\" \/>\n<meta property=\"og:site_name\" content=\"\u041f\u043e\u043a\u0440\u0430\u0458\u0438\u043d\u0441\u043a\u0438 \u0441\u0435\u043a\u0440\u0435\u0442\u0430\u0440\u0438\u0458\u0430\u0442 \u0437\u0430 \u043f\u0440\u0438\u0432\u0440\u0435\u0434\u0443 \u0438 \u0442\u0443\u0440\u0438\u0437\u0430\u043c\" \/>\n<meta property=\"article:modified_time\" content=\"2021-11-22T19:50:36+00:00\" \/>\n<meta name=\"twitter:card\" content=\"summary_large_image\" \/>\n<meta name=\"twitter:label1\" content=\"\u041f\u0440\u043e\u0446\u0435\u045a\u0435\u043d\u043e \u0432\u0440\u0435\u043c\u0435 \u0447\u0438\u0442\u0430\u045a\u0430\" \/>\n\t<meta name=\"twitter:data1\" content=\"2 \u043c\u0438\u043d\u0443\u0442\u0430\" \/>\n<script type=\"application\/ld+json\" class=\"yoast-schema-graph\">{\"@context\":\"https:\\\/\\\/schema.org\",\"@graph\":[{\"@type\":\"WebPage\",\"@id\":\"https:\\\/\\\/spriv.vojvodina.gov.rs\\\/srp\\\/\",\"url\":\"https:\\\/\\\/spriv.vojvodina.gov.rs\\\/srp\\\/\",\"name\":\"Sektor za rad i zapo\u0161ljavanje - \u041f\u043e\u043a\u0440\u0430\u0458\u0438\u043d\u0441\u043a\u0438 \u0441\u0435\u043a\u0440\u0435\u0442\u0430\u0440\u0438\u0458\u0430\u0442 \u0437\u0430 \u043f\u0440\u0438\u0432\u0440\u0435\u0434\u0443 \u0438 \u0442\u0443\u0440\u0438\u0437\u0430\u043c\",\"isPartOf\":{\"@id\":\"https:\\\/\\\/spriv.vojvodina.gov.rs\\\/#website\"},\"datePublished\":\"2015-05-25T08:05:59+00:00\",\"dateModified\":\"2021-11-22T19:50:36+00:00\",\"breadcrumb\":{\"@id\":\"https:\\\/\\\/spriv.vojvodina.gov.rs\\\/srp\\\/#breadcrumb\"},\"inLanguage\":\"sr-RS\",\"potentialAction\":[{\"@type\":\"ReadAction\",\"target\":[\"https:\\\/\\\/spriv.vojvodina.gov.rs\\\/srp\\\/\"]}]},{\"@type\":\"BreadcrumbList\",\"@id\":\"https:\\\/\\\/spriv.vojvodina.gov.rs\\\/srp\\\/#breadcrumb\",\"itemListElement\":[{\"@type\":\"ListItem\",\"position\":1,\"name\":\"Home\",\"item\":\"https:\\\/\\\/spriv.vojvodina.gov.rs\\\/\"},{\"@type\":\"ListItem\",\"position\":2,\"name\":\"\u0421\u0435\u043a\u0442\u043e\u0440 \u0437\u0430 \u0440\u0430\u0434 \u0438 \u0437\u0430\u043f\u043e\u0448\u0459\u0430\u0432\u0430\u045a\u0435\"}]},{\"@type\":\"WebSite\",\"@id\":\"https:\\\/\\\/spriv.vojvodina.gov.rs\\\/#website\",\"url\":\"https:\\\/\\\/spriv.vojvodina.gov.rs\\\/\",\"name\":\"\u041f\u043e\u043a\u0440\u0430\u0458\u0438\u043d\u0441\u043a\u0438 \u0441\u0435\u043a\u0440\u0435\u0442\u0430\u0440\u0438\u0458\u0430\u0442 \u0437\u0430 \u043f\u0440\u0438\u0432\u0440\u0435\u0434\u0443 \u0438 \u0442\u0443\u0440\u0438\u0437\u0430\u043c\",\"description\":\"\u041f\u043e\u043a\u0440\u0430\u0458\u0438\u043d\u0441\u043a\u0438 \u0441\u0435\u043a\u0440\u0435\u0442\u0430\u0440\u0438\u0458\u0430\u0442 \u0437\u0430 \u043f\u0440\u0438\u0432\u0440\u0435\u0434\u0443 \u0438 \u0442\u0443\u0440\u0438\u0437\u0430\u043c\",\"potentialAction\":[{\"@type\":\"SearchAction\",\"target\":{\"@type\":\"EntryPoint\",\"urlTemplate\":\"https:\\\/\\\/spriv.vojvodina.gov.rs\\\/?s={search_term_string}\"},\"query-input\":{\"@type\":\"PropertyValueSpecification\",\"valueRequired\":true,\"valueName\":\"search_term_string\"}}],\"inLanguage\":\"sr-RS\"}]}<\/script>\n<!-- \/ Yoast SEO plugin. -->","yoast_head_json":{"title":"Sektor za rad i zapo\u0161ljavanje - \u041f\u043e\u043a\u0440\u0430\u0458\u0438\u043d\u0441\u043a\u0438 \u0441\u0435\u043a\u0440\u0435\u0442\u0430\u0440\u0438\u0458\u0430\u0442 \u0437\u0430 \u043f\u0440\u0438\u0432\u0440\u0435\u0434\u0443 \u0438 \u0442\u0443\u0440\u0438\u0437\u0430\u043c","robots":{"index":"index","follow":"follow","max-snippet":"max-snippet:-1","max-image-preview":"max-image-preview:large","max-video-preview":"max-video-preview:-1"},"canonical":"https:\/\/spriv.vojvodina.gov.rs\/rs\/srp\/","og_locale":"sr_RS","og_type":"article","og_title":"Sektor za rad i zapo\u0161ljavanje - \u041f\u043e\u043a\u0440\u0430\u0458\u0438\u043d\u0441\u043a\u0438 \u0441\u0435\u043a\u0440\u0435\u0442\u0430\u0440\u0438\u0458\u0430\u0442 \u0437\u0430 \u043f\u0440\u0438\u0432\u0440\u0435\u0434\u0443 \u0438 \u0442\u0443\u0440\u0438\u0437\u0430\u043c","og_description":"U Sektoru za rad i zapo\u0161ljavanje obrazovana je jedna u\u017ea unutra\u0161nja jedinica \u2013 odeljenje: Odeljenje za rad i zapo\u0161ljavanje. U Odeljenju za rad","og_url":"https:\/\/spriv.vojvodina.gov.rs\/srp\/","og_site_name":"\u041f\u043e\u043a\u0440\u0430\u0458\u0438\u043d\u0441\u043a\u0438 \u0441\u0435\u043a\u0440\u0435\u0442\u0430\u0440\u0438\u0458\u0430\u0442 \u0437\u0430 \u043f\u0440\u0438\u0432\u0440\u0435\u0434\u0443 \u0438 \u0442\u0443\u0440\u0438\u0437\u0430\u043c","article_modified_time":"2021-11-22T19:50:36+00:00","twitter_card":"summary_large_image","twitter_misc":{"\u041f\u0440\u043e\u0446\u0435\u045a\u0435\u043d\u043e \u0432\u0440\u0435\u043c\u0435 \u0447\u0438\u0442\u0430\u045a\u0430":"2 \u043c\u0438\u043d\u0443\u0442\u0430"},"schema":{"@context":"https:\/\/schema.org","@graph":[{"@type":"WebPage","@id":"https:\/\/spriv.vojvodina.gov.rs\/srp\/","url":"https:\/\/spriv.vojvodina.gov.rs\/srp\/","name":"Sektor za rad i zapo\u0161ljavanje - \u041f\u043e\u043a\u0440\u0430\u0458\u0438\u043d\u0441\u043a\u0438 \u0441\u0435\u043a\u0440\u0435\u0442\u0430\u0440\u0438\u0458\u0430\u0442 \u0437\u0430 \u043f\u0440\u0438\u0432\u0440\u0435\u0434\u0443 \u0438 \u0442\u0443\u0440\u0438\u0437\u0430\u043c","isPartOf":{"@id":"https:\/\/spriv.vojvodina.gov.rs\/#website"},"datePublished":"2015-05-25T08:05:59+00:00","dateModified":"2021-11-22T19:50:36+00:00","breadcrumb":{"@id":"https:\/\/spriv.vojvodina.gov.rs\/srp\/#breadcrumb"},"inLanguage":"sr-RS","potentialAction":[{"@type":"ReadAction","target":["https:\/\/spriv.vojvodina.gov.rs\/srp\/"]}]},{"@type":"BreadcrumbList","@id":"https:\/\/spriv.vojvodina.gov.rs\/srp\/#breadcrumb","itemListElement":[{"@type":"ListItem","position":1,"name":"Home","item":"https:\/\/spriv.vojvodina.gov.rs\/"},{"@type":"ListItem","position":2,"name":"\u0421\u0435\u043a\u0442\u043e\u0440 \u0437\u0430 \u0440\u0430\u0434 \u0438 \u0437\u0430\u043f\u043e\u0448\u0459\u0430\u0432\u0430\u045a\u0435"}]},{"@type":"WebSite","@id":"https:\/\/spriv.vojvodina.gov.rs\/#website","url":"https:\/\/spriv.vojvodina.gov.rs\/","name":"\u041f\u043e\u043a\u0440\u0430\u0458\u0438\u043d\u0441\u043a\u0438 \u0441\u0435\u043a\u0440\u0435\u0442\u0430\u0440\u0438\u0458\u0430\u0442 \u0437\u0430 \u043f\u0440\u0438\u0432\u0440\u0435\u0434\u0443 \u0438 \u0442\u0443\u0440\u0438\u0437\u0430\u043c","description":"\u041f\u043e\u043a\u0440\u0430\u0458\u0438\u043d\u0441\u043a\u0438 \u0441\u0435\u043a\u0440\u0435\u0442\u0430\u0440\u0438\u0458\u0430\u0442 \u0437\u0430 \u043f\u0440\u0438\u0432\u0440\u0435\u0434\u0443 \u0438 \u0442\u0443\u0440\u0438\u0437\u0430\u043c","potentialAction":[{"@type":"SearchAction","target":{"@type":"EntryPoint","urlTemplate":"https:\/\/spriv.vojvodina.gov.rs\/?s={search_term_string}"},"query-input":{"@type":"PropertyValueSpecification","valueRequired":true,"valueName":"search_term_string"}}],"inLanguage":"sr-RS"}]}},"_links":{"self":[{"href":"https:\/\/spriv.vojvodina.gov.rs\/rs\/wp-json\/wp\/v2\/pages\/87","targetHints":{"allow":["GET"]}}],"collection":[{"href":"https:\/\/spriv.vojvodina.gov.rs\/rs\/wp-json\/wp\/v2\/pages"}],"about":[{"href":"https:\/\/spriv.vojvodina.gov.rs\/rs\/wp-json\/wp\/v2\/types\/page"}],"author":[{"embeddable":true,"href":"https:\/\/spriv.vojvodina.gov.rs\/rs\/wp-json\/wp\/v2\/users\/2"}],"replies":[{"embeddable":true,"href":"https:\/\/spriv.vojvodina.gov.rs\/rs\/wp-json\/wp\/v2\/comments?post=87"}],"version-history":[{"count":2,"href":"https:\/\/spriv.vojvodina.gov.rs\/rs\/wp-json\/wp\/v2\/pages\/87\/revisions"}],"predecessor-version":[{"id":7581,"href":"https:\/\/spriv.vojvodina.gov.rs\/rs\/wp-json\/wp\/v2\/pages\/87\/revisions\/7581"}],"wp:attachment":[{"href":"https:\/\/spriv.vojvodina.gov.rs\/rs\/wp-json\/wp\/v2\/media?parent=87"}],"curies":[{"name":"wp","href":"https:\/\/api.w.org\/{rel}","templated":true}]}}