{"id":86,"date":"2015-05-25T07:41:15","date_gmt":"2015-05-25T07:41:15","guid":{"rendered":"http:\/\/spriv.vojvodina.gov.rs\/2015\/05\/25\/sp\/"},"modified":"2021-11-22T19:50:02","modified_gmt":"2021-11-22T19:50:02","slug":"sp","status":"publish","type":"page","link":"https:\/\/spriv.vojvodina.gov.rs\/rs\/sp\/","title":{"rendered":"Sektor za privredu"},"content":{"rendered":"<p><\/p>\n<p style=\"text-align: justify;\">U <strong>Sektoru za privredu<\/strong> obrazovane su dve u\u017ee unutra\u0161nje jedinice: Odeljenje za industriju i telekomunikacije, Odeljenje za preduzetni\u0161tvo i zanatstvo.<\/p>\n<p style=\"text-align: justify;\">U <strong>Odeljenju za industriju i telekomunikacije<\/strong> obavljaju se poslovi koji se odnose na poslove pra\u0107enja ukupnog privrednog razvoja i kretanja u industrijskoj proizvodnji kao i pojedina\u010dno po granama u industrijskoj oblasti; u\u010destvovanje u ostvarivanju procesa restruktuiranja i revitalitzacije u preduze\u0107ima; pru\u017eanja informativnih, konsultantskih i drugih usluga u oblastima standardizacije, sertifikacije i ocenjivanja usagla\u0161enosti proizvoda kojima se zadovoljavaju potrebe malih i srednjih preduze\u0107a u toj oblasti; uvo\u0111enje sistema kvaliteta, standardizacije i sertifikacije industruijskih proizvoda; pra\u0107enje i realizacija projekata u skladu sa Strategijom programa privrednog razvoja AP Vojvodine; upravljanje i rad na realizaciji Projekta &#8220;Najbolje iz Vojvodine&#8220;; dodela podsticajnih i drugih sredstava namenjenih razvoju privrede i stvaranju industrijskih parkova; u\u010de\u0161\u0107e u pripremi nacrta zakona i drugih podzkonskih akata iz oblasti industrije i telekomunikacija; pripremanje predloga odluka i drugih op\u0161tih akata Pokrajinske vlade i Skup\u0161tine; predlaganje dono\u0161enja plana i programa ravnomernog privrednog razvoja Pokrajine u skladu sa Planom razvoja Republike Srbije; pripremanje analiza, izve\u0161taja, informacija i stru\u010dnih mi\u0161ljenja iz oblasti industrije; poslovi iz oblasti telekomunikacija; u\u010destvovanje u utver\u0111ivanju politike razvoja u oblasti telekomunikacija; dono\u0161enja Strategije razvoja telekomunikacija u Republici Srbiji; plana namene radio frekvencijskih opsega i plana raspodele radio frekvencija; pra\u0107enje promene zakona i drugih propisa iz oblasti\u00a0 telekomunikacija, u\u010destvovanje u izradi republi\u010dkih i pokrajinskih propisa u ovim oblastima; davanje stru\u010dnih mi\u0161ljenja za izradu analiza, izve\u0161taja i informacija iz ovih oblasti; saradanju sa privrednim subjektima, republi\u010dkim i pokrajinskim organima koji donose plan i strategiju razvoja\u00a0 telekomunikacija; obavljaju se poslovi koji se odnose na pra\u0107enje i analiziranje kretanje u oblasti trgovine i usluga, cena i tro\u0161kova \u017eivota; analiziranje uticaja ekonomske politike na funkcionisanje tr\u017ei\u0161ta i odnose ponude i tra\u017enje; promet roba i usluga u prometu roba; za\u0161tite potro\u0161a\u010da; saradnje sa udru\u017eenjima potro\u0161a\u010da; u\u010destvovanje u pripremi republi\u010dkih zakona, drugih propisa i podzakonskih akata; ostvarivanje sradnje sa ostalim sektorima u Sekretarijatu,pra\u0107enje i realizaciju projekata iz ovih oblasti, davanje stru\u010dnih predloga iz ovih oblasti i drugi poslovi po nalogu Sekretara i neposrednih rukovodilaca.<\/p>\n<p style=\"text-align: justify;\">U <strong>Odeljenju za preduzetni\u0161tvo i zanatstvo<\/strong> obavljaju se poslovi koji se odnose na studijsko-analiti\u010dko pra\u0107enje teku\u0107ih privrednih kretanja; pripremu programa mera i programa razvoja preduzetni\u0161tva, mikro, malih i srednjih privrednih dru\u0161tava; pra\u0107enje ostvarivanja programa i predlaganje mera za njihovo sprovo\u0111enje; pripremanje odluka i op\u0161tih akata za Skup\u0161tinu i Pokrajinsku vladu u oblasti preduzetni\u0161tva; podsticaj razvoja preduzetni\u0161tva; izradu, pra\u0107enja i realizaciju projekata iz oblasti preduzetni\u0161tva; utvr\u0111ivanje starih zanata svojstveni podru\u010dju Pokrajine i utvr\u0111ivanje i obezbe\u0111ivanje mera za njihovo unapre\u0111enje i razvoj; izradu planova, informacija i izve\u0161taja iz oblasti biznis inkubatora, industrijskih parkova i klastera i vr\u0161i njihovu promociju; saradnju sa organima lokalne samouprave i drugim subjektima i u\u010desnicima u oblasti preduzetni\u0161tva; pripremanje analiza, izve\u0161taja informacija i stru\u010dnih mi\u0161ljenja iz oblasti preduzetni\u0161tva; koordinaciju sa ostalim sektorima u Sekretarijatu; saradnju sa ostalim pokrajinskim i republi\u010dkim organima i obavljanje ostalih poslova po nalogu sekretara i neposrednih rukovodilaca.<\/p>\n<p><\/p>","protected":false},"excerpt":{"rendered":"U Sektoru za privredu obrazovane su dve u\u017ee unutra\u0161nje jedinice: Odeljenje za industriju i telekomunikacije, Odeljenje za preduzetni\u0161tvo i zanatstvo. U Odeljenju za \n<a class=\"moretag\" href=\"https:\/\/spriv.vojvodina.gov.rs\/rs\/sp\/\"> [...]<\/a>","protected":false},"author":2,"featured_media":0,"parent":0,"menu_order":27,"comment_status":"closed","ping_status":"closed","template":"","meta":{"footnotes":""},"class_list":["post-86","page","type-page","status-publish","hentry"],"yoast_head":"<!-- This site is optimized with the Yoast SEO plugin v27.3 - https:\/\/yoast.com\/product\/yoast-seo-wordpress\/ -->\n<title>Sektor za privredu - \u041f\u043e\u043a\u0440\u0430\u0458\u0438\u043d\u0441\u043a\u0438 \u0441\u0435\u043a\u0440\u0435\u0442\u0430\u0440\u0438\u0458\u0430\u0442 \u0437\u0430 \u043f\u0440\u0438\u0432\u0440\u0435\u0434\u0443 \u0438 \u0442\u0443\u0440\u0438\u0437\u0430\u043c<\/title>\n<meta name=\"robots\" content=\"index, follow, max-snippet:-1, max-image-preview:large, max-video-preview:-1\" \/>\n<link rel=\"canonical\" href=\"https:\/\/spriv.vojvodina.gov.rs\/rs\/sp\/\" \/>\n<meta property=\"og:locale\" content=\"sr_RS\" \/>\n<meta property=\"og:type\" content=\"article\" \/>\n<meta property=\"og:title\" content=\"Sektor za privredu - \u041f\u043e\u043a\u0440\u0430\u0458\u0438\u043d\u0441\u043a\u0438 \u0441\u0435\u043a\u0440\u0435\u0442\u0430\u0440\u0438\u0458\u0430\u0442 \u0437\u0430 \u043f\u0440\u0438\u0432\u0440\u0435\u0434\u0443 \u0438 \u0442\u0443\u0440\u0438\u0437\u0430\u043c\" \/>\n<meta property=\"og:description\" content=\"U Sektoru za privredu obrazovane su dve u\u017ee unutra\u0161nje jedinice: Odeljenje za industriju i telekomunikacije, Odeljenje za preduzetni\u0161tvo i zanatstvo. U Odeljenju za\" \/>\n<meta property=\"og:url\" content=\"https:\/\/spriv.vojvodina.gov.rs\/sp\/\" \/>\n<meta property=\"og:site_name\" content=\"\u041f\u043e\u043a\u0440\u0430\u0458\u0438\u043d\u0441\u043a\u0438 \u0441\u0435\u043a\u0440\u0435\u0442\u0430\u0440\u0438\u0458\u0430\u0442 \u0437\u0430 \u043f\u0440\u0438\u0432\u0440\u0435\u0434\u0443 \u0438 \u0442\u0443\u0440\u0438\u0437\u0430\u043c\" \/>\n<meta property=\"article:modified_time\" content=\"2021-11-22T19:50:02+00:00\" \/>\n<meta name=\"twitter:card\" content=\"summary_large_image\" \/>\n<meta name=\"twitter:label1\" content=\"\u041f\u0440\u043e\u0446\u0435\u045a\u0435\u043d\u043e \u0432\u0440\u0435\u043c\u0435 \u0447\u0438\u0442\u0430\u045a\u0430\" \/>\n\t<meta name=\"twitter:data1\" content=\"3 \u043c\u0438\u043d\u0443\u0442\u0430\" \/>\n<script type=\"application\/ld+json\" class=\"yoast-schema-graph\">{\"@context\":\"https:\\\/\\\/schema.org\",\"@graph\":[{\"@type\":\"WebPage\",\"@id\":\"https:\\\/\\\/spriv.vojvodina.gov.rs\\\/sp\\\/\",\"url\":\"https:\\\/\\\/spriv.vojvodina.gov.rs\\\/sp\\\/\",\"name\":\"Sektor za privredu - \u041f\u043e\u043a\u0440\u0430\u0458\u0438\u043d\u0441\u043a\u0438 \u0441\u0435\u043a\u0440\u0435\u0442\u0430\u0440\u0438\u0458\u0430\u0442 \u0437\u0430 \u043f\u0440\u0438\u0432\u0440\u0435\u0434\u0443 \u0438 \u0442\u0443\u0440\u0438\u0437\u0430\u043c\",\"isPartOf\":{\"@id\":\"https:\\\/\\\/spriv.vojvodina.gov.rs\\\/#website\"},\"datePublished\":\"2015-05-25T07:41:15+00:00\",\"dateModified\":\"2021-11-22T19:50:02+00:00\",\"breadcrumb\":{\"@id\":\"https:\\\/\\\/spriv.vojvodina.gov.rs\\\/sp\\\/#breadcrumb\"},\"inLanguage\":\"sr-RS\",\"potentialAction\":[{\"@type\":\"ReadAction\",\"target\":[\"https:\\\/\\\/spriv.vojvodina.gov.rs\\\/sp\\\/\"]}]},{\"@type\":\"BreadcrumbList\",\"@id\":\"https:\\\/\\\/spriv.vojvodina.gov.rs\\\/sp\\\/#breadcrumb\",\"itemListElement\":[{\"@type\":\"ListItem\",\"position\":1,\"name\":\"Home\",\"item\":\"https:\\\/\\\/spriv.vojvodina.gov.rs\\\/\"},{\"@type\":\"ListItem\",\"position\":2,\"name\":\"\u0421\u0435\u043a\u0442\u043e\u0440 \u0437\u0430 \u043f\u0440\u0438\u0432\u0440\u0435\u0434\u0443\"}]},{\"@type\":\"WebSite\",\"@id\":\"https:\\\/\\\/spriv.vojvodina.gov.rs\\\/#website\",\"url\":\"https:\\\/\\\/spriv.vojvodina.gov.rs\\\/\",\"name\":\"\u041f\u043e\u043a\u0440\u0430\u0458\u0438\u043d\u0441\u043a\u0438 \u0441\u0435\u043a\u0440\u0435\u0442\u0430\u0440\u0438\u0458\u0430\u0442 \u0437\u0430 \u043f\u0440\u0438\u0432\u0440\u0435\u0434\u0443 \u0438 \u0442\u0443\u0440\u0438\u0437\u0430\u043c\",\"description\":\"\u041f\u043e\u043a\u0440\u0430\u0458\u0438\u043d\u0441\u043a\u0438 \u0441\u0435\u043a\u0440\u0435\u0442\u0430\u0440\u0438\u0458\u0430\u0442 \u0437\u0430 \u043f\u0440\u0438\u0432\u0440\u0435\u0434\u0443 \u0438 \u0442\u0443\u0440\u0438\u0437\u0430\u043c\",\"potentialAction\":[{\"@type\":\"SearchAction\",\"target\":{\"@type\":\"EntryPoint\",\"urlTemplate\":\"https:\\\/\\\/spriv.vojvodina.gov.rs\\\/?s={search_term_string}\"},\"query-input\":{\"@type\":\"PropertyValueSpecification\",\"valueRequired\":true,\"valueName\":\"search_term_string\"}}],\"inLanguage\":\"sr-RS\"}]}<\/script>\n<!-- \/ Yoast SEO plugin. -->","yoast_head_json":{"title":"Sektor za privredu - \u041f\u043e\u043a\u0440\u0430\u0458\u0438\u043d\u0441\u043a\u0438 \u0441\u0435\u043a\u0440\u0435\u0442\u0430\u0440\u0438\u0458\u0430\u0442 \u0437\u0430 \u043f\u0440\u0438\u0432\u0440\u0435\u0434\u0443 \u0438 \u0442\u0443\u0440\u0438\u0437\u0430\u043c","robots":{"index":"index","follow":"follow","max-snippet":"max-snippet:-1","max-image-preview":"max-image-preview:large","max-video-preview":"max-video-preview:-1"},"canonical":"https:\/\/spriv.vojvodina.gov.rs\/rs\/sp\/","og_locale":"sr_RS","og_type":"article","og_title":"Sektor za privredu - \u041f\u043e\u043a\u0440\u0430\u0458\u0438\u043d\u0441\u043a\u0438 \u0441\u0435\u043a\u0440\u0435\u0442\u0430\u0440\u0438\u0458\u0430\u0442 \u0437\u0430 \u043f\u0440\u0438\u0432\u0440\u0435\u0434\u0443 \u0438 \u0442\u0443\u0440\u0438\u0437\u0430\u043c","og_description":"U Sektoru za privredu obrazovane su dve u\u017ee unutra\u0161nje jedinice: Odeljenje za industriju i telekomunikacije, Odeljenje za preduzetni\u0161tvo i zanatstvo. U Odeljenju za","og_url":"https:\/\/spriv.vojvodina.gov.rs\/sp\/","og_site_name":"\u041f\u043e\u043a\u0440\u0430\u0458\u0438\u043d\u0441\u043a\u0438 \u0441\u0435\u043a\u0440\u0435\u0442\u0430\u0440\u0438\u0458\u0430\u0442 \u0437\u0430 \u043f\u0440\u0438\u0432\u0440\u0435\u0434\u0443 \u0438 \u0442\u0443\u0440\u0438\u0437\u0430\u043c","article_modified_time":"2021-11-22T19:50:02+00:00","twitter_card":"summary_large_image","twitter_misc":{"\u041f\u0440\u043e\u0446\u0435\u045a\u0435\u043d\u043e \u0432\u0440\u0435\u043c\u0435 \u0447\u0438\u0442\u0430\u045a\u0430":"3 \u043c\u0438\u043d\u0443\u0442\u0430"},"schema":{"@context":"https:\/\/schema.org","@graph":[{"@type":"WebPage","@id":"https:\/\/spriv.vojvodina.gov.rs\/sp\/","url":"https:\/\/spriv.vojvodina.gov.rs\/sp\/","name":"Sektor za privredu - \u041f\u043e\u043a\u0440\u0430\u0458\u0438\u043d\u0441\u043a\u0438 \u0441\u0435\u043a\u0440\u0435\u0442\u0430\u0440\u0438\u0458\u0430\u0442 \u0437\u0430 \u043f\u0440\u0438\u0432\u0440\u0435\u0434\u0443 \u0438 \u0442\u0443\u0440\u0438\u0437\u0430\u043c","isPartOf":{"@id":"https:\/\/spriv.vojvodina.gov.rs\/#website"},"datePublished":"2015-05-25T07:41:15+00:00","dateModified":"2021-11-22T19:50:02+00:00","breadcrumb":{"@id":"https:\/\/spriv.vojvodina.gov.rs\/sp\/#breadcrumb"},"inLanguage":"sr-RS","potentialAction":[{"@type":"ReadAction","target":["https:\/\/spriv.vojvodina.gov.rs\/sp\/"]}]},{"@type":"BreadcrumbList","@id":"https:\/\/spriv.vojvodina.gov.rs\/sp\/#breadcrumb","itemListElement":[{"@type":"ListItem","position":1,"name":"Home","item":"https:\/\/spriv.vojvodina.gov.rs\/"},{"@type":"ListItem","position":2,"name":"\u0421\u0435\u043a\u0442\u043e\u0440 \u0437\u0430 \u043f\u0440\u0438\u0432\u0440\u0435\u0434\u0443"}]},{"@type":"WebSite","@id":"https:\/\/spriv.vojvodina.gov.rs\/#website","url":"https:\/\/spriv.vojvodina.gov.rs\/","name":"\u041f\u043e\u043a\u0440\u0430\u0458\u0438\u043d\u0441\u043a\u0438 \u0441\u0435\u043a\u0440\u0435\u0442\u0430\u0440\u0438\u0458\u0430\u0442 \u0437\u0430 \u043f\u0440\u0438\u0432\u0440\u0435\u0434\u0443 \u0438 \u0442\u0443\u0440\u0438\u0437\u0430\u043c","description":"\u041f\u043e\u043a\u0440\u0430\u0458\u0438\u043d\u0441\u043a\u0438 \u0441\u0435\u043a\u0440\u0435\u0442\u0430\u0440\u0438\u0458\u0430\u0442 \u0437\u0430 \u043f\u0440\u0438\u0432\u0440\u0435\u0434\u0443 \u0438 \u0442\u0443\u0440\u0438\u0437\u0430\u043c","potentialAction":[{"@type":"SearchAction","target":{"@type":"EntryPoint","urlTemplate":"https:\/\/spriv.vojvodina.gov.rs\/?s={search_term_string}"},"query-input":{"@type":"PropertyValueSpecification","valueRequired":true,"valueName":"search_term_string"}}],"inLanguage":"sr-RS"}]}},"_links":{"self":[{"href":"https:\/\/spriv.vojvodina.gov.rs\/rs\/wp-json\/wp\/v2\/pages\/86","targetHints":{"allow":["GET"]}}],"collection":[{"href":"https:\/\/spriv.vojvodina.gov.rs\/rs\/wp-json\/wp\/v2\/pages"}],"about":[{"href":"https:\/\/spriv.vojvodina.gov.rs\/rs\/wp-json\/wp\/v2\/types\/page"}],"author":[{"embeddable":true,"href":"https:\/\/spriv.vojvodina.gov.rs\/rs\/wp-json\/wp\/v2\/users\/2"}],"replies":[{"embeddable":true,"href":"https:\/\/spriv.vojvodina.gov.rs\/rs\/wp-json\/wp\/v2\/comments?post=86"}],"version-history":[{"count":2,"href":"https:\/\/spriv.vojvodina.gov.rs\/rs\/wp-json\/wp\/v2\/pages\/86\/revisions"}],"predecessor-version":[{"id":7580,"href":"https:\/\/spriv.vojvodina.gov.rs\/rs\/wp-json\/wp\/v2\/pages\/86\/revisions\/7580"}],"wp:attachment":[{"href":"https:\/\/spriv.vojvodina.gov.rs\/rs\/wp-json\/wp\/v2\/media?parent=86"}],"curies":[{"name":"wp","href":"https:\/\/api.w.org\/{rel}","templated":true}]}}