{"id":6602,"date":"2021-11-16T17:57:03","date_gmt":"2021-11-16T17:57:03","guid":{"rendered":"http:\/\/spriv.vojvodina.gov.rs\/?page_id=6602"},"modified":"2021-11-24T12:04:48","modified_gmt":"2021-11-24T12:04:48","slug":"%d0%bf%d0%be%d1%87%d0%b5%d1%82%d0%bd%d0%b0","status":"publish","type":"page","link":"https:\/\/spriv.vojvodina.gov.rs\/rs\/%d0%bf%d0%be%d1%87%d0%b5%d1%82%d0%bd%d0%b0\/","title":{"rendered":"Najnovije"},"content":{"rendered":"<p><div class=\"display-posts-listing image-left\"><div class=\"listing-item\"><a class=\"image\" href=\"https:\/\/spriv.vojvodina.gov.rs\/rs\/%d1%81%d0%b5%d0%ba%d1%80%d0%b5%d1%82%d0%b0%d1%80-%d0%b8%d0%b2%d0%b0%d0%bd%d0%b8%d1%88%d0%b5%d0%b2%d0%b8%d1%9b-%d1%81%d0%b0-%d1%80%d1%83%d0%ba%d0%be%d0%b2%d0%be%d0%b4%d1%81%d1%82%d0%b2%d0%be%d0%bc-2\/\"><img loading=\"lazy\" decoding=\"async\" width=\"150\" height=\"150\" src=\"https:\/\/spriv.vojvodina.gov.rs\/wp-content\/uploads\/2026\/01\/IMG_20260123_093619-150x150.jpg\" class=\"attachment-thumbnail size-thumbnail wp-post-image\" alt=\"\" \/><\/a> <a class=\"title\" href=\"https:\/\/spriv.vojvodina.gov.rs\/rs\/%d1%81%d0%b5%d0%ba%d1%80%d0%b5%d1%82%d0%b0%d1%80-%d0%b8%d0%b2%d0%b0%d0%bd%d0%b8%d1%88%d0%b5%d0%b2%d0%b8%d1%9b-%d1%81%d0%b0-%d1%80%d1%83%d0%ba%d0%be%d0%b2%d0%be%d0%b4%d1%81%d1%82%d0%b2%d0%be%d0%bc-2\/\">Sekretar Ivani\u0161evi\u0107 sa rukovodstvom NP ,,Fru\u0161ka gora\u201c o  zajedni\u010dkim projektima u 2026. godini<\/a> <span class=\"excerpt-dash\">-<\/span> <span class=\"excerpt\">Pokrajinski sekretar za privredu i turizam dr Nenad Ivani\u0161evi\u0107 i v.d. direktora Nacionalnog parka ,,Fru\u0161ka gora\" Dragan Vidovi\u0107, sastali su&hellip; <span class=\"excerpt-more\"> <\/span><\/span><\/div><div class=\"listing-item\"><a class=\"image\" href=\"https:\/\/spriv.vojvodina.gov.rs\/rs\/%d1%81%d0%b5%d0%ba%d1%80%d0%b5%d1%82%d0%b0%d1%80-%d0%b8%d0%b2%d0%b0%d0%bd%d0%b8%d1%88%d0%b5%d0%b2%d0%b8%d1%9b-%d1%83-%d1%80%d0%b0%d0%b4%d0%bd%d0%be%d1%98-%d0%bf%d0%be%d1%81%d0%b5%d1%82%d0%b8-%d0%be-2\/\"><img loading=\"lazy\" decoding=\"async\" width=\"150\" height=\"150\" src=\"https:\/\/spriv.vojvodina.gov.rs\/wp-content\/uploads\/2026\/01\/Sekretar-Ivanisevic-u-radnoj-poseti-opstini-Kula-01-150x150.jpg\" class=\"attachment-thumbnail size-thumbnail wp-post-image\" alt=\"\" \/><\/a> <a class=\"title\" href=\"https:\/\/spriv.vojvodina.gov.rs\/rs\/%d1%81%d0%b5%d0%ba%d1%80%d0%b5%d1%82%d0%b0%d1%80-%d0%b8%d0%b2%d0%b0%d0%bd%d0%b8%d1%88%d0%b5%d0%b2%d0%b8%d1%9b-%d1%83-%d1%80%d0%b0%d0%b4%d0%bd%d0%be%d1%98-%d0%bf%d0%be%d1%81%d0%b5%d1%82%d0%b8-%d0%be-2\/\">Sekretar Ivani\u0161evi\u0107 u radnoj poseti op\u0161tini Kula<\/a> <span class=\"excerpt-dash\">-<\/span> <span class=\"excerpt\">Pokrajinski sekretar za privredu i turizam dr Nenad Ivani\u0161evi\u0107 posetio je danas sala\u0161 \u201eStara kudeljara\u201c u Kuli, jedan od zna\u010dajnih&hellip; <span class=\"excerpt-more\"> <\/span><\/span><\/div><div class=\"listing-item\"><a class=\"image\" href=\"https:\/\/spriv.vojvodina.gov.rs\/rs\/%d1%81%d0%b5%d0%ba%d1%80%d0%b5%d1%82%d0%b0%d1%80-%d0%b8%d0%b2%d0%b0%d0%bd%d0%b8%d1%88%d0%b5%d0%b2%d0%b8%d1%9b-%d1%83-%d0%b1%d0%b5%d1%87%d1%83-%d0%bd%d0%be%d0%b2%d0%b5-%d0%bc%d0%be%d0%b3%d1%83%d1%9b\/\"><img loading=\"lazy\" decoding=\"async\" width=\"150\" height=\"150\" src=\"https:\/\/spriv.vojvodina.gov.rs\/wp-content\/uploads\/2026\/01\/Delegacija-Pokrajinske-vlade-u-poseti-Becu-05-150x150.jpg\" class=\"attachment-thumbnail size-thumbnail wp-post-image\" alt=\"\u0418\u0432\u0430\u043d\u0438\u0448\u0435\u0432\u0438\u045b \u0443 \u0411\u0435\u0447\u0443\" \/><\/a> <a class=\"title\" href=\"https:\/\/spriv.vojvodina.gov.rs\/rs\/%d1%81%d0%b5%d0%ba%d1%80%d0%b5%d1%82%d0%b0%d1%80-%d0%b8%d0%b2%d0%b0%d0%bd%d0%b8%d1%88%d0%b5%d0%b2%d0%b8%d1%9b-%d1%83-%d0%b1%d0%b5%d1%87%d1%83-%d0%bd%d0%be%d0%b2%d0%b5-%d0%bc%d0%be%d0%b3%d1%83%d1%9b\/\">Sekretar Ivani\u0161evi\u0107 u Be\u010du: Nove mogu\u0107nosti saradnje u turizmu i telekomunikacijama<\/a> <span class=\"excerpt-dash\">-<\/span> <span class=\"excerpt\">Delegacija Pokrajinske vlade, na \u010delu sa pokrajinskim sekretarom za privredu i turizam dr Nenadom Ivani\u0161evi\u0107em, boravi u Be\u010du gde u\u010destvuje&hellip; <span class=\"excerpt-more\"> <\/span><\/span><\/div><div class=\"listing-item\"><a class=\"image\" href=\"https:\/\/spriv.vojvodina.gov.rs\/rs\/%d0%b4%d0%b5%d0%bb%d0%b5%d0%b3%d0%b0%d1%86%d0%b8%d1%98%d0%b0-%d0%bf%d0%be%d0%ba%d1%80%d0%b0%d1%98%d0%b8%d0%bd%d1%81%d0%ba%d0%b5-%d0%b2%d0%bb%d0%b0%d0%b4%d0%b5-%d0%bd%d0%b0-%d1%81%d0%b0%d1%98%d0%bc\/\"><img loading=\"lazy\" decoding=\"async\" width=\"150\" height=\"150\" src=\"https:\/\/spriv.vojvodina.gov.rs\/wp-content\/uploads\/2026\/01\/Delegacija-Pokrajinske-vlade-na-Sajmu-turzma-u-Becu-06-150x150.jpg\" class=\"attachment-thumbnail size-thumbnail wp-post-image\" alt=\"\" \/><\/a> <a class=\"title\" href=\"https:\/\/spriv.vojvodina.gov.rs\/rs\/%d0%b4%d0%b5%d0%bb%d0%b5%d0%b3%d0%b0%d1%86%d0%b8%d1%98%d0%b0-%d0%bf%d0%be%d0%ba%d1%80%d0%b0%d1%98%d0%b8%d0%bd%d1%81%d0%ba%d0%b5-%d0%b2%d0%bb%d0%b0%d0%b4%d0%b5-%d0%bd%d0%b0-%d1%81%d0%b0%d1%98%d0%bc\/\">Delegacija Pokrajinske vlade na Sajmu turizma u Be\u010du<\/a> <span class=\"excerpt-dash\">-<\/span> <span class=\"excerpt\">Delegacija Pokrajinske vlade, na \u010delu sa pokrajinskim sekretarom za privredu i turizam dr Nenadom Ivani\u0161evi\u0107em, boravi u Be\u010du povodom Sajma&hellip; <span class=\"excerpt-more\"> <\/span><\/span><\/div><div class=\"listing-item\"><a class=\"image\" href=\"https:\/\/spriv.vojvodina.gov.rs\/rs\/%d0%b8%d0%b2%d0%b0%d0%bd%d0%b8%d1%88%d0%b5%d0%b2%d0%b8%d1%9b-%d1%83%d1%80%d1%83%d1%87%d0%b8%d0%be-%d1%81%d0%b5%d1%80%d1%82%d0%b8%d1%84%d0%b8%d0%ba%d0%b0%d1%82%d0%b5-%d0%bf%d0%be%d0%bb%d0%b0%d0%b7-2\/\"><img loading=\"lazy\" decoding=\"async\" width=\"150\" height=\"150\" src=\"https:\/\/spriv.vojvodina.gov.rs\/wp-content\/uploads\/2026\/01\/Dodela-sertifikata-za-obuke-iz-finansijskog-upravljanja-i-rodno-odgovornog-budzetiranja-05-150x150.jpg\" class=\"attachment-thumbnail size-thumbnail wp-post-image\" alt=\"\" \/><\/a> <a class=\"title\" href=\"https:\/\/spriv.vojvodina.gov.rs\/rs\/%d0%b8%d0%b2%d0%b0%d0%bd%d0%b8%d1%88%d0%b5%d0%b2%d0%b8%d1%9b-%d1%83%d1%80%d1%83%d1%87%d0%b8%d0%be-%d1%81%d0%b5%d1%80%d1%82%d0%b8%d1%84%d0%b8%d0%ba%d0%b0%d1%82%d0%b5-%d0%bf%d0%be%d0%bb%d0%b0%d0%b7-2\/\">Ivani\u0161evi\u0107 uru\u010dio sertifikate polaznicima obuka iz finansijskog upravljanja i knjigovodstva<\/a> <span class=\"excerpt-dash\">-<\/span> <span class=\"excerpt\">Pokrajinski sekretar za privredu i turizam dr Nenad Ivani\u0161evi\u0107 danas je uru\u010dio sertifikate polaznicima koji su uspe\u0161no zavr\u0161ili dve obuke&hellip; <span class=\"excerpt-more\"> <\/span><\/span><\/div><div class=\"listing-item\"><a class=\"image\" href=\"https:\/\/spriv.vojvodina.gov.rs\/rs\/%d1%83%d1%80%d1%83%d1%87%d0%b5%d0%bd%d0%b8-%d1%83%d0%b3%d0%be%d0%b2%d0%be%d1%80%d0%b8-%d0%b7%d0%b0-%d1%84%d0%b8%d0%bd%d0%b0%d0%bd%d1%81%d0%b8%d1%80%d0%b0%d1%9a%d0%b5-%d0%bf%d1%80%d0%be%d1%98%d0%b5\/\"><img loading=\"lazy\" decoding=\"async\" width=\"150\" height=\"150\" src=\"https:\/\/spriv.vojvodina.gov.rs\/wp-content\/uploads\/2026\/01\/Dodela-ugovora-za-unapredjenje-elektronskih-komunikacija-i-informacionog-drustva-07-150x150.jpg\" class=\"attachment-thumbnail size-thumbnail wp-post-image\" alt=\"\" \/><\/a> <a class=\"title\" href=\"https:\/\/spriv.vojvodina.gov.rs\/rs\/%d1%83%d1%80%d1%83%d1%87%d0%b5%d0%bd%d0%b8-%d1%83%d0%b3%d0%be%d0%b2%d0%be%d1%80%d0%b8-%d0%b7%d0%b0-%d1%84%d0%b8%d0%bd%d0%b0%d0%bd%d1%81%d0%b8%d1%80%d0%b0%d1%9a%d0%b5-%d0%bf%d1%80%d0%be%d1%98%d0%b5\/\">Uru\u010deni ugovori za finansiranje projekata iz oblasti elektronskih komunikacija i informacionog dru\u0161tva<\/a> <span class=\"excerpt-dash\">-<\/span> <span class=\"excerpt\">Pokrajinski sekretar za privredu i turizam dr Nenad Ivani\u0161evi\u0107 uru\u010dio je danas ugovore, u vrednosti od 5,5 miliona dinara, predstavnicima&hellip; <span class=\"excerpt-more\"> <\/span><\/span><\/div><div class=\"listing-item\"><a class=\"image\" href=\"https:\/\/spriv.vojvodina.gov.rs\/rs\/%d1%81%d0%b5%d0%ba%d1%80%d0%b5%d1%82%d0%b0%d1%80-%d0%b8%d0%b2%d0%b0%d0%bd%d0%b8%d1%88%d0%b5%d0%b2%d0%b8%d1%9b-%d1%83%d1%80%d1%83%d1%87%d0%b8%d0%be-%d1%81%d0%b5%d1%80%d1%82%d0%b8%d1%84%d0%b8%d0%ba\/\"><img loading=\"lazy\" decoding=\"async\" width=\"150\" height=\"150\" src=\"https:\/\/spriv.vojvodina.gov.rs\/wp-content\/uploads\/2026\/01\/Ivanisevic-urucio-sertifikate-proizvodjacima-jakih-alkoholnih-pica-u-AP-Vojvodini-06-150x150.jpg\" class=\"attachment-thumbnail size-thumbnail wp-post-image\" alt=\"\" \/><\/a> <a class=\"title\" href=\"https:\/\/spriv.vojvodina.gov.rs\/rs\/%d1%81%d0%b5%d0%ba%d1%80%d0%b5%d1%82%d0%b0%d1%80-%d0%b8%d0%b2%d0%b0%d0%bd%d0%b8%d1%88%d0%b5%d0%b2%d0%b8%d1%9b-%d1%83%d1%80%d1%83%d1%87%d0%b8%d0%be-%d1%81%d0%b5%d1%80%d1%82%d0%b8%d1%84%d0%b8%d0%ba\/\">Sekretar Ivani\u0161evi\u0107 uru\u010dio sertifikate proizvo\u0111a\u010dima jakih alkoholnih pi\u0107a u AP Vojvodini<\/a> <span class=\"excerpt-dash\">-<\/span> <span class=\"excerpt\">Pokrajinski sekretar za privredu i turizam dr Nenad Ivani\u0161evi\u0107 uru\u010dio je danas sertifikate proizvo\u0111a\u010dima jakih alkoholnih pi\u0107a nakon zavr\u0161etka projekta&hellip; <span class=\"excerpt-more\"> <\/span><\/span><\/div><div class=\"listing-item\"><a class=\"image\" href=\"https:\/\/spriv.vojvodina.gov.rs\/rs\/%d0%b2%d0%be%d1%98%d0%b2%d0%be%d1%92%d0%b0%d0%bd%d1%81%d0%ba%d0%b8-%d0%b2%d0%b8%d0%bd%d0%b0%d1%80%d0%b8-%d0%bd%d0%b0-%d0%bf%d0%b0%d0%b2%d0%b8%d1%99%d0%be%d0%bd%d1%83-%d0%bf%d0%be%d0%ba%d1%80%d0%b0\/\"><img loading=\"lazy\" decoding=\"async\" width=\"150\" height=\"150\" src=\"https:\/\/spriv.vojvodina.gov.rs\/wp-content\/uploads\/2025\/12\/Predstavljanje-vinara-na-paviljonu-Pokrajinskog-sekretarijata-za-privredu-i-turizam-02-150x150.jpg\" class=\"attachment-thumbnail size-thumbnail wp-post-image\" alt=\"Vojvo\u0111anski vinari\" \/><\/a> <a class=\"title\" href=\"https:\/\/spriv.vojvodina.gov.rs\/rs\/%d0%b2%d0%be%d1%98%d0%b2%d0%be%d1%92%d0%b0%d0%bd%d1%81%d0%ba%d0%b8-%d0%b2%d0%b8%d0%bd%d0%b0%d1%80%d0%b8-%d0%bd%d0%b0-%d0%bf%d0%b0%d0%b2%d0%b8%d1%99%d0%be%d0%bd%d1%83-%d0%bf%d0%be%d0%ba%d1%80%d0%b0\/\">Vojvo\u0111anski vinari na paviljonu Pokrajinskog sekretarijata za privredu i turizam<\/a> <span class=\"excerpt-dash\">-<\/span> <span class=\"excerpt\">Na paviljonu Pokrajinskog sekretarijata za privredu i turizam u okviru novosadskog Sajma turizma, resorni sekretar dr Nenad Ivani\u0161evi\u0107 predstavio je&hellip; <span class=\"excerpt-more\"> <\/span><\/span><\/div><div class=\"listing-item\"><a class=\"image\" href=\"https:\/\/spriv.vojvodina.gov.rs\/rs\/%d0%be%d1%82%d0%b2%d0%be%d1%80%d0%b5%d0%bd-%d0%bf%d0%b0%d0%b2%d0%b8%d1%99%d0%be%d0%bd-%d0%bf%d0%be%d0%ba%d1%80%d0%b0%d1%98%d0%b8%d0%bd%d1%81%d0%ba%d0%be%d0%b3-%d1%81%d0%b5%d0%ba%d1%80%d0%b5%d1%82-2\/\"><img loading=\"lazy\" decoding=\"async\" width=\"150\" height=\"150\" src=\"https:\/\/spriv.vojvodina.gov.rs\/wp-content\/uploads\/2025\/12\/Otvoren-Paviljon-Pokrajinskog-sekretarijata-za-privredu-i-turizam-na-Medjunarodnom-sajmu-turizma-01-150x150.jpg\" class=\"attachment-thumbnail size-thumbnail wp-post-image\" alt=\"\" \/><\/a> <a class=\"title\" href=\"https:\/\/spriv.vojvodina.gov.rs\/rs\/%d0%be%d1%82%d0%b2%d0%be%d1%80%d0%b5%d0%bd-%d0%bf%d0%b0%d0%b2%d0%b8%d1%99%d0%be%d0%bd-%d0%bf%d0%be%d0%ba%d1%80%d0%b0%d1%98%d0%b8%d0%bd%d1%81%d0%ba%d0%be%d0%b3-%d1%81%d0%b5%d0%ba%d1%80%d0%b5%d1%82-2\/\">Otvoren paviljon Pokrajinskog sekretarijata za privredu i turizam na 56. Me\u0111unarodnom sajmu turizma<\/a> <span class=\"excerpt-dash\">-<\/span> <span class=\"excerpt\">Pokrajinski sekretar za privredu i turizam dr Nenad Ivani\u0161evi\u0107 otvorio je danas, u okviru 56. Me\u0111unarodnog sajma turizma, paviljon resornog&hellip; <span class=\"excerpt-more\"> <\/span><\/span><\/div><div class=\"listing-item\"><a class=\"image\" href=\"https:\/\/spriv.vojvodina.gov.rs\/rs\/%d0%b8%d0%b2%d0%b0%d0%bd%d0%b8%d1%88%d0%b5%d0%b2%d0%b8%d1%9b-%d0%b8-%d0%b3%d0%b0%d0%ba-%d0%bf%d0%be%d1%82%d0%bf%d0%b8%d1%81%d0%b0%d0%bb%d0%b8-%d0%bc%d0%b5%d0%bc%d0%be%d1%80%d0%b0%d0%bd%d0%b4%d1%83\/\"><img loading=\"lazy\" decoding=\"async\" width=\"150\" height=\"150\" src=\"https:\/\/spriv.vojvodina.gov.rs\/wp-content\/uploads\/2025\/12\/IMG-b5d7f70005f789152c539cd2419a4dfd-V-150x150.jpg\" class=\"attachment-thumbnail size-thumbnail wp-post-image\" alt=\"\" \/><\/a> <a class=\"title\" href=\"https:\/\/spriv.vojvodina.gov.rs\/rs\/%d0%b8%d0%b2%d0%b0%d0%bd%d0%b8%d1%88%d0%b5%d0%b2%d0%b8%d1%9b-%d0%b8-%d0%b3%d0%b0%d0%ba-%d0%bf%d0%be%d1%82%d0%bf%d0%b8%d1%81%d0%b0%d0%bb%d0%b8-%d0%bc%d0%b5%d0%bc%d0%be%d1%80%d0%b0%d0%bd%d0%b4%d1%83\/\">Ivani\u0161evi\u0107 i Gak potpisali Memorandum o saradnji za unapre\u0111enje umre\u017eavanja privatnog sektora i realizacije sajamskih manifestacija<\/a> <span class=\"excerpt-dash\">-<\/span> <span class=\"excerpt\">Pokrajinski sekretar za privredu i turizam dr Nenad Ivani\u0161evi\u0107 i predsednik Privredne komore Vojvodine Vladimir Gak, potpisali su danas Memorandum&hellip; <span class=\"excerpt-more\"> <\/span><\/span><\/div><div class=\"listing-item\"><a class=\"image\" href=\"https:\/\/spriv.vojvodina.gov.rs\/rs\/%d0%be%d1%82%d0%b2%d0%be%d1%80%d0%b5%d0%bd-56-%d0%bc%d0%b5%d1%92%d1%83%d0%bd%d0%b0%d1%80%d0%be%d0%b4%d0%bd%d0%b8-%d1%81%d0%b0%d1%98%d0%b0%d0%bc-%d1%82%d1%83%d1%80%d0%b8%d0%b7%d0%bc%d0%b0-%d1%83\/\"><img loading=\"lazy\" decoding=\"async\" width=\"150\" height=\"150\" src=\"https:\/\/spriv.vojvodina.gov.rs\/wp-content\/uploads\/2025\/12\/Otvoren-Sajam-turizma-04-150x150.jpg\" class=\"attachment-thumbnail size-thumbnail wp-post-image\" alt=\"\" \/><\/a> <a class=\"title\" href=\"https:\/\/spriv.vojvodina.gov.rs\/rs\/%d0%be%d1%82%d0%b2%d0%be%d1%80%d0%b5%d0%bd-56-%d0%bc%d0%b5%d1%92%d1%83%d0%bd%d0%b0%d1%80%d0%be%d0%b4%d0%bd%d0%b8-%d1%81%d0%b0%d1%98%d0%b0%d0%bc-%d1%82%d1%83%d1%80%d0%b8%d0%b7%d0%bc%d0%b0-%d1%83\/\">Otvoren 56. Me\u0111unarodni sajam turizma u Novom Sadu<\/a> <span class=\"excerpt-dash\">-<\/span> <span class=\"excerpt\">Me\u0111unarodni sajam turizma, 56. po redu, otvoren je danas na Novosadskom sajmu. Zemlja partner ovogodi\u0161njeg Sajma, koji okuplja preko 250&hellip; <span class=\"excerpt-more\"> <\/span><\/span><\/div><div class=\"listing-item\"><a class=\"image\" href=\"https:\/\/spriv.vojvodina.gov.rs\/rs\/12686-2\/\"><img loading=\"lazy\" decoding=\"async\" width=\"150\" height=\"150\" src=\"https:\/\/spriv.vojvodina.gov.rs\/wp-content\/uploads\/2025\/12\/Potpisivanje-Protokola-o-saradnji-izmedju-Pokrajinskog-sekretarijata-za-privredu-i-turizam-i-Ministarstva-privrede-Unsko-sanskog-kantona-03-150x150.jpg\" class=\"attachment-thumbnail size-thumbnail wp-post-image\" alt=\"\" \/><\/a> <a class=\"title\" href=\"https:\/\/spriv.vojvodina.gov.rs\/rs\/12686-2\/\">Potpisan protokol o ja\u010danju privredne i turisti\u010dke saradnje Vojvodine i Unsko-sanskog kantona<\/a> <span class=\"excerpt-dash\">-<\/span> <span class=\"excerpt\">U Pokrajinskoj vladi danas je potpisan Protokol o saradnji izme\u0111u Pokrajinskog sekretarijata za privredu i turizam i Ministarstva privrede Unsko-sanskog&hellip; <span class=\"excerpt-more\"> <\/span><\/span><\/div><\/div><\/p>\n<p><a href=\"\/category\/vesti\/\">Sve vesti<\/a><\/p>","protected":false},"excerpt":{"rendered":"U Pokrajinskoj vladi danas je potpisan Protokol o saradnji izme\u0111u Pokrajinskog sekretarijata za privredu i turizam i Ministarstva privrede Unsko-sanskog kantona.\n\nProtokol su potpisali pokrajinski sekretar dr Nenad Ivani\u0161evi\u0107 i ministar Samra Mehi\u0107.\nInstitucionalna saradnja bi\u0107e realizovana u oblastima od&hellip;","protected":false},"author":3,"featured_media":6258,"parent":0,"menu_order":0,"comment_status":"closed","ping_status":"closed","template":"PageWithoutSidebar.php","meta":{"footnotes":""},"class_list":["post-6602","page","type-page","status-publish","has-post-thumbnail","hentry"],"yoast_head":"<!-- This site is optimized with the Yoast SEO plugin v27.3 - https:\/\/yoast.com\/product\/yoast-seo-wordpress\/ -->\n<title>Najnovije - \u041f\u043e\u043a\u0440\u0430\u0458\u0438\u043d\u0441\u043a\u0438 \u0441\u0435\u043a\u0440\u0435\u0442\u0430\u0440\u0438\u0458\u0430\u0442 \u0437\u0430 \u043f\u0440\u0438\u0432\u0440\u0435\u0434\u0443 \u0438 \u0442\u0443\u0440\u0438\u0437\u0430\u043c<\/title>\n<meta name=\"robots\" content=\"index, follow, max-snippet:-1, max-image-preview:large, max-video-preview:-1\" \/>\n<link rel=\"canonical\" href=\"https:\/\/spriv.vojvodina.gov.rs\/rs\/\u043f\u043e\u0447\u0435\u0442\u043d\u0430\/\" \/>\n<meta property=\"og:locale\" content=\"sr_RS\" \/>\n<meta property=\"og:type\" content=\"article\" \/>\n<meta property=\"og:title\" content=\"Najnovije - \u041f\u043e\u043a\u0440\u0430\u0458\u0438\u043d\u0441\u043a\u0438 \u0441\u0435\u043a\u0440\u0435\u0442\u0430\u0440\u0438\u0458\u0430\u0442 \u0437\u0430 \u043f\u0440\u0438\u0432\u0440\u0435\u0434\u0443 \u0438 \u0442\u0443\u0440\u0438\u0437\u0430\u043c\" \/>\n<meta property=\"og:description\" content=\"U Pokrajinskoj vladi danas je potpisan Protokol o saradnji izme\u0111u Pokrajinskog sekretarijata za privredu i turizam i Ministarstva privrede Unsko-sanskog kantona. Protokol su potpisali pokrajinski sekretar dr Nenad Ivani\u0161evi\u0107 i ministar Samra Mehi\u0107. Institucionalna saradnja bi\u0107e realizovana u oblastima od&hellip;\" \/>\n<meta property=\"og:url\" content=\"https:\/\/spriv.vojvodina.gov.rs\/\u043f\u043e\u0447\u0435\u0442\u043d\u0430\/\" \/>\n<meta property=\"og:site_name\" content=\"\u041f\u043e\u043a\u0440\u0430\u0458\u0438\u043d\u0441\u043a\u0438 \u0441\u0435\u043a\u0440\u0435\u0442\u0430\u0440\u0438\u0458\u0430\u0442 \u0437\u0430 \u043f\u0440\u0438\u0432\u0440\u0435\u0434\u0443 \u0438 \u0442\u0443\u0440\u0438\u0437\u0430\u043c\" \/>\n<meta property=\"article:modified_time\" content=\"2021-11-24T12:04:48+00:00\" \/>\n<meta property=\"og:image\" content=\"https:\/\/spriv.vojvodina.gov.rs\/wp-content\/uploads\/2021\/10\/29-10-2021-GIZ-mala.JPG\" \/>\n\t<meta property=\"og:image:width\" content=\"150\" \/>\n\t<meta property=\"og:image:height\" content=\"100\" \/>\n\t<meta property=\"og:image:type\" content=\"image\/jpeg\" \/>\n<meta name=\"twitter:card\" content=\"summary_large_image\" \/>\n<script type=\"application\/ld+json\" class=\"yoast-schema-graph\">{\"@context\":\"https:\\\/\\\/schema.org\",\"@graph\":[{\"@type\":\"WebPage\",\"@id\":\"https:\\\/\\\/spriv.vojvodina.gov.rs\\\/%d0%bf%d0%be%d1%87%d0%b5%d1%82%d0%bd%d0%b0\\\/\",\"url\":\"https:\\\/\\\/spriv.vojvodina.gov.rs\\\/%d0%bf%d0%be%d1%87%d0%b5%d1%82%d0%bd%d0%b0\\\/\",\"name\":\"Najnovije - \u041f\u043e\u043a\u0440\u0430\u0458\u0438\u043d\u0441\u043a\u0438 \u0441\u0435\u043a\u0440\u0435\u0442\u0430\u0440\u0438\u0458\u0430\u0442 \u0437\u0430 \u043f\u0440\u0438\u0432\u0440\u0435\u0434\u0443 \u0438 \u0442\u0443\u0440\u0438\u0437\u0430\u043c\",\"isPartOf\":{\"@id\":\"https:\\\/\\\/spriv.vojvodina.gov.rs\\\/#website\"},\"primaryImageOfPage\":{\"@id\":\"https:\\\/\\\/spriv.vojvodina.gov.rs\\\/%d0%bf%d0%be%d1%87%d0%b5%d1%82%d0%bd%d0%b0\\\/#primaryimage\"},\"image\":{\"@id\":\"https:\\\/\\\/spriv.vojvodina.gov.rs\\\/%d0%bf%d0%be%d1%87%d0%b5%d1%82%d0%bd%d0%b0\\\/#primaryimage\"},\"thumbnailUrl\":\"https:\\\/\\\/spriv.vojvodina.gov.rs\\\/wp-content\\\/uploads\\\/2021\\\/10\\\/29-10-2021-GIZ-mala.JPG\",\"datePublished\":\"2021-11-16T17:57:03+00:00\",\"dateModified\":\"2021-11-24T12:04:48+00:00\",\"breadcrumb\":{\"@id\":\"https:\\\/\\\/spriv.vojvodina.gov.rs\\\/%d0%bf%d0%be%d1%87%d0%b5%d1%82%d0%bd%d0%b0\\\/#breadcrumb\"},\"inLanguage\":\"sr-RS\",\"potentialAction\":[{\"@type\":\"ReadAction\",\"target\":[\"https:\\\/\\\/spriv.vojvodina.gov.rs\\\/%d0%bf%d0%be%d1%87%d0%b5%d1%82%d0%bd%d0%b0\\\/\"]}]},{\"@type\":\"ImageObject\",\"inLanguage\":\"sr-RS\",\"@id\":\"https:\\\/\\\/spriv.vojvodina.gov.rs\\\/%d0%bf%d0%be%d1%87%d0%b5%d1%82%d0%bd%d0%b0\\\/#primaryimage\",\"url\":\"https:\\\/\\\/spriv.vojvodina.gov.rs\\\/wp-content\\\/uploads\\\/2021\\\/10\\\/29-10-2021-GIZ-mala.JPG\",\"contentUrl\":\"https:\\\/\\\/spriv.vojvodina.gov.rs\\\/wp-content\\\/uploads\\\/2021\\\/10\\\/29-10-2021-GIZ-mala.JPG\",\"width\":150,\"height\":100},{\"@type\":\"BreadcrumbList\",\"@id\":\"https:\\\/\\\/spriv.vojvodina.gov.rs\\\/%d0%bf%d0%be%d1%87%d0%b5%d1%82%d0%bd%d0%b0\\\/#breadcrumb\",\"itemListElement\":[{\"@type\":\"ListItem\",\"position\":1,\"name\":\"Home\",\"item\":\"https:\\\/\\\/spriv.vojvodina.gov.rs\\\/\"},{\"@type\":\"ListItem\",\"position\":2,\"name\":\"\u041d\u0430\u0458\u043d\u043e\u0432\u0438\u0458\u0435\"}]},{\"@type\":\"WebSite\",\"@id\":\"https:\\\/\\\/spriv.vojvodina.gov.rs\\\/#website\",\"url\":\"https:\\\/\\\/spriv.vojvodina.gov.rs\\\/\",\"name\":\"\u041f\u043e\u043a\u0440\u0430\u0458\u0438\u043d\u0441\u043a\u0438 \u0441\u0435\u043a\u0440\u0435\u0442\u0430\u0440\u0438\u0458\u0430\u0442 \u0437\u0430 \u043f\u0440\u0438\u0432\u0440\u0435\u0434\u0443 \u0438 \u0442\u0443\u0440\u0438\u0437\u0430\u043c\",\"description\":\"\u041f\u043e\u043a\u0440\u0430\u0458\u0438\u043d\u0441\u043a\u0438 \u0441\u0435\u043a\u0440\u0435\u0442\u0430\u0440\u0438\u0458\u0430\u0442 \u0437\u0430 \u043f\u0440\u0438\u0432\u0440\u0435\u0434\u0443 \u0438 \u0442\u0443\u0440\u0438\u0437\u0430\u043c\",\"potentialAction\":[{\"@type\":\"SearchAction\",\"target\":{\"@type\":\"EntryPoint\",\"urlTemplate\":\"https:\\\/\\\/spriv.vojvodina.gov.rs\\\/?s={search_term_string}\"},\"query-input\":{\"@type\":\"PropertyValueSpecification\",\"valueRequired\":true,\"valueName\":\"search_term_string\"}}],\"inLanguage\":\"sr-RS\"}]}<\/script>\n<!-- \/ Yoast SEO plugin. -->","yoast_head_json":{"title":"Najnovije - \u041f\u043e\u043a\u0440\u0430\u0458\u0438\u043d\u0441\u043a\u0438 \u0441\u0435\u043a\u0440\u0435\u0442\u0430\u0440\u0438\u0458\u0430\u0442 \u0437\u0430 \u043f\u0440\u0438\u0432\u0440\u0435\u0434\u0443 \u0438 \u0442\u0443\u0440\u0438\u0437\u0430\u043c","robots":{"index":"index","follow":"follow","max-snippet":"max-snippet:-1","max-image-preview":"max-image-preview:large","max-video-preview":"max-video-preview:-1"},"canonical":"https:\/\/spriv.vojvodina.gov.rs\/rs\/\u043f\u043e\u0447\u0435\u0442\u043d\u0430\/","og_locale":"sr_RS","og_type":"article","og_title":"Najnovije - \u041f\u043e\u043a\u0440\u0430\u0458\u0438\u043d\u0441\u043a\u0438 \u0441\u0435\u043a\u0440\u0435\u0442\u0430\u0440\u0438\u0458\u0430\u0442 \u0437\u0430 \u043f\u0440\u0438\u0432\u0440\u0435\u0434\u0443 \u0438 \u0442\u0443\u0440\u0438\u0437\u0430\u043c","og_description":"U Pokrajinskoj vladi danas je potpisan Protokol o saradnji izme\u0111u Pokrajinskog sekretarijata za privredu i turizam i Ministarstva privrede Unsko-sanskog kantona. Protokol su potpisali pokrajinski sekretar dr Nenad Ivani\u0161evi\u0107 i ministar Samra Mehi\u0107. Institucionalna saradnja bi\u0107e realizovana u oblastima od&hellip;","og_url":"https:\/\/spriv.vojvodina.gov.rs\/\u043f\u043e\u0447\u0435\u0442\u043d\u0430\/","og_site_name":"\u041f\u043e\u043a\u0440\u0430\u0458\u0438\u043d\u0441\u043a\u0438 \u0441\u0435\u043a\u0440\u0435\u0442\u0430\u0440\u0438\u0458\u0430\u0442 \u0437\u0430 \u043f\u0440\u0438\u0432\u0440\u0435\u0434\u0443 \u0438 \u0442\u0443\u0440\u0438\u0437\u0430\u043c","article_modified_time":"2021-11-24T12:04:48+00:00","og_image":[{"width":150,"height":100,"url":"https:\/\/spriv.vojvodina.gov.rs\/wp-content\/uploads\/2021\/10\/29-10-2021-GIZ-mala.JPG","type":"image\/jpeg"}],"twitter_card":"summary_large_image","schema":{"@context":"https:\/\/schema.org","@graph":[{"@type":"WebPage","@id":"https:\/\/spriv.vojvodina.gov.rs\/%d0%bf%d0%be%d1%87%d0%b5%d1%82%d0%bd%d0%b0\/","url":"https:\/\/spriv.vojvodina.gov.rs\/%d0%bf%d0%be%d1%87%d0%b5%d1%82%d0%bd%d0%b0\/","name":"Najnovije - \u041f\u043e\u043a\u0440\u0430\u0458\u0438\u043d\u0441\u043a\u0438 \u0441\u0435\u043a\u0440\u0435\u0442\u0430\u0440\u0438\u0458\u0430\u0442 \u0437\u0430 \u043f\u0440\u0438\u0432\u0440\u0435\u0434\u0443 \u0438 \u0442\u0443\u0440\u0438\u0437\u0430\u043c","isPartOf":{"@id":"https:\/\/spriv.vojvodina.gov.rs\/#website"},"primaryImageOfPage":{"@id":"https:\/\/spriv.vojvodina.gov.rs\/%d0%bf%d0%be%d1%87%d0%b5%d1%82%d0%bd%d0%b0\/#primaryimage"},"image":{"@id":"https:\/\/spriv.vojvodina.gov.rs\/%d0%bf%d0%be%d1%87%d0%b5%d1%82%d0%bd%d0%b0\/#primaryimage"},"thumbnailUrl":"https:\/\/spriv.vojvodina.gov.rs\/wp-content\/uploads\/2021\/10\/29-10-2021-GIZ-mala.JPG","datePublished":"2021-11-16T17:57:03+00:00","dateModified":"2021-11-24T12:04:48+00:00","breadcrumb":{"@id":"https:\/\/spriv.vojvodina.gov.rs\/%d0%bf%d0%be%d1%87%d0%b5%d1%82%d0%bd%d0%b0\/#breadcrumb"},"inLanguage":"sr-RS","potentialAction":[{"@type":"ReadAction","target":["https:\/\/spriv.vojvodina.gov.rs\/%d0%bf%d0%be%d1%87%d0%b5%d1%82%d0%bd%d0%b0\/"]}]},{"@type":"ImageObject","inLanguage":"sr-RS","@id":"https:\/\/spriv.vojvodina.gov.rs\/%d0%bf%d0%be%d1%87%d0%b5%d1%82%d0%bd%d0%b0\/#primaryimage","url":"https:\/\/spriv.vojvodina.gov.rs\/wp-content\/uploads\/2021\/10\/29-10-2021-GIZ-mala.JPG","contentUrl":"https:\/\/spriv.vojvodina.gov.rs\/wp-content\/uploads\/2021\/10\/29-10-2021-GIZ-mala.JPG","width":150,"height":100},{"@type":"BreadcrumbList","@id":"https:\/\/spriv.vojvodina.gov.rs\/%d0%bf%d0%be%d1%87%d0%b5%d1%82%d0%bd%d0%b0\/#breadcrumb","itemListElement":[{"@type":"ListItem","position":1,"name":"Home","item":"https:\/\/spriv.vojvodina.gov.rs\/"},{"@type":"ListItem","position":2,"name":"\u041d\u0430\u0458\u043d\u043e\u0432\u0438\u0458\u0435"}]},{"@type":"WebSite","@id":"https:\/\/spriv.vojvodina.gov.rs\/#website","url":"https:\/\/spriv.vojvodina.gov.rs\/","name":"\u041f\u043e\u043a\u0440\u0430\u0458\u0438\u043d\u0441\u043a\u0438 \u0441\u0435\u043a\u0440\u0435\u0442\u0430\u0440\u0438\u0458\u0430\u0442 \u0437\u0430 \u043f\u0440\u0438\u0432\u0440\u0435\u0434\u0443 \u0438 \u0442\u0443\u0440\u0438\u0437\u0430\u043c","description":"\u041f\u043e\u043a\u0440\u0430\u0458\u0438\u043d\u0441\u043a\u0438 \u0441\u0435\u043a\u0440\u0435\u0442\u0430\u0440\u0438\u0458\u0430\u0442 \u0437\u0430 \u043f\u0440\u0438\u0432\u0440\u0435\u0434\u0443 \u0438 \u0442\u0443\u0440\u0438\u0437\u0430\u043c","potentialAction":[{"@type":"SearchAction","target":{"@type":"EntryPoint","urlTemplate":"https:\/\/spriv.vojvodina.gov.rs\/?s={search_term_string}"},"query-input":{"@type":"PropertyValueSpecification","valueRequired":true,"valueName":"search_term_string"}}],"inLanguage":"sr-RS"}]}},"_links":{"self":[{"href":"https:\/\/spriv.vojvodina.gov.rs\/rs\/wp-json\/wp\/v2\/pages\/6602","targetHints":{"allow":["GET"]}}],"collection":[{"href":"https:\/\/spriv.vojvodina.gov.rs\/rs\/wp-json\/wp\/v2\/pages"}],"about":[{"href":"https:\/\/spriv.vojvodina.gov.rs\/rs\/wp-json\/wp\/v2\/types\/page"}],"author":[{"embeddable":true,"href":"https:\/\/spriv.vojvodina.gov.rs\/rs\/wp-json\/wp\/v2\/users\/3"}],"replies":[{"embeddable":true,"href":"https:\/\/spriv.vojvodina.gov.rs\/rs\/wp-json\/wp\/v2\/comments?post=6602"}],"version-history":[{"count":56,"href":"https:\/\/spriv.vojvodina.gov.rs\/rs\/wp-json\/wp\/v2\/pages\/6602\/revisions"}],"predecessor-version":[{"id":7668,"href":"https:\/\/spriv.vojvodina.gov.rs\/rs\/wp-json\/wp\/v2\/pages\/6602\/revisions\/7668"}],"wp:featuredmedia":[{"embeddable":true,"href":"https:\/\/spriv.vojvodina.gov.rs\/rs\/wp-json\/wp\/v2\/media\/6258"}],"wp:attachment":[{"href":"https:\/\/spriv.vojvodina.gov.rs\/rs\/wp-json\/wp\/v2\/media?parent=6602"}],"curies":[{"name":"wp","href":"https:\/\/api.w.org\/{rel}","templated":true}]}}