{"id":6468,"date":"2021-11-16T08:40:33","date_gmt":"2021-11-16T08:40:33","guid":{"rendered":"http:\/\/spriv.vojvodina.gov.rs\/?page_id=6468"},"modified":"2021-11-19T11:00:35","modified_gmt":"2021-11-19T11:00:35","slug":"usluge","status":"publish","type":"page","link":"https:\/\/spriv.vojvodina.gov.rs\/rs\/usluge\/","title":{"rendered":"Usluge"},"content":{"rendered":"<p><strong>Postupanje po zahtevu za slobodan pristup informacijama od javnog zna\u010daja<\/strong><\/p>\n<p><strong>Informacija od javnog zna\u010daja<\/strong><\/p>\n<p>Informacija od javnog zna\u010daja, u smislu Zakona o slobodnom pristupu informacijama od javnog zna\u010daja (\u201eSl. glasnik RS\u201c, br. 120\/04, 54\/07, 104\/09 i 36\/10), jeste informacija kojom raspola\u017ee organ javne vlasti, nastala u radu ili u vezi sa radom organa javne vlasti, sadr\u017eana u odre\u0111enom dokumentu, a odnosi se na sve ono o \u010demu javnost ima opravdan interes da zna.<\/p>\n<p><strong>Zahtev<\/strong><\/p>\n<p>Tra\u017eilac informacije od javnog zna\u010daja podnosi pismeni zahtev Pokrajinskom sekretarijatu za privredu i turizam za ostvarivanje prava na pristup informacijama od javnog zna\u010daja. Zahtev mora sadr\u017eati naziv organa vlasti, ime, prezime i adresu tra\u017eioca, kao i \u0161to precizniji opis informacije koja se tra\u017ei. Zahtev mo\u017ee sadr\u017eati i druge podatke koji olak\u0161avaju pronala\u017eenje tra\u017eene informacije. U zahtevu tra\u017eilac tako\u0111e treba da navede u kom obliku \u017eeli da mu se tra\u017eeneinformacije izdaju.Tra\u017eilac ne mora navesti razloge za zahtev.Ako ako zahtev nije uredan,ovla\u0161\u0107eno lice Pokrajinskog sekretarijata za privredu i turizam du\u017eno je da, bez nadoknade, pou\u010di tra\u017eioca kako da tenedostatke otkloni, odnosno da dostavi tra\u017eiocu uputstvo o dopuni. Ako tra\u017eilac ne otkloni nedostatke u odre\u0111enom roku, odnosno u roku od 15 dana od dana prijema uputstva o dopuni, a nedostaci su takvi da se po zahtevu ne mo\u017ee postupati, Pokrajinski sekretarijat za privredu i turizam done\u0107e zaklju\u010dak o odbacivanju zahteva kao neurednog.<\/p>\n<p><strong>Postupanje po zahtevu<\/strong><\/p>\n<p>Pokrajinski sekretarijat za privredu i turizam je du\u017ean da omogu\u0107i pristup informacijama i na osnovu usmenog zahteva tra\u017eioca koji sesaop\u0161tava u zapisnik, pri \u010demu se takav zahtev unosi u posebnu evidenciju iprimenjuju se rokovi kao da je zahtev podnet pismeno.<\/p>\n<p>Pokrajinski sekretarijat za privredu i turizam je propisao Obrazac za podno\u0161enje zahteva (u prilogu), ali \u0107e razmotriti i zahtev kojinije sa\u010dinjen na tom Obrascu.<\/p>\n<p>Pokrajinski sekretarijat za privredu i turizam je du\u017ean da bez odlaganja, a najkasnije u roku od 15 dana od dana prijema zahteva, tra\u017eioca obavesti o posedovanju informacije, stavi mu na uvid dokument koji sadr\u017ei tra\u017eenu informaciju, odnosno izda mu ili mu uputi kopiju tog dokumenta. \u041aopija dokumentaje upu\u0107ena tra\u017eiocu danom napu\u0161tanja pisarnice Uprave za zajedni\u010dke poslove pokrajinskih organa.<\/p>\n<p>Ako Pokrajinski sekretarijat za privredu i turizam nije u mogu\u0107nosti, iz opravdanih razloga, da u roku od 15 dana od dana prijema zahteva, obavesti tra\u017eioca o posedovanju informacije, da mu stavi na uvid dokument kojisadr\u017ei tra\u017eenu informaciju, da mu izda, odnosno uputi kopiju tog dokumenta, du\u017eanje da o tome odmah obavesti tra\u017eioca i odredi naknadni rok, koji ne mo\u017ee biti du\u017eiod 40 dana od dana prijema zahteva, u kome \u0107e tra\u017eioca obavestiti o posedovanju informacije, staviti mu na uvid dokument koji sadr\u017ei tra\u017eenu informaciju.<\/p>\n<p>Ako Pokrajinski sekretarijat za privredu i turizam nazahtev ne odgovori u roku, tra\u017eilac mo\u017ee ulo\u017eiti \u017ealbu Povereniku za informacijeod javnog zna\u010daja, u slu\u010dajevima utvr\u0111enim \u010dlanom 22. Zakona o slobodnom pristupu informacijama od javnog zna\u010daja.<\/p>\n<p>Pokrajinski sekretarijat za privredu i turizam \u0107e zajedno sa obave\u0161tenjem o tome da \u0107e tra\u017eiocu staviti na uvid dokument koji sadr\u017ei tra\u017eenu informaciju, odnosno izdati mu kopiju tog dokumenta, saop\u0161titi tra\u017eiocu vreme, mesto i na\u010din na koji \u0107e mu informacija biti stavljena na uvid, iznos nu\u017enih tro\u0161kova izrade kopije dokumenta, a u slu\u010daju da ne raspola\u017ee tehni\u010dkim sredstvima za izradu kopije, upozna\u0107e tra\u017eioca sa mogu\u0107no\u0161\u0107u da upotrebom svoje opreme izradi kopiju.<\/p>\n<p><strong>Uvid u dokumentaciju<\/strong><\/p>\n<p>Uvid u dokument koji sadr\u017ei tra\u017eenu informaciju vr\u0161i se u slu\u017ebenim prostorijama Pokrajinskog sekretarijata za privredu i turizam. Licu koje nije u stanju da bez pratioca izvr\u0161i uvid u dokument koji sadr\u017ei tra\u017eenu informaciju, omogu\u0107i\u0107e se da to u\u010dini uz pomo\u0107 pratioca.<\/p>\n<p>Ako udovolji zahtevu, Pokrajinski sekretarijat za privredu i turizam ne\u0107e izdati posebno re\u0161enje, nego \u0107e o tome sa\u010diniti slu\u017ebenu bele\u0161ku.<\/p>\n<p>Ako Pokrajinski sekretarijat za privredu i turizam odbije da u celini ili delimi\u010dno obavesti tra\u017eioca o posedovanju informacije, damu stavi na uvid dokument koji sadr\u017ei tra\u017eenu informaciju, da mu izda, odnosno uputi kopiju tog dokumenta, du\u017ean je da donese re\u0161enje o odbijanju zahteva i da to re\u0161enje pismeno obrazlo\u017ei, kao i da u re\u0161enju uputi tra\u017eioca na pravna sredstva koja mo\u017ee izjaviti protiv takvog re\u0161enja.<\/p>\n<p><strong>Upu\u0107ivanje zahteva za slobodan pristup informacijama od javnog zna\u010daja<\/strong><\/p>\n<p>Zahtevi za ostvarivanja prava na pristup informacijama od javnog zna\u010daja mogu dostaviti putem elektronske po\u0161te, telefaksa ili putem po\u0161tanske slu\u017ebe na adresu:<\/p>\n<p><strong>Pokrajinski sekretarijat za privredu i turizam<\/strong><\/p>\n<p><strong>Bulevar Mihajla Pupina 16<\/strong><\/p>\n<p><strong>21000 Novi Sad<\/strong><\/p>\n<p><strong>Republika Srbija<\/strong><\/p>\n<p><strong>ili predati neposredno Prijemnoj kancelariji (Pisarnica) Uprave za zajedni\u010dke poslovepokrajinskih organa, Novi Sad, ulica Banovinski prolaz.<\/strong><\/p>\n<p><strong>Informator o radu<\/strong><\/p>\n<p>Informator o radu Pokrajinskog sekretarijata za privredu i turizamsa\u010dinjen je i objavljen u skladusa \u010dlanom 39. Zakona o slobodnom pristupu informacijama od javnog zna\u010daja(\u201eSlu\u017ebeni glasnik RS\u201c, br. 120\/04, 54\/07, 104\/09 i 36\/10) i Uputstvom za izradu iobjavljivanje informatora o radu dr\u017eavnog organa (\u201eSlu\u017ebeni glasnik RS\u201c, br.68\/10).<\/p>\n<p>Informator se u elektronskoj verziji nalazi na sajtu Pokrajinskog sekretarijata za privredu i turizam na veb adresi, <a href=\"http:\/\/www.spriv.vojvodina.gov.rs\">www.spriv.vojvodina.gov.rs<\/a>, a \u0161tampana kopija Informatora se mo\u017ee nabaviti uprostorijama Sekretarijata.<\/p>\n<p>Za ta\u010dnost i potpunost podataka koje sadr\u017ei Informator odgovorno lice je dr Nenad Ivani\u0161evi\u0107, pokrajinski sekretar.<\/p>\n<p>Lice za postupanje po zahtevima za slobodan pristup informacijama od javnog zna\u010daja:<\/p>\n<p>Sonja Babi\u0107 &#8211; Vejnovi\u0107<\/p>\n<p>Telefon: + 381 (0)21 487 4488<\/p>\n<p>E-mail: sonja.babic@vojvodina.gov.rs<\/p>\n<p><a href=\"http:\/\/spriv.vojvodina.gov.rs\/wp-content\/uploads\/2016\/03\/InformatorPS_2016_azuriran_10.2.2016.pdf\">Informator o radu<\/a><br \/>\n<a href=\"http:\/\/spriv.vojvodina.gov.rs\/wp-content\/uploads\/2015\/06\/Zahtev_za_pristup_informaciji_od_javnog_znacaja.docx\">Zahtev_za_pristup_informaciji_od_javnog_znacaja<\/a><br \/>\n<a href=\"http:\/\/spriv.vojvodina.gov.rs\/wp-content\/uploads\/2016\/03\/Zalba_zbog_nepostupanja_po_zahtevu.docx\">OBRAZAC &#8211; \u017dALBA ZA NEPOSTUPANJE PO ZAHTEVU<\/a><br \/>\n<a href=\"http:\/\/spriv.vojvodina.gov.rs\/wp-content\/uploads\/2016\/03\/Zalba_protiv_donetog_resenja_organa.docx\">OBRAZAC &#8211; \u017dALBA PROTIV DONETOG RE\u0160ENJA<\/a><\/p>","protected":false},"excerpt":{"rendered":"Postupanje po zahtevu za slobodan pristup informacijama od javnog zna\u010daja Informacija od javnog zna\u010daja Informacija od javnog zna\u010daja, u smislu Zakona o slobodnom \n<a class=\"moretag\" href=\"https:\/\/spriv.vojvodina.gov.rs\/rs\/usluge\/\"> [...]<\/a>","protected":false},"author":3,"featured_media":0,"parent":0,"menu_order":0,"comment_status":"closed","ping_status":"closed","template":"","meta":{"footnotes":""},"class_list":["post-6468","page","type-page","status-publish","hentry"],"yoast_head":"<!-- This site is optimized with the Yoast SEO plugin v27.3 - https:\/\/yoast.com\/product\/yoast-seo-wordpress\/ -->\n<title>Usluge - \u041f\u043e\u043a\u0440\u0430\u0458\u0438\u043d\u0441\u043a\u0438 \u0441\u0435\u043a\u0440\u0435\u0442\u0430\u0440\u0438\u0458\u0430\u0442 \u0437\u0430 \u043f\u0440\u0438\u0432\u0440\u0435\u0434\u0443 \u0438 \u0442\u0443\u0440\u0438\u0437\u0430\u043c<\/title>\n<meta name=\"robots\" content=\"index, follow, max-snippet:-1, max-image-preview:large, max-video-preview:-1\" \/>\n<link rel=\"canonical\" href=\"https:\/\/spriv.vojvodina.gov.rs\/rs\/usluge\/\" \/>\n<meta property=\"og:locale\" content=\"sr_RS\" \/>\n<meta property=\"og:type\" content=\"article\" \/>\n<meta property=\"og:title\" content=\"Usluge - \u041f\u043e\u043a\u0440\u0430\u0458\u0438\u043d\u0441\u043a\u0438 \u0441\u0435\u043a\u0440\u0435\u0442\u0430\u0440\u0438\u0458\u0430\u0442 \u0437\u0430 \u043f\u0440\u0438\u0432\u0440\u0435\u0434\u0443 \u0438 \u0442\u0443\u0440\u0438\u0437\u0430\u043c\" \/>\n<meta property=\"og:description\" content=\"Postupanje po zahtevu za slobodan pristup informacijama od javnog zna\u010daja Informacija od javnog zna\u010daja Informacija od javnog zna\u010daja, u smislu Zakona o slobodnom\" \/>\n<meta property=\"og:url\" content=\"https:\/\/spriv.vojvodina.gov.rs\/usluge\/\" \/>\n<meta property=\"og:site_name\" content=\"\u041f\u043e\u043a\u0440\u0430\u0458\u0438\u043d\u0441\u043a\u0438 \u0441\u0435\u043a\u0440\u0435\u0442\u0430\u0440\u0438\u0458\u0430\u0442 \u0437\u0430 \u043f\u0440\u0438\u0432\u0440\u0435\u0434\u0443 \u0438 \u0442\u0443\u0440\u0438\u0437\u0430\u043c\" \/>\n<meta property=\"article:modified_time\" content=\"2021-11-19T11:00:35+00:00\" \/>\n<meta name=\"twitter:card\" content=\"summary_large_image\" \/>\n<meta name=\"twitter:label1\" content=\"\u041f\u0440\u043e\u0446\u0435\u045a\u0435\u043d\u043e \u0432\u0440\u0435\u043c\u0435 \u0447\u0438\u0442\u0430\u045a\u0430\" \/>\n\t<meta name=\"twitter:data1\" content=\"5 \u043c\u0438\u043d\u0443\u0442\u0430\" \/>\n<script type=\"application\/ld+json\" class=\"yoast-schema-graph\">{\"@context\":\"https:\\\/\\\/schema.org\",\"@graph\":[{\"@type\":\"WebPage\",\"@id\":\"https:\\\/\\\/spriv.vojvodina.gov.rs\\\/usluge\\\/\",\"url\":\"https:\\\/\\\/spriv.vojvodina.gov.rs\\\/usluge\\\/\",\"name\":\"Usluge - \u041f\u043e\u043a\u0440\u0430\u0458\u0438\u043d\u0441\u043a\u0438 \u0441\u0435\u043a\u0440\u0435\u0442\u0430\u0440\u0438\u0458\u0430\u0442 \u0437\u0430 \u043f\u0440\u0438\u0432\u0440\u0435\u0434\u0443 \u0438 \u0442\u0443\u0440\u0438\u0437\u0430\u043c\",\"isPartOf\":{\"@id\":\"https:\\\/\\\/spriv.vojvodina.gov.rs\\\/#website\"},\"datePublished\":\"2021-11-16T08:40:33+00:00\",\"dateModified\":\"2021-11-19T11:00:35+00:00\",\"breadcrumb\":{\"@id\":\"https:\\\/\\\/spriv.vojvodina.gov.rs\\\/usluge\\\/#breadcrumb\"},\"inLanguage\":\"sr-RS\",\"potentialAction\":[{\"@type\":\"ReadAction\",\"target\":[\"https:\\\/\\\/spriv.vojvodina.gov.rs\\\/usluge\\\/\"]}]},{\"@type\":\"BreadcrumbList\",\"@id\":\"https:\\\/\\\/spriv.vojvodina.gov.rs\\\/usluge\\\/#breadcrumb\",\"itemListElement\":[{\"@type\":\"ListItem\",\"position\":1,\"name\":\"Home\",\"item\":\"https:\\\/\\\/spriv.vojvodina.gov.rs\\\/\"},{\"@type\":\"ListItem\",\"position\":2,\"name\":\"\u0423\u0441\u043b\u0443\u0433\u0435\"}]},{\"@type\":\"WebSite\",\"@id\":\"https:\\\/\\\/spriv.vojvodina.gov.rs\\\/#website\",\"url\":\"https:\\\/\\\/spriv.vojvodina.gov.rs\\\/\",\"name\":\"\u041f\u043e\u043a\u0440\u0430\u0458\u0438\u043d\u0441\u043a\u0438 \u0441\u0435\u043a\u0440\u0435\u0442\u0430\u0440\u0438\u0458\u0430\u0442 \u0437\u0430 \u043f\u0440\u0438\u0432\u0440\u0435\u0434\u0443 \u0438 \u0442\u0443\u0440\u0438\u0437\u0430\u043c\",\"description\":\"\u041f\u043e\u043a\u0440\u0430\u0458\u0438\u043d\u0441\u043a\u0438 \u0441\u0435\u043a\u0440\u0435\u0442\u0430\u0440\u0438\u0458\u0430\u0442 \u0437\u0430 \u043f\u0440\u0438\u0432\u0440\u0435\u0434\u0443 \u0438 \u0442\u0443\u0440\u0438\u0437\u0430\u043c\",\"potentialAction\":[{\"@type\":\"SearchAction\",\"target\":{\"@type\":\"EntryPoint\",\"urlTemplate\":\"https:\\\/\\\/spriv.vojvodina.gov.rs\\\/?s={search_term_string}\"},\"query-input\":{\"@type\":\"PropertyValueSpecification\",\"valueRequired\":true,\"valueName\":\"search_term_string\"}}],\"inLanguage\":\"sr-RS\"}]}<\/script>\n<!-- \/ Yoast SEO plugin. -->","yoast_head_json":{"title":"Usluge - \u041f\u043e\u043a\u0440\u0430\u0458\u0438\u043d\u0441\u043a\u0438 \u0441\u0435\u043a\u0440\u0435\u0442\u0430\u0440\u0438\u0458\u0430\u0442 \u0437\u0430 \u043f\u0440\u0438\u0432\u0440\u0435\u0434\u0443 \u0438 \u0442\u0443\u0440\u0438\u0437\u0430\u043c","robots":{"index":"index","follow":"follow","max-snippet":"max-snippet:-1","max-image-preview":"max-image-preview:large","max-video-preview":"max-video-preview:-1"},"canonical":"https:\/\/spriv.vojvodina.gov.rs\/rs\/usluge\/","og_locale":"sr_RS","og_type":"article","og_title":"Usluge - \u041f\u043e\u043a\u0440\u0430\u0458\u0438\u043d\u0441\u043a\u0438 \u0441\u0435\u043a\u0440\u0435\u0442\u0430\u0440\u0438\u0458\u0430\u0442 \u0437\u0430 \u043f\u0440\u0438\u0432\u0440\u0435\u0434\u0443 \u0438 \u0442\u0443\u0440\u0438\u0437\u0430\u043c","og_description":"Postupanje po zahtevu za slobodan pristup informacijama od javnog zna\u010daja Informacija od javnog zna\u010daja Informacija od javnog zna\u010daja, u smislu Zakona o slobodnom","og_url":"https:\/\/spriv.vojvodina.gov.rs\/usluge\/","og_site_name":"\u041f\u043e\u043a\u0440\u0430\u0458\u0438\u043d\u0441\u043a\u0438 \u0441\u0435\u043a\u0440\u0435\u0442\u0430\u0440\u0438\u0458\u0430\u0442 \u0437\u0430 \u043f\u0440\u0438\u0432\u0440\u0435\u0434\u0443 \u0438 \u0442\u0443\u0440\u0438\u0437\u0430\u043c","article_modified_time":"2021-11-19T11:00:35+00:00","twitter_card":"summary_large_image","twitter_misc":{"\u041f\u0440\u043e\u0446\u0435\u045a\u0435\u043d\u043e \u0432\u0440\u0435\u043c\u0435 \u0447\u0438\u0442\u0430\u045a\u0430":"5 \u043c\u0438\u043d\u0443\u0442\u0430"},"schema":{"@context":"https:\/\/schema.org","@graph":[{"@type":"WebPage","@id":"https:\/\/spriv.vojvodina.gov.rs\/usluge\/","url":"https:\/\/spriv.vojvodina.gov.rs\/usluge\/","name":"Usluge - \u041f\u043e\u043a\u0440\u0430\u0458\u0438\u043d\u0441\u043a\u0438 \u0441\u0435\u043a\u0440\u0435\u0442\u0430\u0440\u0438\u0458\u0430\u0442 \u0437\u0430 \u043f\u0440\u0438\u0432\u0440\u0435\u0434\u0443 \u0438 \u0442\u0443\u0440\u0438\u0437\u0430\u043c","isPartOf":{"@id":"https:\/\/spriv.vojvodina.gov.rs\/#website"},"datePublished":"2021-11-16T08:40:33+00:00","dateModified":"2021-11-19T11:00:35+00:00","breadcrumb":{"@id":"https:\/\/spriv.vojvodina.gov.rs\/usluge\/#breadcrumb"},"inLanguage":"sr-RS","potentialAction":[{"@type":"ReadAction","target":["https:\/\/spriv.vojvodina.gov.rs\/usluge\/"]}]},{"@type":"BreadcrumbList","@id":"https:\/\/spriv.vojvodina.gov.rs\/usluge\/#breadcrumb","itemListElement":[{"@type":"ListItem","position":1,"name":"Home","item":"https:\/\/spriv.vojvodina.gov.rs\/"},{"@type":"ListItem","position":2,"name":"\u0423\u0441\u043b\u0443\u0433\u0435"}]},{"@type":"WebSite","@id":"https:\/\/spriv.vojvodina.gov.rs\/#website","url":"https:\/\/spriv.vojvodina.gov.rs\/","name":"\u041f\u043e\u043a\u0440\u0430\u0458\u0438\u043d\u0441\u043a\u0438 \u0441\u0435\u043a\u0440\u0435\u0442\u0430\u0440\u0438\u0458\u0430\u0442 \u0437\u0430 \u043f\u0440\u0438\u0432\u0440\u0435\u0434\u0443 \u0438 \u0442\u0443\u0440\u0438\u0437\u0430\u043c","description":"\u041f\u043e\u043a\u0440\u0430\u0458\u0438\u043d\u0441\u043a\u0438 \u0441\u0435\u043a\u0440\u0435\u0442\u0430\u0440\u0438\u0458\u0430\u0442 \u0437\u0430 \u043f\u0440\u0438\u0432\u0440\u0435\u0434\u0443 \u0438 \u0442\u0443\u0440\u0438\u0437\u0430\u043c","potentialAction":[{"@type":"SearchAction","target":{"@type":"EntryPoint","urlTemplate":"https:\/\/spriv.vojvodina.gov.rs\/?s={search_term_string}"},"query-input":{"@type":"PropertyValueSpecification","valueRequired":true,"valueName":"search_term_string"}}],"inLanguage":"sr-RS"}]}},"_links":{"self":[{"href":"https:\/\/spriv.vojvodina.gov.rs\/rs\/wp-json\/wp\/v2\/pages\/6468","targetHints":{"allow":["GET"]}}],"collection":[{"href":"https:\/\/spriv.vojvodina.gov.rs\/rs\/wp-json\/wp\/v2\/pages"}],"about":[{"href":"https:\/\/spriv.vojvodina.gov.rs\/rs\/wp-json\/wp\/v2\/types\/page"}],"author":[{"embeddable":true,"href":"https:\/\/spriv.vojvodina.gov.rs\/rs\/wp-json\/wp\/v2\/users\/3"}],"replies":[{"embeddable":true,"href":"https:\/\/spriv.vojvodina.gov.rs\/rs\/wp-json\/wp\/v2\/comments?post=6468"}],"version-history":[{"count":3,"href":"https:\/\/spriv.vojvodina.gov.rs\/rs\/wp-json\/wp\/v2\/pages\/6468\/revisions"}],"predecessor-version":[{"id":7462,"href":"https:\/\/spriv.vojvodina.gov.rs\/rs\/wp-json\/wp\/v2\/pages\/6468\/revisions\/7462"}],"wp:attachment":[{"href":"https:\/\/spriv.vojvodina.gov.rs\/rs\/wp-json\/wp\/v2\/media?parent=6468"}],"curies":[{"name":"wp","href":"https:\/\/api.w.org\/{rel}","templated":true}]}}