{"id":6459,"date":"2021-11-16T08:30:55","date_gmt":"2021-11-16T08:30:55","guid":{"rendered":"http:\/\/spriv.vojvodina.gov.rs\/?page_id=6459"},"modified":"2021-11-19T11:02:01","modified_gmt":"2021-11-19T11:02:01","slug":"nadleznosti-i-obaveze","status":"publish","type":"page","link":"https:\/\/spriv.vojvodina.gov.rs\/rs\/nadleznosti-i-obaveze\/","title":{"rendered":"Nadle\u017enosti i obaveze"},"content":{"rendered":"<p>U Sekretarijatu, kao osnovne unutra\u0161nje jedinice, obrazuju se sektori:<\/p>\n<ol>\n<li>Sektor za pravne i materijalno-finansijske poslove<\/li>\n<li>Sektor za privredu<\/li>\n<li>Sektor za rad i zapo\u0161ljavanje<\/li>\n<li>Sektor za turizam i regionalno &#8211; privrednu saradnju<\/li>\n<\/ol>\n<p><strong>PRI\u041aAZ RADNIH MESTA<\/strong><\/p>\n<p>Prikaz radnih mesta slu\u017ebenika na polo\u017eaju:<\/p>\n<table>\n<tbody>\n<tr>\n<td width=\"54\">Red. br.<\/td>\n<td width=\"215\">Naziv radnog mesta<\/td>\n<td width=\"182\">Broj sistematizovanih radnih mesta<\/td>\n<td width=\"108\">Broj zaposlenih<\/td>\n<\/tr>\n<tr>\n<td width=\"54\">1.<\/td>\n<td width=\"215\">Podsekretar<\/td>\n<td width=\"182\">1<\/td>\n<td width=\"108\">1<\/td>\n<\/tr>\n<tr>\n<td width=\"54\">2.<\/td>\n<td width=\"215\">Pomo\u0107nik pokrajinskog sekretara<\/td>\n<td width=\"182\">4<\/td>\n<td width=\"108\">4<\/td>\n<\/tr>\n<\/tbody>\n<\/table>\n<p>Prikaz radnih mesta izvr\u0161ilaca razvrstanih u zvanja:<\/p>\n<table>\n<tbody>\n<tr>\n<td width=\"47\">Red. br.<\/td>\n<td width=\"235\">Naziv radnog mesta<\/td>\n<td width=\"154\">Broj sistematizovanih radnih mesta<\/td>\n<td width=\"122\">Broj zaposlenih<\/td>\n<\/tr>\n<tr>\n<td width=\"47\">1.<\/td>\n<td width=\"235\">Vi\u0161i savetnik<\/td>\n<td width=\"154\">4<\/td>\n<td width=\"122\">4<\/td>\n<\/tr>\n<tr>\n<td width=\"47\">2.<\/td>\n<td width=\"235\">Samostalni savetnik<\/td>\n<td width=\"154\">8<\/td>\n<td width=\"122\">8<\/td>\n<\/tr>\n<tr>\n<td width=\"47\">3.<\/td>\n<td width=\"235\">Savetnik<\/td>\n<td width=\"154\">20<\/td>\n<td width=\"122\">24<\/td>\n<\/tr>\n<tr>\n<td width=\"47\">4.<\/td>\n<td width=\"235\">Mla\u0111i savetnik<\/td>\n<td width=\"154\">1<\/td>\n<td width=\"122\">1<\/td>\n<\/tr>\n<\/tbody>\n<\/table>\n<p>Prikaz broja radnih mesta name\u0161tenika:<\/p>\n<table>\n<tbody>\n<tr>\n<td width=\"47\">Red. br.<\/td>\n<td width=\"235\">Naziv radnog mesta<\/td>\n<td width=\"154\">Broj sistematizovanih radnih mesta<\/td>\n<td width=\"154\">Broj zaposlenih<\/td>\n<\/tr>\n<tr>\n<td width=\"47\">1.<\/td>\n<td width=\"235\">Name\u0161tenik<\/td>\n<td width=\"154\">3<\/td>\n<td width=\"154\">3<\/td>\n<\/tr>\n<\/tbody>\n<\/table>\n<p><strong> U \u041a U P N O:<\/strong><\/p>\n<table>\n<tbody>\n<tr>\n<td width=\"283\"><\/td>\n<td width=\"151\"><strong>41<\/strong><\/td>\n<td width=\"155\"><strong>45<\/strong><\/td>\n<\/tr>\n<\/tbody>\n<\/table>\n<p><strong>Pokrajinski sekretar za privredu i turizam<\/strong> je \u010dlan Pokrajinske vlade zadu\u017een za rukovo\u0111enje Sekretarijatom. Pokrajinski sekretar mo\u017ee imati zamenika koji ga zamenjuje i poma\u017ee u okviru obla\u0161\u0107enja koje mu on odredi. U slu\u010daju du\u017ee spre\u010denosti pokrajinskog sekretara, \u0161to treba da konstatuje Pokrajinska vlada, zamenik zamenjuje odsutnog pokrajinskog sekretara i ima sva ovla\u0161\u0107enja pokrajinskog sekretara. Pokrajinski sekretar mo\u017ee ovlastiti zamenika pokrajinskog sekretara da prisustvuje i u\u010destvuje u radu na sednicama Pokrajinske vlade, bez prava glasa.<\/p>\n<p>Pokrajinski sekretar ima <strong>podsekretara<\/strong>. Podsekretar je slu\u017ebenik na polo\u017eaju u prvoj grupi. Podsekretar poma\u017ee pokrajinskom sekretaru u upravljanju kadrovskim, finansijskim, informati\u010dkim i drugim poslovima i u uskla\u0111ivanju rada unutra\u0161njih jedinica Sekretarijata, te sara\u0111uje sa drugim organima.<\/p>\n<p>Radom sektora rukovodi <strong>pomo\u0107nik pokrajinskog sekretara<\/strong> kao slu\u017ebenik na polo\u017eaju u drugoj grupi. Pomo\u0107nik ima ovla\u0161\u0107enja i odgovornost za obavljanje najslo\u017eenijih poslova iz delokruga Sektora kojim rukovodi, za planiranje, organizovanje, usmeravanje i nadzor nad obavljanjem poslova, kao i za zakonito i blagovremeno obavljanje poslova. Pomo\u0107nik odgovara Pokrajinskom sekretaru za svoj rad i za rad Sektora kojim rukovodi.<\/p>\n<p>Radom odeljenja rukovodi <strong>na\u010delnik odeljenja<\/strong>. Radom odseka rukovodi <strong>\u0161ef odseka<\/strong>. Za svoj rad na\u010delnik odeljenja i \u0161ef odseka odgovara pokrajinskom sekretaru i pomo\u0107niku koji rukovodi sektorom u kome je obrazovana ta u\u017ea unutra\u0161nja jedinica.<\/p>\n<p>Za izvr\u0161avanje poslova koji zahtevaju zajedni\u010dki rad zaposlenih iz razli\u010ditih organizacionih jedinica u Sekretarijatu ili zajedni\u010dki rad sa drugim pokrajinskim organima, organizacijama, slu\u017ebama ili direkcijama, pokrajinski sekretar mo\u017ee obrazovati stru\u010dne komisije i radne grupe.<\/p>\n<p><strong>UNUTRA\u0160NJE JEDINICE &#8211; SE\u041aTORI:<\/strong><\/p>\n<p><strong>SE\u041aTOR ZA PRAVNE I MATERIJALNO-FINANSIJS\u041aE POSLOVE<\/strong><\/p>\n<p>U <strong>Sektoru za pravne i materijalno-finansijske poslove<\/strong> obrazovane su dve u\u017ee unutra\u0161nje jedinice : Odsek za pravne poslove i Odeljenje za materijalno-finansijske poslove.<\/p>\n<p>U <strong>Odseku za pravne poslove<\/strong> obavljaju se op\u0161te pravni, upravni, studijsko-analiti\u010dki i stru\u010dno-operativni poslovi, kao i drugi poslovi koji se odnose na stru\u010dnu pripremu akata za sednice Pokrajinske vlade i radnih tela, predlaganje izmena i dopuna propisa iz oblasti privrede, turizma, zapo\u0161ljavanja za Skup\u0161tinu Autonomne pokrajine Vojvodine (u daljem tekstu: Skup\u0161tina) i Pokrajinsku vladu; priprema informacija za davanje saglasnosti Pokrajinske vlade; izrada op\u0161tih i pojedina\u010dnih akata; priprema i izrada kadrovskog plana Sekretarijata; priprema akt o unutra\u0161njoj organizaciji i sistematizaciji radnih mesta, pripremanje odluka o osnivanju organizacija od interesa za Pokrajinu u navedenim oblastima; davanje mi\u0161ljenja na nacrte i predloge zakona i podzakonskih akata u oblasti privrede i turizma; sprovo\u0111enje javnih nabavki; saradnja sa Pravobranila\u0161tvom Autonomne pokrajine Vojvodine, pra\u0107enje rada saveta, komisija i drugih radnih tela Sekretarijata; saradnja sa drugim republi\u010dkim i pokrajinskim organima, slu\u017ebama i organizacijama, organima jedinica lokalne samuprave i drugim institucijama i organizacijama; postupanja po zahtevima za slobodan pristup informacijama od javnog zna\u010daja; poslovi vezani za odnose sa javno\u0161\u0107u; pripremanje i organizovanje \u0161tampanja biltena, publikacija i propagandnog materijala za prezentacije Sekretarijata i privrednih potencijala Pokrajine u zemlji i inostranstvu; sa\u010dinjavanje zapisnika i zaklju\u010daka sa sastanaka Sekretarijata; obavljanje stru\u010dnih, operativnih i administrativnih poslova; drugi poslovi po nalogu Pokrajinskog sekretarai neposrednog rukovodioca.<\/p>\n<p>U <strong>Odeljenju za materijalno-finansijske poslove<\/strong> obavljaju se materijalno-finansijski poslovi za potrebe Sekretarijata i sa njima povezani studijsko-analiti\u010dki, ra\u010dunovodstveni i administrativni poslovi, koji se odnose na: izradu predloga bud\u017eeta Sekretarijata, godi\u0161njeg finansijskog plana Sekretarijata, kvartalnih planova i izve\u0161taja o izvr\u0161enju finansijskih planova Sekretarijata; u\u010destvovanje u izradi i pra\u0107enju plana javnih nabavki za Sekretarijat; izvr\u0161enje svih pla\u0107anja i ugovornih obaveza; izrada re\u0161enja i zahteva za pla\u0107anje; realizacija prispelih finansijskih obaveza u Sekretarijatu i drugi materijalno-finansijski poslovi.<\/p>\n<p>U Sektoru za pravne i materijalno-finansijske poslove obavljaju se i drugi op\u0161te pravni, materijalno-finansijski i drugi poslovi po nalogu Pokrajinskog sekretarai neposrednog rukovodioca.<\/p>\n<p><strong>SE\u041aTOR ZA PRIVREDU<\/strong><\/p>\n<p>U <strong>Sektoru za privredu<\/strong> obrazovana je jedna u\u017ea unutra\u0161nja jedinica: Odeljenje za privredu i telekomunikacije.<\/p>\n<p>U <strong>Odeljenju za privredu i telekomunikacije<\/strong> obavljaju se poslovi koji se odnose na studijsko-analiti\u010dko pra\u0107enje teku\u0107ih privrednih kretanja; pripremu programa mera i programa razvoja privrede i preduzetni\u0161tva; pra\u0107enje ostvarivanja programa i predlaganje mera za njihovo sprovo\u0111enje; pripremanje odluka i op\u0161tih akata za Skup\u0161tinu i Pokrajinsku vladu u oblasti privrede i preduzetni\u0161tva; pra\u0107enje klaster organizacija i inkubator centara; priprema tekst pravilnika i konkursa za podsticaj razvoja privrede i preduzetni\u0161tva; izradu, pra\u0107enja i realizaciju projekata iz oblasti privrede i preduzetni\u0161tva; izradu planova, informacija i izve\u0161taja iz oblasti biznis inkubatora, industrijskih parkova i klastera; primenu Zakona o profesionalnoj rehabilitaciji i zapo\u0161ljavanju osoba sa invaliditetom na teritoriji Pokrajine i informi\u0161e Pokrajinska vlada o kretanju zaposlenosti, nezaposlenosti i odr\u017eivosti na poslu osoba sa invaliditetom, upravljanje i rad na realizaciji Projekta &#8220;Najbolje iz Vojvodine&#8220;; utvr\u0111ivanje starih zanata svojstveni podru\u010dju Pokrajine i utvr\u0111ivanje i obezbe\u0111ivanje mera za njihovo unapre\u0111enje i razvoj saradnju sa organima lokalne samouprave i drugim subjektima i u\u010desnicima u oblasti privrede i preduzetni\u0161tva; u\u010destvovanje u pripremi akata u oblasti razvoja telekomunikacija, u\u010destvovanje u dono\u0161enju Strategije razvoja telekomunikacija u Republici Srbiji, plana namene radio frekvencijskih opsega i plana raspodele radio frekvencija; pra\u0107enje promene zakona i drugih propisa iz oblasti telekomunikacija, davanje stru\u010dnih mi\u0161ljenja za izradu analiza, izve\u0161taja i informacija iz ovih oblasti; saradnja sa privrednim subjektima, republi\u010dkim i pokrajinskim organima koji donose plan i strategiju razvoja telekomunikacija; pripremanje analiza, izve\u0161taja informacija i stru\u010dnih mi\u0161ljenja iz oblasti privrede i preduzetni\u0161tva; koordinaciju sa ostalim sektorima u Sekretarijatu; pra\u0107enje rada Garancijskog fonda Autonomne pokrajine Vojvodine; saradnja sa ostalim pokrajinskim i republi\u010dkim organima i obavljanje ostalih poslova po nalogu Pokrajinskog sekretara i neposrednog rukovodioca.<\/p>\n<p><strong>SE\u041aTOR ZA RAD I ZAPO\u0160LJAVANJE<\/strong><\/p>\n<p>U <strong>Sektoru za rad i zapo\u0161ljavanje<\/strong> obrazovana je jedna u\u017ea unutra\u0161nja jedinica \u2013 odeljenje: Odeljenje za rad i zapo\u0161ljavanje.<\/p>\n<p>U <strong>Odeljenju za rad i zapo\u0161ljavanje<\/strong> obavljaju se poslovi koji se odnose na pra\u0107enje primene propisa i strate\u0161kih dokumenata iz oblasti zapo\u0161ljavanja, rada, bezbednosti i zdravlja na radu; pra\u0107enje stanja i kretanja na tr\u017ei\u0161tu rada; sprovo\u0111enja mera aktivne politike zapo\u0161ljavanja u skladu sa zakonom, Akcionim planom i Strategijom zapo\u0161ljavanja Republike kao i pre\u0107enje realizacije mera, realizaciju antidiskriminacione politike u oblasti zapo\u0161ljavanja i rada; preduzimanje mera za podsticanje zapo\u0161ljavanja na teritoriji Pokrajine; izrada predloga plana aktivne politike zapo\u0161ljavanja u Autonomnoj pokrajini Vojvodina (u daljem tekstu: Pokrajina) i realizaciju mera aktivne politike zapo\u0161ljavanja u Pokrajini; saradnju sa me\u0111unarodnim, regionalnim i doma\u0107im organima i organizacijama u oblasti zapo\u0161ljavanja, rada, bezbednosti i zdravlja na radu; pru\u017eanje stru\u010dne i administrativno-tehni\u010dke podr\u0161ke Pokrajinskom savetu za zapo\u0161ljavanje, Pokrajinskom socijalno-ekonomskom savetu i drugim savetima iz ove oblasti; obavljanje aktivnosti u cilju razvoja tripartitnog socijalnog dijaloga u Pokrajini; preduzimanje aktivnosti na podizanju kapaciteta socijalnih partnera (sindikata i poslodavaca) za ravnopravno u\u010de\u0161\u0107e u socijalnom dijalogu; podizanje svesti o prednostima i koristi razvijenog socijalnog dijaloga kroz konstantno informisanje javnosti o akterima, sadr\u017eajima i instrumentima socijalnog dijaloga; saradnja sa sindikalnim organizacijama, organizacijama poslodavaca i nevladinim organizacijama; u\u010destvovanje u re\u0161avanju pitanja od zna\u010daja za ostvarivanje ekonomskih sloboda i prava zaposlenih, materijalnog i socijalnog polo\u017eaja poslodavaca i zaposlenih; razvoja kulture pregovaranja i podsticanja mirnog re\u0161avanja kolektivnih radnih sporova; sa\u010dinjavanje teksta konkursa u ovoj oblasti; saradnja sa Pravobranila\u0161tvom Autonomne pokrajine Vojvodine i davanje instrukcija za postupanje u sudskim postupcima, obavljanje ostalih poslova po nalogu Pokrajinskog sekretara i neposrednog rukovodioca.<\/p>\n<p><strong>SE\u041aTOR ZA TURIZAM I REGIONALNO-PRIVREDNU SARADNJU<\/strong><\/p>\n<p>U <strong>Sektoru za turizam i regionalno-privrednu saradnju<\/strong> obrazovane su dve u\u017ee unutra\u0161nje jedinice: Odsek za turizam i privredne manifestacije i Odeljenje za turizam i regionalno-privrednu saradnju.<\/p>\n<p>U <strong>Odseku za turizam i privredne manifestacije<\/strong> obavljaju se studijsko-analiti\u010dki, i stru\u010dno-operativni poslovi, kao i drugi poslovi koji se odnose na stru\u010dnu pripremu akata za sednice Pokrajinske vlade i radnih tela iz oblasti regionalne saradnje; obavljaju se poslovi koji se odnose na pripremu i realizaciju razvojnih planova i programa u oblasti turizma; izradu predloga odluka, predloga re\u0161enja, informacija, izve\u0161taja i drugih akata koje usvaja Pokrajinska vlada i Skup\u0161tina u oblasti turizma i regionalno-privredne saradnje; predlaganje akta u vezi planiranja programa i projekata na aplikacije za sredstva fondova Evropske unije, donacije i drugih oblika razvojne pomo\u0107i u oblasti turizma; predlaganje akta u vezi planiranja programa i projekata na aplikacije za sredstva doma\u0107ih fondova; pra\u0107enje i izrada propisa koji reguli\u0161u ovu oblast; pra\u0107enje Programa razvoja turizma APV i Strategije razvoja turizma Srbije,analiziranje kretanja i pojava na tr\u017ei\u0161tu; obavljanje slo\u017eenih studijsko-analiti\u010dkih poslova koji se odnose na pripremu programa u ostvarivanju regionalne saradnje; pra\u0107enje realizacije projekata koji se sprovode u okviru potpisanih sporazuma o regionalnoj saradnji; ostvarivanje saradnje sa ostalim sektorima u Sekretarijatu, republi\u010dkim i pokrajinskim organima;pra\u0107enje rada Turisti\u010dke organizacije Vojvodine, obavlja poslove koji se odnose na saradnju sa odgovaraju\u0107im institucijama u oblasti turizma, saradnje sa razvojnim agencijama, republi\u010dkim i pokrajinskim organima, saradnje sa privrednim dru\u0161tvima; u\u010de\u0161\u0107e na organizovanim edukativnim seminarima; pra\u0107enje i podr\u0161ka manifestacijama u oblasti turizma, izradu konkursa, stru\u010dnih analiza, izve\u0161taja i informacija u oblasti turizma; izradu stru\u010dnih analiza, izve\u0161taja i informacija vezanih za specifi\u010dne oblike turizma; i drugi poslovi po nalogu Pokrajinskog sekretara i neposrednog rukovodioca.<\/p>\n<p>U <strong>Odeljenju za turizam i regionalno-privrednu saradnju<\/strong> obavljaju se poslovi koji se odnose na pripremu i realizaciju razvojnih planova i programa turizma; izra\u0111uje predlog odluka, predlog re\u0161enja, informacija, izve\u0161taja i drugih akata koje usvaja Pokrajinska vlada i Skup\u0161tina; predlaganje akta u vezi planiranja razvoja regionalne saradnje ; pra\u0107enje propisa koji reguli\u0161u ovu oblast; analiziranje kretanja i pojava na tr\u017ei\u0161tu; ostvarivanje saradnje sa ostalim sektorima u Sekretarijatu, republi\u010dkim i pokrajinskim organima; predlaganje akata kojima se ure\u0111uje kori\u0161\u0107enje mineralnih i termalnih voda, balneolo\u0161kih i klimatskih resursa; izrada predloga akata za osnivanje banja i le\u010dili\u0161ta na teritoriji Pokrajine u skladu sa Strategijom razvoja turizma Republike Srbije; organizovanje polaganja stru\u010dnog ispita za lokalnog turisti\u010dkog vodi\u010da i turisti\u010dkih pratioca za podru\u010dje Pokrajine; uklju\u010divanje \u010dlana komisije za kategorizaciju ugostiteljskih objekata; poslovi u oblasti ostvarivanja i unapre\u0111enja razvoja sa zemljama u okru\u017eenju i sa drugim evropskim regionima; pra\u0107enja i analiziranja stanja spoljno-trgovinske razmene sa ovim zemljama i predlaganja mera za unapre\u0111enje i podsticanje regionalno-privredne saradnje; izra\u0111ivanja dokumenta, protokola i memoranduma koji se odnose na privrednu saradnju Pokrajine i regiona; saradnje sa razvojnim agencijama; pra\u0107enja regulative iz oblasti ekonomskih odnosa sa inostranstvom; iniciranja izmene propisa u ovim oblastima; pripremanja predloga odluka za Pokrajinsku vladu i Skup\u0161tinu; organizovanje sajamskih i privrednih manifestacija, promocija i nastupa Sekretarijata i vojvo\u0111anske privrede na sajamskim i privrednim manifestacijama u zemlji i inostanstvu; vr\u0161enje realizacije aktivnosti u delu subvencionisanja malih i srednjih preduze\u0107a i turisti\u010dkih organizacija za nastupe na sajmovima; organizovnja edukativnih seminara; ostvarivanje saradnje sa privrednim dru\u0161tvima i sajamskim centrima; predlaganje akata u skladu sa zakonom za ure\u0111enje sajmova i drugih privrednih manifestacija od pokrajinskog zna\u010daja; predlaganje akata za osnivanje, kategorizaciju i na\u010din rada sajamskih centara; predlaganje mre\u017ee sajamskih i drugih privrednih manifestacija na teritoriji Pokrajine; izrada konkursa,stru\u010dnih analiza, izve\u0161taja i informacija i drugi poslovi po nalogu Pokrajinskog sekretara i neposrednog rukovodioca.<\/p>","protected":false},"excerpt":{"rendered":"U Sekretarijatu, kao osnovne unutra\u0161nje jedinice, obrazuju se sektori: Sektor za pravne i materijalno-finansijske poslove Sektor za privredu Sektor za rad i zapo\u0161ljavanje \n<a class=\"moretag\" href=\"https:\/\/spriv.vojvodina.gov.rs\/rs\/nadleznosti-i-obaveze\/\"> [...]<\/a>","protected":false},"author":3,"featured_media":0,"parent":0,"menu_order":0,"comment_status":"closed","ping_status":"closed","template":"","meta":{"footnotes":""},"class_list":["post-6459","page","type-page","status-publish","hentry"],"yoast_head":"<!-- This site is optimized with the Yoast SEO plugin v27.4 - https:\/\/yoast.com\/product\/yoast-seo-wordpress\/ -->\n<title>Nadle\u017enosti i obaveze - \u041f\u043e\u043a\u0440\u0430\u0458\u0438\u043d\u0441\u043a\u0438 \u0441\u0435\u043a\u0440\u0435\u0442\u0430\u0440\u0438\u0458\u0430\u0442 \u0437\u0430 \u043f\u0440\u0438\u0432\u0440\u0435\u0434\u0443 \u0438 \u0442\u0443\u0440\u0438\u0437\u0430\u043c<\/title>\n<meta name=\"robots\" content=\"index, follow, max-snippet:-1, max-image-preview:large, max-video-preview:-1\" \/>\n<link rel=\"canonical\" href=\"https:\/\/spriv.vojvodina.gov.rs\/rs\/nadleznosti-i-obaveze\/\" \/>\n<meta property=\"og:locale\" content=\"sr_RS\" \/>\n<meta property=\"og:type\" content=\"article\" \/>\n<meta property=\"og:title\" content=\"Nadle\u017enosti i obaveze - \u041f\u043e\u043a\u0440\u0430\u0458\u0438\u043d\u0441\u043a\u0438 \u0441\u0435\u043a\u0440\u0435\u0442\u0430\u0440\u0438\u0458\u0430\u0442 \u0437\u0430 \u043f\u0440\u0438\u0432\u0440\u0435\u0434\u0443 \u0438 \u0442\u0443\u0440\u0438\u0437\u0430\u043c\" \/>\n<meta property=\"og:description\" content=\"U Sekretarijatu, kao osnovne unutra\u0161nje jedinice, obrazuju se sektori: Sektor za pravne i materijalno-finansijske poslove Sektor za privredu Sektor za rad i zapo\u0161ljavanje\" \/>\n<meta property=\"og:url\" content=\"https:\/\/spriv.vojvodina.gov.rs\/nadleznosti-i-obaveze\/\" \/>\n<meta property=\"og:site_name\" content=\"\u041f\u043e\u043a\u0440\u0430\u0458\u0438\u043d\u0441\u043a\u0438 \u0441\u0435\u043a\u0440\u0435\u0442\u0430\u0440\u0438\u0458\u0430\u0442 \u0437\u0430 \u043f\u0440\u0438\u0432\u0440\u0435\u0434\u0443 \u0438 \u0442\u0443\u0440\u0438\u0437\u0430\u043c\" \/>\n<meta property=\"article:modified_time\" content=\"2021-11-19T11:02:01+00:00\" \/>\n<meta name=\"twitter:card\" content=\"summary_large_image\" \/>\n<meta name=\"twitter:label1\" content=\"\u041f\u0440\u043e\u0446\u0435\u045a\u0435\u043d\u043e \u0432\u0440\u0435\u043c\u0435 \u0447\u0438\u0442\u0430\u045a\u0430\" \/>\n\t<meta name=\"twitter:data1\" content=\"10 \u043c\u0438\u043d\u0443\u0442\u0430\" \/>\n<script type=\"application\/ld+json\" class=\"yoast-schema-graph\">{\"@context\":\"https:\\\/\\\/schema.org\",\"@graph\":[{\"@type\":\"WebPage\",\"@id\":\"https:\\\/\\\/spriv.vojvodina.gov.rs\\\/nadleznosti-i-obaveze\\\/\",\"url\":\"https:\\\/\\\/spriv.vojvodina.gov.rs\\\/nadleznosti-i-obaveze\\\/\",\"name\":\"Nadle\u017enosti i obaveze - \u041f\u043e\u043a\u0440\u0430\u0458\u0438\u043d\u0441\u043a\u0438 \u0441\u0435\u043a\u0440\u0435\u0442\u0430\u0440\u0438\u0458\u0430\u0442 \u0437\u0430 \u043f\u0440\u0438\u0432\u0440\u0435\u0434\u0443 \u0438 \u0442\u0443\u0440\u0438\u0437\u0430\u043c\",\"isPartOf\":{\"@id\":\"https:\\\/\\\/spriv.vojvodina.gov.rs\\\/#website\"},\"datePublished\":\"2021-11-16T08:30:55+00:00\",\"dateModified\":\"2021-11-19T11:02:01+00:00\",\"breadcrumb\":{\"@id\":\"https:\\\/\\\/spriv.vojvodina.gov.rs\\\/nadleznosti-i-obaveze\\\/#breadcrumb\"},\"inLanguage\":\"sr-RS\",\"potentialAction\":[{\"@type\":\"ReadAction\",\"target\":[\"https:\\\/\\\/spriv.vojvodina.gov.rs\\\/nadleznosti-i-obaveze\\\/\"]}]},{\"@type\":\"BreadcrumbList\",\"@id\":\"https:\\\/\\\/spriv.vojvodina.gov.rs\\\/nadleznosti-i-obaveze\\\/#breadcrumb\",\"itemListElement\":[{\"@type\":\"ListItem\",\"position\":1,\"name\":\"Home\",\"item\":\"https:\\\/\\\/spriv.vojvodina.gov.rs\\\/\"},{\"@type\":\"ListItem\",\"position\":2,\"name\":\"\u041d\u0430\u0434\u043b\u0435\u0436\u043d\u043e\u0441\u0442\u0438 \u0438 \u043e\u0431\u0430\u0432\u0435\u0437\u0435\"}]},{\"@type\":\"WebSite\",\"@id\":\"https:\\\/\\\/spriv.vojvodina.gov.rs\\\/#website\",\"url\":\"https:\\\/\\\/spriv.vojvodina.gov.rs\\\/\",\"name\":\"\u041f\u043e\u043a\u0440\u0430\u0458\u0438\u043d\u0441\u043a\u0438 \u0441\u0435\u043a\u0440\u0435\u0442\u0430\u0440\u0438\u0458\u0430\u0442 \u0437\u0430 \u043f\u0440\u0438\u0432\u0440\u0435\u0434\u0443 \u0438 \u0442\u0443\u0440\u0438\u0437\u0430\u043c\",\"description\":\"\u041f\u043e\u043a\u0440\u0430\u0458\u0438\u043d\u0441\u043a\u0438 \u0441\u0435\u043a\u0440\u0435\u0442\u0430\u0440\u0438\u0458\u0430\u0442 \u0437\u0430 \u043f\u0440\u0438\u0432\u0440\u0435\u0434\u0443 \u0438 \u0442\u0443\u0440\u0438\u0437\u0430\u043c\",\"potentialAction\":[{\"@type\":\"SearchAction\",\"target\":{\"@type\":\"EntryPoint\",\"urlTemplate\":\"https:\\\/\\\/spriv.vojvodina.gov.rs\\\/?s={search_term_string}\"},\"query-input\":{\"@type\":\"PropertyValueSpecification\",\"valueRequired\":true,\"valueName\":\"search_term_string\"}}],\"inLanguage\":\"sr-RS\"}]}<\/script>\n<!-- \/ Yoast SEO plugin. -->","yoast_head_json":{"title":"Nadle\u017enosti i obaveze - \u041f\u043e\u043a\u0440\u0430\u0458\u0438\u043d\u0441\u043a\u0438 \u0441\u0435\u043a\u0440\u0435\u0442\u0430\u0440\u0438\u0458\u0430\u0442 \u0437\u0430 \u043f\u0440\u0438\u0432\u0440\u0435\u0434\u0443 \u0438 \u0442\u0443\u0440\u0438\u0437\u0430\u043c","robots":{"index":"index","follow":"follow","max-snippet":"max-snippet:-1","max-image-preview":"max-image-preview:large","max-video-preview":"max-video-preview:-1"},"canonical":"https:\/\/spriv.vojvodina.gov.rs\/rs\/nadleznosti-i-obaveze\/","og_locale":"sr_RS","og_type":"article","og_title":"Nadle\u017enosti i obaveze - \u041f\u043e\u043a\u0440\u0430\u0458\u0438\u043d\u0441\u043a\u0438 \u0441\u0435\u043a\u0440\u0435\u0442\u0430\u0440\u0438\u0458\u0430\u0442 \u0437\u0430 \u043f\u0440\u0438\u0432\u0440\u0435\u0434\u0443 \u0438 \u0442\u0443\u0440\u0438\u0437\u0430\u043c","og_description":"U Sekretarijatu, kao osnovne unutra\u0161nje jedinice, obrazuju se sektori: Sektor za pravne i materijalno-finansijske poslove Sektor za privredu Sektor za rad i zapo\u0161ljavanje","og_url":"https:\/\/spriv.vojvodina.gov.rs\/nadleznosti-i-obaveze\/","og_site_name":"\u041f\u043e\u043a\u0440\u0430\u0458\u0438\u043d\u0441\u043a\u0438 \u0441\u0435\u043a\u0440\u0435\u0442\u0430\u0440\u0438\u0458\u0430\u0442 \u0437\u0430 \u043f\u0440\u0438\u0432\u0440\u0435\u0434\u0443 \u0438 \u0442\u0443\u0440\u0438\u0437\u0430\u043c","article_modified_time":"2021-11-19T11:02:01+00:00","twitter_card":"summary_large_image","twitter_misc":{"\u041f\u0440\u043e\u0446\u0435\u045a\u0435\u043d\u043e \u0432\u0440\u0435\u043c\u0435 \u0447\u0438\u0442\u0430\u045a\u0430":"10 \u043c\u0438\u043d\u0443\u0442\u0430"},"schema":{"@context":"https:\/\/schema.org","@graph":[{"@type":"WebPage","@id":"https:\/\/spriv.vojvodina.gov.rs\/nadleznosti-i-obaveze\/","url":"https:\/\/spriv.vojvodina.gov.rs\/nadleznosti-i-obaveze\/","name":"Nadle\u017enosti i obaveze - \u041f\u043e\u043a\u0440\u0430\u0458\u0438\u043d\u0441\u043a\u0438 \u0441\u0435\u043a\u0440\u0435\u0442\u0430\u0440\u0438\u0458\u0430\u0442 \u0437\u0430 \u043f\u0440\u0438\u0432\u0440\u0435\u0434\u0443 \u0438 \u0442\u0443\u0440\u0438\u0437\u0430\u043c","isPartOf":{"@id":"https:\/\/spriv.vojvodina.gov.rs\/#website"},"datePublished":"2021-11-16T08:30:55+00:00","dateModified":"2021-11-19T11:02:01+00:00","breadcrumb":{"@id":"https:\/\/spriv.vojvodina.gov.rs\/nadleznosti-i-obaveze\/#breadcrumb"},"inLanguage":"sr-RS","potentialAction":[{"@type":"ReadAction","target":["https:\/\/spriv.vojvodina.gov.rs\/nadleznosti-i-obaveze\/"]}]},{"@type":"BreadcrumbList","@id":"https:\/\/spriv.vojvodina.gov.rs\/nadleznosti-i-obaveze\/#breadcrumb","itemListElement":[{"@type":"ListItem","position":1,"name":"Home","item":"https:\/\/spriv.vojvodina.gov.rs\/"},{"@type":"ListItem","position":2,"name":"\u041d\u0430\u0434\u043b\u0435\u0436\u043d\u043e\u0441\u0442\u0438 \u0438 \u043e\u0431\u0430\u0432\u0435\u0437\u0435"}]},{"@type":"WebSite","@id":"https:\/\/spriv.vojvodina.gov.rs\/#website","url":"https:\/\/spriv.vojvodina.gov.rs\/","name":"\u041f\u043e\u043a\u0440\u0430\u0458\u0438\u043d\u0441\u043a\u0438 \u0441\u0435\u043a\u0440\u0435\u0442\u0430\u0440\u0438\u0458\u0430\u0442 \u0437\u0430 \u043f\u0440\u0438\u0432\u0440\u0435\u0434\u0443 \u0438 \u0442\u0443\u0440\u0438\u0437\u0430\u043c","description":"\u041f\u043e\u043a\u0440\u0430\u0458\u0438\u043d\u0441\u043a\u0438 \u0441\u0435\u043a\u0440\u0435\u0442\u0430\u0440\u0438\u0458\u0430\u0442 \u0437\u0430 \u043f\u0440\u0438\u0432\u0440\u0435\u0434\u0443 \u0438 \u0442\u0443\u0440\u0438\u0437\u0430\u043c","potentialAction":[{"@type":"SearchAction","target":{"@type":"EntryPoint","urlTemplate":"https:\/\/spriv.vojvodina.gov.rs\/?s={search_term_string}"},"query-input":{"@type":"PropertyValueSpecification","valueRequired":true,"valueName":"search_term_string"}}],"inLanguage":"sr-RS"}]}},"_links":{"self":[{"href":"https:\/\/spriv.vojvodina.gov.rs\/rs\/wp-json\/wp\/v2\/pages\/6459","targetHints":{"allow":["GET"]}}],"collection":[{"href":"https:\/\/spriv.vojvodina.gov.rs\/rs\/wp-json\/wp\/v2\/pages"}],"about":[{"href":"https:\/\/spriv.vojvodina.gov.rs\/rs\/wp-json\/wp\/v2\/types\/page"}],"author":[{"embeddable":true,"href":"https:\/\/spriv.vojvodina.gov.rs\/rs\/wp-json\/wp\/v2\/users\/3"}],"replies":[{"embeddable":true,"href":"https:\/\/spriv.vojvodina.gov.rs\/rs\/wp-json\/wp\/v2\/comments?post=6459"}],"version-history":[{"count":5,"href":"https:\/\/spriv.vojvodina.gov.rs\/rs\/wp-json\/wp\/v2\/pages\/6459\/revisions"}],"predecessor-version":[{"id":7464,"href":"https:\/\/spriv.vojvodina.gov.rs\/rs\/wp-json\/wp\/v2\/pages\/6459\/revisions\/7464"}],"wp:attachment":[{"href":"https:\/\/spriv.vojvodina.gov.rs\/rs\/wp-json\/wp\/v2\/media?parent=6459"}],"curies":[{"name":"wp","href":"https:\/\/api.w.org\/{rel}","templated":true}]}}