{"id":6450,"date":"2021-11-16T08:23:09","date_gmt":"2021-11-16T08:23:09","guid":{"rendered":"http:\/\/spriv.vojvodina.gov.rs\/?page_id=6450"},"modified":"2024-11-04T11:16:25","modified_gmt":"2024-11-04T11:16:25","slug":"kabinet","status":"publish","type":"page","link":"https:\/\/spriv.vojvodina.gov.rs\/rs\/kabinet\/","title":{"rendered":"Kabinet"},"content":{"rendered":"<p><strong>\u041aABINET PO\u041aRAJINS\u041aOG SE\u041aRETARA ZA PRIVREDU I TURIZAM<\/strong><\/p>\r\n<p>Pokrajinski sekretar, dr Nenad Ivani\u0161evi\u0107, \u010dlan je Pokrajinske vlade zadu\u017een za rukovo\u0111enje Pokrajinskim sekretarijatom za privredu i turizam.<\/p>\r\n<p>Pokrajinski sekretar ima zamenika, podsekretara i \u010detiri pomo\u0107nika.<\/p>\r\n<p><strong><img loading=\"lazy\" decoding=\"async\" class=\"alignleft wp-image-6456 size-thumbnail\" src=\"http:\/\/spriv.vojvodina.gov.rs\/wp-content\/uploads\/2021\/11\/dr-Nenad-Ivanisevic-150x150.jpg\" alt=\"\" width=\"150\" height=\"150\" \/>dr NENAD IVANI\u0160EVI\u0106<\/strong><br \/>pokrajinski sekretar za privredu i turizam<br \/>Tel.: 021 487 4610<br \/>Pokrajinska vlada, 20\/I<\/p>\r\n<p>&nbsp;<\/p>\r\n<p>&nbsp;<\/p>\r\n<p><strong><img loading=\"lazy\" decoding=\"async\" class=\"size-thumbnail wp-image-6455 alignleft\" src=\"http:\/\/spriv.vojvodina.gov.rs\/wp-content\/uploads\/2021\/11\/Palimir_Tot-150x150.jpg\" alt=\"\" width=\"150\" height=\"150\" \/>PALIMIR TOT<\/strong><br \/>zamenik pokrajinskog sekretara<br \/>Tel.: 021 487 43 09<br \/>Pokrajinska vlada, 1\/II<\/p>\r\n<p>&nbsp;<\/p>\r\n<p>&nbsp;<\/p>\r\n<p><strong><img loading=\"lazy\" decoding=\"async\" class=\"size-thumbnail wp-image-6454 alignleft\" src=\"http:\/\/spriv.vojvodina.gov.rs\/wp-content\/uploads\/2021\/11\/Slavoljub_Arsenijevic-150x150.jpg\" alt=\"\" width=\"150\" height=\"150\" \/>SLAVOLJUB ARSENIJEVI\u0106<\/strong><br \/>v.d. podsekretara<br \/>Tel.: 021 487 43 29<br \/>Pokrajinska vlada, 16\/II<\/p>\r\n<p>&nbsp;<\/p>\r\n<p>&nbsp;<\/p>\r\n<p><strong>MARIJANA \u010cETOJEVI\u0106<\/strong><br \/>v.d. pomo\u0107nika za privredu<br \/>Tel.: 021 487 46 06<br \/>Pokrajinska vlada, 65a\/II<\/p>\r\n<p><strong>VIKTOR PAL<\/strong><br \/>v.d. pomo\u0107nika za rad i zapo\u0161ljavanje<br \/>Tel.: 021 487 4512<br \/>Pokrajinska vlada, 2\/II<\/p>\r\n<p><strong>MILAN JARI\u0106<\/strong><br \/>v.d. pomo\u0107nika za turizam i regionalno privrednu saradnju<br \/>Tel.: 021 487 41 09<br \/>Pokrajinska vlada, 15\/II<\/p>\r\n<p><strong>ALEKSANDAR BORKOVI\u0106<\/strong><br \/>v.d. pomo\u0107nika za pravne i materijalno-finansijske poslove<br \/>Tel.: 021 487 4016<br \/>Pokrajinska vlada, 5\/II<\/p>\r\n<p><strong>Opis funkcija rukovodilaca, nadle\u017enosti, obaveze i ovla\u0161\u0107enja:<\/strong><\/p>\r\n<p><strong>PODSE\u041aRETAR<\/strong><br \/><strong>Polo\u017eaj u prvoj grupi<\/strong><br \/>Obavlja poslove organizovanja i koordiniranja rada unutra\u0161njih jedinica; uskla\u0111uje rad unutra\u0161njih jedinica Sekretarijata, prati ostvarivanje nadle\u017enosti Sekretarijata, obezbe\u0111uje koordinaciju rada organizacionih jedinica, unapre\u0111uje organizaciju i metode rada, ostvaruje saradnju organizacionih jedinica u okviru Sekretarijata, prati i uskla\u0111uje aktivnosti organizacionih jedinica u postupku usagla\u0161avanja propisa,prati uskla\u0111ivanje op\u0161tih i pojedina\u010dnih akata sa pozitivnim propisima, prati kadrovsku strukturu zaposlenih radi unapre\u0111ivanja poslova iz nadle\u017enosti Sekretarijata, unapre\u0111uje odnose prema gra\u0111anima i pravnim licima koji se obra\u0107aju i obavlja druge poslove propisane zakonom i aktima Skup\u0161tine i Pokrajinske vlade; daje smernice u pripremi akta o unutra\u0161njoj organizaciji i sistematizaciji radnih mesta i \u041aadrovskom planu; daje mi\u0161ljenje u postupku ocenjivanja slu\u017ebenika na polo\u017eaju druge grupe; preduzima aktivnosti u vezi sa sprovo\u0111enjem disciplinskog postupka u Sekretarijatu; koordinira pripremu izve\u0161taja o radu i predloga programa rada Sekretarijata za Pokrajinsku vladu i obavlja druge poslove u obimu i vrsti za koje ga ovlasti Pokrajinski sekretar.<\/p>\r\n<p><strong>SE\u041aTOR ZA PRAVNE I MATERIJALNO-FINANSIJS\u041aE POSLOVE<\/strong><\/p>\r\n<p><strong>POMO\u0106NI\u041a PO\u041aRAJINS\u041aOG SE\u041aRETARA<\/strong><br \/><strong>Slu\u017ebenik na polo\u017eaju u drugoj grupi<\/strong><br \/>Prati ostvarivanje nadle\u017enosti iz oblasti za koju je zadu\u017een, obezbe\u0111uje koordinaciju rada izme\u0111u zaposlenih u Sektoru, uskla\u0111uje akte sa pozitivnim propisima; organizuje i koordinira obavljanje poslova u Sektoru, stara se o kvalitetnom i blagovremenom izvr\u0161avanju poslova u Sektoru; obavlja najslo\u017eenije pravne i studijsko-analiti\u010dke poslove iz delokruga Sektora; u\u010destvuje u radu radnih tela Skup\u0161tine i Pokrajinske vlade po ovla\u0161\u0107enju Sekretara; ostvaruje saradnju sa republi\u010dkim i pokrajinskim organima i organima jedinice lokalne samouprave; odgovoran je za primenu akata u radu Sekretarijata, izvr\u0161enje finansijskog plana Sekretarijata, sprovo\u0111enje javnih nabavki, izvr\u0161enje svih pla\u0107anja i ugovornih obaveza Sekretarijata; priprema akata za subvencioniranje privrednih subjekata u Pokrajini i transfera ni\u017eim organima vlasti; priprema akt u postupku ocenjivanja zaposlenih u Sektoru; preduzima aktivnosti u vezi sa sprovo\u0111enjem disciplinskog postupka u Sekretarijatu;izra\u0111uje predlog \u041aadrovskog plana i predlog akta o organizaciji i sistematizaciji radnih mesta Sekretarijata; koordinira pripremu izve\u0161taja o radu i predloge programa rada Sekretarijata za Pokrajinsku vladu; koordinira postupanje po zahtevu za slobodan pristup informacijama od javnog zna\u010daja i poslove u odnosima Sekretarijata sa javno\u0161\u0107u; rukovodi i koordinira aktivnostima reforme pokrajinske uprave i pokrajinskih strate\u0161kih dokumenata koji se sprovode u Sekretarijatu, u\u010destvuje u sastancima i protokolarnim obavezama Sekretara u vezi poslova Sektora, u\u010destvuje u pripremi informacija i izve\u0161taja za radna tela Pokrajinske vlade i Skup\u0161tine, prati zakone, propise i druge akte i inicira predloge za njihovu izmenu, obavlja i druge poslove po nalogu Pokrajinskog sekretara.<\/p>\r\n<p><strong>SE\u041aTOR ZA PRIVREDU<\/strong><\/p>\r\n<p><strong>POMO\u0106NI\u041a PO\u041aRAJINS\u041aOG SE\u041aRETARA<\/strong><br \/><strong>Slu\u017ebenik na polo\u017eaju u drugoj grupi<\/strong><br \/>Prati ostvarivanje nadle\u017enosti iz oblasti za koju je zadu\u017een, obezbe\u0111uje koordinaciju rada izme\u0111u zaposlenih, obavlja najslo\u017eenije studijsko-analiti\u010dke poslove iz delokruga Sektora, stara se o kvalitetnom i blagovremenom izvr\u0161avanju poslova, raspore\u0111uje poslove na zaposlene u Sektoru, u\u010destvuje u radu radnih tela Sup\u0161tine i Pokrajinske vlade po ovla\u0161\u0107enju Sekretara, obavlja najslo\u017eenije poslove iz oblasti industrije, telekomunikacija, preduzetni\u0161tva i zanatstva; kreira projektne ideje vezane za razvoj i re\u0161avanje problema u navedenim oblastima; izra\u0111uje program rada i izve\u0161taj o radu; koordinira poslove vezane za razvoj zanatstva i preduzetni\u0161tva na teritoriji Pokrajine; priprema analize, izve\u0161taje, informacije i stru\u010dna mi\u0161ljenja iz oblasti industrije, pru\u017eanja informativnih, konsultantskih i drugih usluga u oblastima uvo\u0111enja sistema kvaliteta, standardizacije i sertifikacije industrijskih proizvoda; u\u010destvuje u sa\u010dinjavanju izrade tekstova konkursa u oblasti privrede, preduzetni\u0161tva, zanatstva, telekomunikacija; prati primenu propisa iz oblasti inspekcijskog nadzora i ostvaruje saradnju sa republi\u010dkim i pokrajinskim organima i organima jedinica lokalne samouprave i obavlja druge poslove po nalogu Pokrajinskog sekretara.<\/p>\r\n<p><strong>SE\u041aTOR ZA RAD I ZAPO\u0160LJAVANJE<\/strong><\/p>\r\n<p><strong>POMO\u0106NI\u041a PO\u041aRAJINS\u041aOG SE\u041aRETARA<\/strong><br \/><strong>Slu\u017ebenik na polo\u017eaju u drugoj grupi<\/strong><br \/>Organizuje i koordinira obavljanje poslova u Sektoru, stara se o kvalitetnom i blagovremenom izvr\u0161avanju poslova u Sektoru, obavlja najslo\u017eenije studijsko-analiti\u010dke poslove iz delokruga Sektora, raspore\u0111uje poslove na zaposlene u Sektoru; priprema analize, izve\u0161taje, informacije i stru\u010dna mi\u0161ljenja iz oblasti rada i zapo\u0161ljavanja; u\u010destvuje u radu radnih tela Skup\u0161tine i Pokrajinske vlade po ovla\u0161\u0107enju Sekretara; u\u010destvuje u izradi predloga plana javnih nabavki i sprovo\u0111enju plana javnih nabavki, po potrebi za Odeljenje ostvaruje saradnju sa republi\u010dkim i pokrajinskim organima i organima jedinice lokalne samouprave i drugim organima i organizacijama; prati institucijalni socijalni dijalog i va\u017ee\u0107i zakonski okvir, prati delovanje socijalnog partnerstva (neuspele privatizacije, \u0161trajkovi, najugro\u017eenije privredne grane); sa Pokrajinskim socijalno-ekonomskim savetom i drugim zainteresovanim subjektima preduzima aktivnosti na podizanju kapaciteta socijalnih partnera, za ravnopravno u\u010de\u0161\u0107e u socijalnom dijalogu, prati uticaj tr\u017ei\u0161ta rada i politike zapo\u0161ljavanja na funkcionisanje socijalnog dijaloga u Pokrajini, afirmi\u0161e prednosti razvijenog socijalnog dijaloga i obavlja druge poslove po nalogu Pokrajinskog sekretara.<\/p>\r\n<p><strong>SE\u041aTOR ZA TURIZAM I REGIONALNO-PRIVREDNU SARADNJU<\/strong><\/p>\r\n<p><strong>POMO\u0106NI\u041a PO\u041aRAJINS\u041aOG SE\u041aRETARA<\/strong><br \/><strong>Slu\u017ebenik na polo\u017eaju u drugoj grupi<\/strong><br \/>Organizuje i koordinira obavljanje poslova u Sektoru, obavlja najslo\u017eenije studijsko-analiti\u010dke poslove iz delokruga Sektora, stara se o kvalitetnom i blagovremenom izvr\u0161avanju poslova, raspore\u0111uje poslove na zaposlene u Sektoru, u\u010destvuje u radu radnih tela Skup\u0161tine i Pokrajinske vlade po ovla\u0161\u0107enju Sekretara, obavlja najslo\u017eenije poslove iz oblasti turizma, ugostiteljstva, banja i le\u010dili\u0161ta, sajmova, regionalne privredne saradnje i privrednih manifestacija; u\u010destvuje u izradi predloga plana javnih nabavki i sprovo\u0111enju plana javnih nabavki, po potrebi za Sektor; izra\u0111uje program rada i izve\u0161taj o radu; stara se o organizaciji sajamskih i privrednih manifestacija i promocija za nastupe Sekretarijata; u\u010destvuje u izradi predloga akata za subvencionisanje pravnih lica i turisti\u010dkih organizacija za nastupe na sajmovima; sara\u0111uje sa turisti\u010dkim organizacijama, privrednim dru\u0161tvima, sajamskim centrima i drugim organizacijama, ostvaruje saradnju sa republi\u010dkim i pokrajinskim organima i organima jedinica lokalne samouprave; obavlja druge poslove po nalogu Pokrajinskog sekretara.<\/p>","protected":false},"excerpt":{"rendered":"\u041aABINET PO\u041aRAJINS\u041aOG SE\u041aRETARA ZA PRIVREDU I TURIZAM Pokrajinski sekretar, dr Nenad Ivani\u0161evi\u0107, \u010dlan je Pokrajinske vlade zadu\u017een za rukovo\u0111enje Pokrajinskim sekretarijatom za privredu \n<a class=\"moretag\" href=\"https:\/\/spriv.vojvodina.gov.rs\/rs\/kabinet\/\"> [...]<\/a>","protected":false},"author":3,"featured_media":6456,"parent":0,"menu_order":0,"comment_status":"closed","ping_status":"closed","template":"","meta":{"footnotes":""},"class_list":["post-6450","page","type-page","status-publish","has-post-thumbnail","hentry"],"yoast_head":"<!-- This site is optimized with the Yoast SEO plugin v27.3 - https:\/\/yoast.com\/product\/yoast-seo-wordpress\/ -->\n<title>Kabinet - \u041f\u043e\u043a\u0440\u0430\u0458\u0438\u043d\u0441\u043a\u0438 \u0441\u0435\u043a\u0440\u0435\u0442\u0430\u0440\u0438\u0458\u0430\u0442 \u0437\u0430 \u043f\u0440\u0438\u0432\u0440\u0435\u0434\u0443 \u0438 \u0442\u0443\u0440\u0438\u0437\u0430\u043c<\/title>\n<meta name=\"robots\" content=\"index, follow, max-snippet:-1, max-image-preview:large, max-video-preview:-1\" \/>\n<link rel=\"canonical\" href=\"https:\/\/spriv.vojvodina.gov.rs\/rs\/kabinet\/\" \/>\n<meta property=\"og:locale\" content=\"sr_RS\" \/>\n<meta property=\"og:type\" content=\"article\" \/>\n<meta property=\"og:title\" content=\"Kabinet - \u041f\u043e\u043a\u0440\u0430\u0458\u0438\u043d\u0441\u043a\u0438 \u0441\u0435\u043a\u0440\u0435\u0442\u0430\u0440\u0438\u0458\u0430\u0442 \u0437\u0430 \u043f\u0440\u0438\u0432\u0440\u0435\u0434\u0443 \u0438 \u0442\u0443\u0440\u0438\u0437\u0430\u043c\" \/>\n<meta property=\"og:description\" content=\"\u041aABINET PO\u041aRAJINS\u041aOG SE\u041aRETARA ZA PRIVREDU I TURIZAM Pokrajinski sekretar, dr Nenad Ivani\u0161evi\u0107, \u010dlan je Pokrajinske vlade zadu\u017een za rukovo\u0111enje Pokrajinskim sekretarijatom za privredu\" \/>\n<meta property=\"og:url\" content=\"https:\/\/spriv.vojvodina.gov.rs\/kabinet\/\" \/>\n<meta property=\"og:site_name\" content=\"\u041f\u043e\u043a\u0440\u0430\u0458\u0438\u043d\u0441\u043a\u0438 \u0441\u0435\u043a\u0440\u0435\u0442\u0430\u0440\u0438\u0458\u0430\u0442 \u0437\u0430 \u043f\u0440\u0438\u0432\u0440\u0435\u0434\u0443 \u0438 \u0442\u0443\u0440\u0438\u0437\u0430\u043c\" \/>\n<meta property=\"article:modified_time\" content=\"2024-11-04T11:16:25+00:00\" \/>\n<meta property=\"og:image\" content=\"https:\/\/spriv.vojvodina.gov.rs\/wp-content\/uploads\/2021\/11\/dr-Nenad-Ivanisevic.jpg\" \/>\n\t<meta property=\"og:image:width\" content=\"1076\" \/>\n\t<meta property=\"og:image:height\" content=\"1411\" \/>\n\t<meta property=\"og:image:type\" content=\"image\/jpeg\" \/>\n<meta name=\"twitter:card\" content=\"summary_large_image\" \/>\n<meta name=\"twitter:label1\" content=\"\u041f\u0440\u043e\u0446\u0435\u045a\u0435\u043d\u043e \u0432\u0440\u0435\u043c\u0435 \u0447\u0438\u0442\u0430\u045a\u0430\" \/>\n\t<meta name=\"twitter:data1\" content=\"7 \u043c\u0438\u043d\u0443\u0442\u0430\" \/>\n<script type=\"application\/ld+json\" class=\"yoast-schema-graph\">{\"@context\":\"https:\\\/\\\/schema.org\",\"@graph\":[{\"@type\":\"WebPage\",\"@id\":\"https:\\\/\\\/spriv.vojvodina.gov.rs\\\/kabinet\\\/\",\"url\":\"https:\\\/\\\/spriv.vojvodina.gov.rs\\\/kabinet\\\/\",\"name\":\"Kabinet - \u041f\u043e\u043a\u0440\u0430\u0458\u0438\u043d\u0441\u043a\u0438 \u0441\u0435\u043a\u0440\u0435\u0442\u0430\u0440\u0438\u0458\u0430\u0442 \u0437\u0430 \u043f\u0440\u0438\u0432\u0440\u0435\u0434\u0443 \u0438 \u0442\u0443\u0440\u0438\u0437\u0430\u043c\",\"isPartOf\":{\"@id\":\"https:\\\/\\\/spriv.vojvodina.gov.rs\\\/#website\"},\"primaryImageOfPage\":{\"@id\":\"https:\\\/\\\/spriv.vojvodina.gov.rs\\\/kabinet\\\/#primaryimage\"},\"image\":{\"@id\":\"https:\\\/\\\/spriv.vojvodina.gov.rs\\\/kabinet\\\/#primaryimage\"},\"thumbnailUrl\":\"https:\\\/\\\/spriv.vojvodina.gov.rs\\\/wp-content\\\/uploads\\\/2021\\\/11\\\/dr-Nenad-Ivanisevic.jpg\",\"datePublished\":\"2021-11-16T08:23:09+00:00\",\"dateModified\":\"2024-11-04T11:16:25+00:00\",\"breadcrumb\":{\"@id\":\"https:\\\/\\\/spriv.vojvodina.gov.rs\\\/kabinet\\\/#breadcrumb\"},\"inLanguage\":\"sr-RS\",\"potentialAction\":[{\"@type\":\"ReadAction\",\"target\":[\"https:\\\/\\\/spriv.vojvodina.gov.rs\\\/kabinet\\\/\"]}]},{\"@type\":\"ImageObject\",\"inLanguage\":\"sr-RS\",\"@id\":\"https:\\\/\\\/spriv.vojvodina.gov.rs\\\/kabinet\\\/#primaryimage\",\"url\":\"https:\\\/\\\/spriv.vojvodina.gov.rs\\\/wp-content\\\/uploads\\\/2021\\\/11\\\/dr-Nenad-Ivanisevic.jpg\",\"contentUrl\":\"https:\\\/\\\/spriv.vojvodina.gov.rs\\\/wp-content\\\/uploads\\\/2021\\\/11\\\/dr-Nenad-Ivanisevic.jpg\",\"width\":1076,\"height\":1411},{\"@type\":\"BreadcrumbList\",\"@id\":\"https:\\\/\\\/spriv.vojvodina.gov.rs\\\/kabinet\\\/#breadcrumb\",\"itemListElement\":[{\"@type\":\"ListItem\",\"position\":1,\"name\":\"Home\",\"item\":\"https:\\\/\\\/spriv.vojvodina.gov.rs\\\/\"},{\"@type\":\"ListItem\",\"position\":2,\"name\":\"\u041a\u0430\u0431\u0438\u043d\u0435\u0442\"}]},{\"@type\":\"WebSite\",\"@id\":\"https:\\\/\\\/spriv.vojvodina.gov.rs\\\/#website\",\"url\":\"https:\\\/\\\/spriv.vojvodina.gov.rs\\\/\",\"name\":\"\u041f\u043e\u043a\u0440\u0430\u0458\u0438\u043d\u0441\u043a\u0438 \u0441\u0435\u043a\u0440\u0435\u0442\u0430\u0440\u0438\u0458\u0430\u0442 \u0437\u0430 \u043f\u0440\u0438\u0432\u0440\u0435\u0434\u0443 \u0438 \u0442\u0443\u0440\u0438\u0437\u0430\u043c\",\"description\":\"\u041f\u043e\u043a\u0440\u0430\u0458\u0438\u043d\u0441\u043a\u0438 \u0441\u0435\u043a\u0440\u0435\u0442\u0430\u0440\u0438\u0458\u0430\u0442 \u0437\u0430 \u043f\u0440\u0438\u0432\u0440\u0435\u0434\u0443 \u0438 \u0442\u0443\u0440\u0438\u0437\u0430\u043c\",\"potentialAction\":[{\"@type\":\"SearchAction\",\"target\":{\"@type\":\"EntryPoint\",\"urlTemplate\":\"https:\\\/\\\/spriv.vojvodina.gov.rs\\\/?s={search_term_string}\"},\"query-input\":{\"@type\":\"PropertyValueSpecification\",\"valueRequired\":true,\"valueName\":\"search_term_string\"}}],\"inLanguage\":\"sr-RS\"}]}<\/script>\n<!-- \/ Yoast SEO plugin. -->","yoast_head_json":{"title":"Kabinet - \u041f\u043e\u043a\u0440\u0430\u0458\u0438\u043d\u0441\u043a\u0438 \u0441\u0435\u043a\u0440\u0435\u0442\u0430\u0440\u0438\u0458\u0430\u0442 \u0437\u0430 \u043f\u0440\u0438\u0432\u0440\u0435\u0434\u0443 \u0438 \u0442\u0443\u0440\u0438\u0437\u0430\u043c","robots":{"index":"index","follow":"follow","max-snippet":"max-snippet:-1","max-image-preview":"max-image-preview:large","max-video-preview":"max-video-preview:-1"},"canonical":"https:\/\/spriv.vojvodina.gov.rs\/rs\/kabinet\/","og_locale":"sr_RS","og_type":"article","og_title":"Kabinet - \u041f\u043e\u043a\u0440\u0430\u0458\u0438\u043d\u0441\u043a\u0438 \u0441\u0435\u043a\u0440\u0435\u0442\u0430\u0440\u0438\u0458\u0430\u0442 \u0437\u0430 \u043f\u0440\u0438\u0432\u0440\u0435\u0434\u0443 \u0438 \u0442\u0443\u0440\u0438\u0437\u0430\u043c","og_description":"\u041aABINET PO\u041aRAJINS\u041aOG SE\u041aRETARA ZA PRIVREDU I TURIZAM Pokrajinski sekretar, dr Nenad Ivani\u0161evi\u0107, \u010dlan je Pokrajinske vlade zadu\u017een za rukovo\u0111enje Pokrajinskim sekretarijatom za privredu","og_url":"https:\/\/spriv.vojvodina.gov.rs\/kabinet\/","og_site_name":"\u041f\u043e\u043a\u0440\u0430\u0458\u0438\u043d\u0441\u043a\u0438 \u0441\u0435\u043a\u0440\u0435\u0442\u0430\u0440\u0438\u0458\u0430\u0442 \u0437\u0430 \u043f\u0440\u0438\u0432\u0440\u0435\u0434\u0443 \u0438 \u0442\u0443\u0440\u0438\u0437\u0430\u043c","article_modified_time":"2024-11-04T11:16:25+00:00","og_image":[{"width":1076,"height":1411,"url":"https:\/\/spriv.vojvodina.gov.rs\/wp-content\/uploads\/2021\/11\/dr-Nenad-Ivanisevic.jpg","type":"image\/jpeg"}],"twitter_card":"summary_large_image","twitter_misc":{"\u041f\u0440\u043e\u0446\u0435\u045a\u0435\u043d\u043e \u0432\u0440\u0435\u043c\u0435 \u0447\u0438\u0442\u0430\u045a\u0430":"7 \u043c\u0438\u043d\u0443\u0442\u0430"},"schema":{"@context":"https:\/\/schema.org","@graph":[{"@type":"WebPage","@id":"https:\/\/spriv.vojvodina.gov.rs\/kabinet\/","url":"https:\/\/spriv.vojvodina.gov.rs\/kabinet\/","name":"Kabinet - \u041f\u043e\u043a\u0440\u0430\u0458\u0438\u043d\u0441\u043a\u0438 \u0441\u0435\u043a\u0440\u0435\u0442\u0430\u0440\u0438\u0458\u0430\u0442 \u0437\u0430 \u043f\u0440\u0438\u0432\u0440\u0435\u0434\u0443 \u0438 \u0442\u0443\u0440\u0438\u0437\u0430\u043c","isPartOf":{"@id":"https:\/\/spriv.vojvodina.gov.rs\/#website"},"primaryImageOfPage":{"@id":"https:\/\/spriv.vojvodina.gov.rs\/kabinet\/#primaryimage"},"image":{"@id":"https:\/\/spriv.vojvodina.gov.rs\/kabinet\/#primaryimage"},"thumbnailUrl":"https:\/\/spriv.vojvodina.gov.rs\/wp-content\/uploads\/2021\/11\/dr-Nenad-Ivanisevic.jpg","datePublished":"2021-11-16T08:23:09+00:00","dateModified":"2024-11-04T11:16:25+00:00","breadcrumb":{"@id":"https:\/\/spriv.vojvodina.gov.rs\/kabinet\/#breadcrumb"},"inLanguage":"sr-RS","potentialAction":[{"@type":"ReadAction","target":["https:\/\/spriv.vojvodina.gov.rs\/kabinet\/"]}]},{"@type":"ImageObject","inLanguage":"sr-RS","@id":"https:\/\/spriv.vojvodina.gov.rs\/kabinet\/#primaryimage","url":"https:\/\/spriv.vojvodina.gov.rs\/wp-content\/uploads\/2021\/11\/dr-Nenad-Ivanisevic.jpg","contentUrl":"https:\/\/spriv.vojvodina.gov.rs\/wp-content\/uploads\/2021\/11\/dr-Nenad-Ivanisevic.jpg","width":1076,"height":1411},{"@type":"BreadcrumbList","@id":"https:\/\/spriv.vojvodina.gov.rs\/kabinet\/#breadcrumb","itemListElement":[{"@type":"ListItem","position":1,"name":"Home","item":"https:\/\/spriv.vojvodina.gov.rs\/"},{"@type":"ListItem","position":2,"name":"\u041a\u0430\u0431\u0438\u043d\u0435\u0442"}]},{"@type":"WebSite","@id":"https:\/\/spriv.vojvodina.gov.rs\/#website","url":"https:\/\/spriv.vojvodina.gov.rs\/","name":"\u041f\u043e\u043a\u0440\u0430\u0458\u0438\u043d\u0441\u043a\u0438 \u0441\u0435\u043a\u0440\u0435\u0442\u0430\u0440\u0438\u0458\u0430\u0442 \u0437\u0430 \u043f\u0440\u0438\u0432\u0440\u0435\u0434\u0443 \u0438 \u0442\u0443\u0440\u0438\u0437\u0430\u043c","description":"\u041f\u043e\u043a\u0440\u0430\u0458\u0438\u043d\u0441\u043a\u0438 \u0441\u0435\u043a\u0440\u0435\u0442\u0430\u0440\u0438\u0458\u0430\u0442 \u0437\u0430 \u043f\u0440\u0438\u0432\u0440\u0435\u0434\u0443 \u0438 \u0442\u0443\u0440\u0438\u0437\u0430\u043c","potentialAction":[{"@type":"SearchAction","target":{"@type":"EntryPoint","urlTemplate":"https:\/\/spriv.vojvodina.gov.rs\/?s={search_term_string}"},"query-input":{"@type":"PropertyValueSpecification","valueRequired":true,"valueName":"search_term_string"}}],"inLanguage":"sr-RS"}]}},"_links":{"self":[{"href":"https:\/\/spriv.vojvodina.gov.rs\/rs\/wp-json\/wp\/v2\/pages\/6450","targetHints":{"allow":["GET"]}}],"collection":[{"href":"https:\/\/spriv.vojvodina.gov.rs\/rs\/wp-json\/wp\/v2\/pages"}],"about":[{"href":"https:\/\/spriv.vojvodina.gov.rs\/rs\/wp-json\/wp\/v2\/types\/page"}],"author":[{"embeddable":true,"href":"https:\/\/spriv.vojvodina.gov.rs\/rs\/wp-json\/wp\/v2\/users\/3"}],"replies":[{"embeddable":true,"href":"https:\/\/spriv.vojvodina.gov.rs\/rs\/wp-json\/wp\/v2\/comments?post=6450"}],"version-history":[{"count":12,"href":"https:\/\/spriv.vojvodina.gov.rs\/rs\/wp-json\/wp\/v2\/pages\/6450\/revisions"}],"predecessor-version":[{"id":11840,"href":"https:\/\/spriv.vojvodina.gov.rs\/rs\/wp-json\/wp\/v2\/pages\/6450\/revisions\/11840"}],"wp:featuredmedia":[{"embeddable":true,"href":"https:\/\/spriv.vojvodina.gov.rs\/rs\/wp-json\/wp\/v2\/media\/6456"}],"wp:attachment":[{"href":"https:\/\/spriv.vojvodina.gov.rs\/rs\/wp-json\/wp\/v2\/media?parent=6450"}],"curies":[{"name":"wp","href":"https:\/\/api.w.org\/{rel}","templated":true}]}}