{"id":4898,"date":"2019-11-04T15:07:14","date_gmt":"2019-11-04T15:07:14","guid":{"rendered":"http:\/\/spriv.vojvodina.gov.rs\/2019\/11\/04\/zastita-podataka-o-licnosti\/"},"modified":"2021-11-19T10:59:58","modified_gmt":"2021-11-19T10:59:58","slug":"zastita-podataka-o-licnosti","status":"publish","type":"page","link":"https:\/\/spriv.vojvodina.gov.rs\/rs\/zastita-podataka-o-licnosti\/","title":{"rendered":"Lice za za\u0161titu podataka o li\u010dnosti"},"content":{"rendered":"<p><\/p>\n<p style=\"text-align: justify;\"><strong>Za\u0161tita podataka o li\u010dnosti<\/strong><\/p>\n<p style=\"text-align: justify;\">Zakon o za\u0161titi podataka o li\u010dnosti (,,Slu\u017ebeni glasnik RS&#8220;, broj 87\/2018) je stupio na snagu 21.11.2018, a primenjuje se po isteku devet meseci od dana stupanja zakona na snagu, odnosno od 21.08.2019. godine, osim odredbe \u010dlana 98. ovog zakona koja se primenjuje od dana njegovog stupanja na snagu.<\/p>\n<p style=\"text-align: justify;\">Ovla\u0161\u0107eno lice zadu\u017eeno za za\u0161titu podataka o li\u010dnosti u Pokrajinskom sekretarijatu za privredu i turizam je:<\/p>\n<p style=\"text-align: justify;\">Nata\u0161a Hes, savetnik za op\u0161te pravne poslove i zapo\u0161ljavanje, kancelarija 17, na drugom spratu u zgradi Pokrajinske vlade, Bulevar Mihajla pupina 16, 21000 Novi Sad, adresa elektronske po\u0161te: natasa.hes@vojvodina.gov.rs, kontakt telefon: 021 487 4613.<\/p>\n<p><a href=\"http:\/\/spriv.vojvodina.gov.rs\/wp-content\/uploads\/2019\/11\/Zakon-o-zastiti-podataka-o-licnosti.pdf\" target=\"_blank\" rel=\"noopener\">Zakon o za\u0161titi podataka o li\u010dnosti <img loading=\"lazy\" decoding=\"async\" src=\"http:\/\/spriv.vojvodina.gov.rs\/wp-content\/uploads\/2016\/08\/pdf32.png\" alt=\"\" width=\"21\" height=\"21\" align=\"right\" border=\"0\" \/><\/a><br \/>\n<a href=\"http:\/\/spriv.vojvodina.gov.rs\/wp-content\/uploads\/2019\/11\/PRAVILNI\u041aoobrascuprituzbe.doc\" target=\"_blank\" rel=\"noopener\">Pravilnik o obrascu pritu\u017ebe <img loading=\"lazy\" decoding=\"async\" class=\" alignright size-full wp-image-120\" src=\"http:\/\/spriv.vojvodina.gov.rs\/wp-content\/uploads\/2015\/06\/word32.png\" alt=\"\" width=\"21\" height=\"21\" align=\"right\" border=\"0\" \/><\/a><br \/>\n<a href=\"http:\/\/spriv.vojvodina.gov.rs\/wp-content\/uploads\/2019\/11\/PRAVILNI\u041a-obrasci-obavestenja-o-povredi.doc\" target=\"_blank\" rel=\"noopener\">Pravilnik o obrascu obave\u0161tenja o povredi podataka o li\u010dnosti i na\u010dinu obave\u0161tavanja Poverenika <img loading=\"lazy\" decoding=\"async\" class=\" alignright size-full wp-image-120\" src=\"http:\/\/spriv.vojvodina.gov.rs\/wp-content\/uploads\/2015\/06\/word32.png\" alt=\"\" width=\"21\" height=\"21\" align=\"right\" border=\"0\" \/><\/a><\/p>","protected":false},"excerpt":{"rendered":"Za\u0161tita podataka o li\u010dnosti Zakon o za\u0161titi podataka o li\u010dnosti (,,Slu\u017ebeni glasnik RS&#8220;, broj 87\/2018) je stupio na snagu 21.11.2018, a primenjuje se \n<a class=\"moretag\" href=\"https:\/\/spriv.vojvodina.gov.rs\/rs\/zastita-podataka-o-licnosti\/\"> [...]<\/a>","protected":false},"author":4,"featured_media":113,"parent":0,"menu_order":0,"comment_status":"closed","ping_status":"closed","template":"","meta":{"footnotes":""},"class_list":["post-4898","page","type-page","status-publish","has-post-thumbnail","hentry"],"yoast_head":"<!-- This site is optimized with the Yoast SEO plugin v27.4 - https:\/\/yoast.com\/product\/yoast-seo-wordpress\/ -->\n<title>Lice za za\u0161titu podataka o li\u010dnosti - \u041f\u043e\u043a\u0440\u0430\u0458\u0438\u043d\u0441\u043a\u0438 \u0441\u0435\u043a\u0440\u0435\u0442\u0430\u0440\u0438\u0458\u0430\u0442 \u0437\u0430 \u043f\u0440\u0438\u0432\u0440\u0435\u0434\u0443 \u0438 \u0442\u0443\u0440\u0438\u0437\u0430\u043c<\/title>\n<meta name=\"robots\" content=\"index, follow, max-snippet:-1, max-image-preview:large, max-video-preview:-1\" \/>\n<link rel=\"canonical\" href=\"https:\/\/spriv.vojvodina.gov.rs\/rs\/zastita-podataka-o-licnosti\/\" \/>\n<meta property=\"og:locale\" content=\"sr_RS\" \/>\n<meta property=\"og:type\" content=\"article\" \/>\n<meta property=\"og:title\" content=\"Lice za za\u0161titu podataka o li\u010dnosti - \u041f\u043e\u043a\u0440\u0430\u0458\u0438\u043d\u0441\u043a\u0438 \u0441\u0435\u043a\u0440\u0435\u0442\u0430\u0440\u0438\u0458\u0430\u0442 \u0437\u0430 \u043f\u0440\u0438\u0432\u0440\u0435\u0434\u0443 \u0438 \u0442\u0443\u0440\u0438\u0437\u0430\u043c\" \/>\n<meta property=\"og:description\" content=\"Za\u0161tita podataka o li\u010dnosti Zakon o za\u0161titi podataka o li\u010dnosti (,,Slu\u017ebeni glasnik RS&#8220;, broj 87\/2018) je stupio na snagu 21.11.2018, a primenjuje se\" \/>\n<meta property=\"og:url\" content=\"https:\/\/spriv.vojvodina.gov.rs\/zastita-podataka-o-licnosti\/\" \/>\n<meta property=\"og:site_name\" content=\"\u041f\u043e\u043a\u0440\u0430\u0458\u0438\u043d\u0441\u043a\u0438 \u0441\u0435\u043a\u0440\u0435\u0442\u0430\u0440\u0438\u0458\u0430\u0442 \u0437\u0430 \u043f\u0440\u0438\u0432\u0440\u0435\u0434\u0443 \u0438 \u0442\u0443\u0440\u0438\u0437\u0430\u043c\" \/>\n<meta property=\"article:modified_time\" content=\"2021-11-19T10:59:58+00:00\" \/>\n<meta property=\"og:image\" content=\"https:\/\/spriv.vojvodina.gov.rs\/wp-content\/uploads\/2016\/08\/pdf32.png\" \/>\n\t<meta property=\"og:image:width\" content=\"32\" \/>\n\t<meta property=\"og:image:height\" content=\"32\" \/>\n\t<meta property=\"og:image:type\" content=\"image\/png\" \/>\n<meta name=\"twitter:card\" content=\"summary_large_image\" \/>\n<meta name=\"twitter:label1\" content=\"\u041f\u0440\u043e\u0446\u0435\u045a\u0435\u043d\u043e \u0432\u0440\u0435\u043c\u0435 \u0447\u0438\u0442\u0430\u045a\u0430\" \/>\n\t<meta name=\"twitter:data1\" content=\"1 \u043c\u0438\u043d\u0443\u0442\" \/>\n<script type=\"application\/ld+json\" class=\"yoast-schema-graph\">{\"@context\":\"https:\\\/\\\/schema.org\",\"@graph\":[{\"@type\":\"WebPage\",\"@id\":\"https:\\\/\\\/spriv.vojvodina.gov.rs\\\/zastita-podataka-o-licnosti\\\/\",\"url\":\"https:\\\/\\\/spriv.vojvodina.gov.rs\\\/zastita-podataka-o-licnosti\\\/\",\"name\":\"Lice za za\u0161titu podataka o li\u010dnosti - \u041f\u043e\u043a\u0440\u0430\u0458\u0438\u043d\u0441\u043a\u0438 \u0441\u0435\u043a\u0440\u0435\u0442\u0430\u0440\u0438\u0458\u0430\u0442 \u0437\u0430 \u043f\u0440\u0438\u0432\u0440\u0435\u0434\u0443 \u0438 \u0442\u0443\u0440\u0438\u0437\u0430\u043c\",\"isPartOf\":{\"@id\":\"https:\\\/\\\/spriv.vojvodina.gov.rs\\\/#website\"},\"primaryImageOfPage\":{\"@id\":\"https:\\\/\\\/spriv.vojvodina.gov.rs\\\/zastita-podataka-o-licnosti\\\/#primaryimage\"},\"image\":{\"@id\":\"https:\\\/\\\/spriv.vojvodina.gov.rs\\\/zastita-podataka-o-licnosti\\\/#primaryimage\"},\"thumbnailUrl\":\"https:\\\/\\\/spriv.vojvodina.gov.rs\\\/wp-content\\\/uploads\\\/2016\\\/08\\\/pdf32.png\",\"datePublished\":\"2019-11-04T15:07:14+00:00\",\"dateModified\":\"2021-11-19T10:59:58+00:00\",\"breadcrumb\":{\"@id\":\"https:\\\/\\\/spriv.vojvodina.gov.rs\\\/zastita-podataka-o-licnosti\\\/#breadcrumb\"},\"inLanguage\":\"sr-RS\",\"potentialAction\":[{\"@type\":\"ReadAction\",\"target\":[\"https:\\\/\\\/spriv.vojvodina.gov.rs\\\/zastita-podataka-o-licnosti\\\/\"]}]},{\"@type\":\"ImageObject\",\"inLanguage\":\"sr-RS\",\"@id\":\"https:\\\/\\\/spriv.vojvodina.gov.rs\\\/zastita-podataka-o-licnosti\\\/#primaryimage\",\"url\":\"https:\\\/\\\/spriv.vojvodina.gov.rs\\\/wp-content\\\/uploads\\\/2016\\\/08\\\/pdf32.png\",\"contentUrl\":\"https:\\\/\\\/spriv.vojvodina.gov.rs\\\/wp-content\\\/uploads\\\/2016\\\/08\\\/pdf32.png\",\"width\":32,\"height\":32},{\"@type\":\"BreadcrumbList\",\"@id\":\"https:\\\/\\\/spriv.vojvodina.gov.rs\\\/zastita-podataka-o-licnosti\\\/#breadcrumb\",\"itemListElement\":[{\"@type\":\"ListItem\",\"position\":1,\"name\":\"Home\",\"item\":\"https:\\\/\\\/spriv.vojvodina.gov.rs\\\/\"},{\"@type\":\"ListItem\",\"position\":2,\"name\":\"\u041b\u0438\u0446\u0435 \u0437\u0430 \u0437\u0430\u0448\u0442\u0438\u0442\u0443 \u043f\u043e\u0434\u0430\u0442\u0430\u043a\u0430 \u043e \u043b\u0438\u0447\u043d\u043e\u0441\u0442\u0438\"}]},{\"@type\":\"WebSite\",\"@id\":\"https:\\\/\\\/spriv.vojvodina.gov.rs\\\/#website\",\"url\":\"https:\\\/\\\/spriv.vojvodina.gov.rs\\\/\",\"name\":\"\u041f\u043e\u043a\u0440\u0430\u0458\u0438\u043d\u0441\u043a\u0438 \u0441\u0435\u043a\u0440\u0435\u0442\u0430\u0440\u0438\u0458\u0430\u0442 \u0437\u0430 \u043f\u0440\u0438\u0432\u0440\u0435\u0434\u0443 \u0438 \u0442\u0443\u0440\u0438\u0437\u0430\u043c\",\"description\":\"\u041f\u043e\u043a\u0440\u0430\u0458\u0438\u043d\u0441\u043a\u0438 \u0441\u0435\u043a\u0440\u0435\u0442\u0430\u0440\u0438\u0458\u0430\u0442 \u0437\u0430 \u043f\u0440\u0438\u0432\u0440\u0435\u0434\u0443 \u0438 \u0442\u0443\u0440\u0438\u0437\u0430\u043c\",\"potentialAction\":[{\"@type\":\"SearchAction\",\"target\":{\"@type\":\"EntryPoint\",\"urlTemplate\":\"https:\\\/\\\/spriv.vojvodina.gov.rs\\\/?s={search_term_string}\"},\"query-input\":{\"@type\":\"PropertyValueSpecification\",\"valueRequired\":true,\"valueName\":\"search_term_string\"}}],\"inLanguage\":\"sr-RS\"}]}<\/script>\n<!-- \/ Yoast SEO plugin. -->","yoast_head_json":{"title":"Lice za za\u0161titu podataka o li\u010dnosti - \u041f\u043e\u043a\u0440\u0430\u0458\u0438\u043d\u0441\u043a\u0438 \u0441\u0435\u043a\u0440\u0435\u0442\u0430\u0440\u0438\u0458\u0430\u0442 \u0437\u0430 \u043f\u0440\u0438\u0432\u0440\u0435\u0434\u0443 \u0438 \u0442\u0443\u0440\u0438\u0437\u0430\u043c","robots":{"index":"index","follow":"follow","max-snippet":"max-snippet:-1","max-image-preview":"max-image-preview:large","max-video-preview":"max-video-preview:-1"},"canonical":"https:\/\/spriv.vojvodina.gov.rs\/rs\/zastita-podataka-o-licnosti\/","og_locale":"sr_RS","og_type":"article","og_title":"Lice za za\u0161titu podataka o li\u010dnosti - \u041f\u043e\u043a\u0440\u0430\u0458\u0438\u043d\u0441\u043a\u0438 \u0441\u0435\u043a\u0440\u0435\u0442\u0430\u0440\u0438\u0458\u0430\u0442 \u0437\u0430 \u043f\u0440\u0438\u0432\u0440\u0435\u0434\u0443 \u0438 \u0442\u0443\u0440\u0438\u0437\u0430\u043c","og_description":"Za\u0161tita podataka o li\u010dnosti Zakon o za\u0161titi podataka o li\u010dnosti (,,Slu\u017ebeni glasnik RS&#8220;, broj 87\/2018) je stupio na snagu 21.11.2018, a primenjuje se","og_url":"https:\/\/spriv.vojvodina.gov.rs\/zastita-podataka-o-licnosti\/","og_site_name":"\u041f\u043e\u043a\u0440\u0430\u0458\u0438\u043d\u0441\u043a\u0438 \u0441\u0435\u043a\u0440\u0435\u0442\u0430\u0440\u0438\u0458\u0430\u0442 \u0437\u0430 \u043f\u0440\u0438\u0432\u0440\u0435\u0434\u0443 \u0438 \u0442\u0443\u0440\u0438\u0437\u0430\u043c","article_modified_time":"2021-11-19T10:59:58+00:00","og_image":[{"width":32,"height":32,"url":"https:\/\/spriv.vojvodina.gov.rs\/wp-content\/uploads\/2016\/08\/pdf32.png","type":"image\/png"}],"twitter_card":"summary_large_image","twitter_misc":{"\u041f\u0440\u043e\u0446\u0435\u045a\u0435\u043d\u043e \u0432\u0440\u0435\u043c\u0435 \u0447\u0438\u0442\u0430\u045a\u0430":"1 \u043c\u0438\u043d\u0443\u0442"},"schema":{"@context":"https:\/\/schema.org","@graph":[{"@type":"WebPage","@id":"https:\/\/spriv.vojvodina.gov.rs\/zastita-podataka-o-licnosti\/","url":"https:\/\/spriv.vojvodina.gov.rs\/zastita-podataka-o-licnosti\/","name":"Lice za za\u0161titu podataka o li\u010dnosti - \u041f\u043e\u043a\u0440\u0430\u0458\u0438\u043d\u0441\u043a\u0438 \u0441\u0435\u043a\u0440\u0435\u0442\u0430\u0440\u0438\u0458\u0430\u0442 \u0437\u0430 \u043f\u0440\u0438\u0432\u0440\u0435\u0434\u0443 \u0438 \u0442\u0443\u0440\u0438\u0437\u0430\u043c","isPartOf":{"@id":"https:\/\/spriv.vojvodina.gov.rs\/#website"},"primaryImageOfPage":{"@id":"https:\/\/spriv.vojvodina.gov.rs\/zastita-podataka-o-licnosti\/#primaryimage"},"image":{"@id":"https:\/\/spriv.vojvodina.gov.rs\/zastita-podataka-o-licnosti\/#primaryimage"},"thumbnailUrl":"https:\/\/spriv.vojvodina.gov.rs\/wp-content\/uploads\/2016\/08\/pdf32.png","datePublished":"2019-11-04T15:07:14+00:00","dateModified":"2021-11-19T10:59:58+00:00","breadcrumb":{"@id":"https:\/\/spriv.vojvodina.gov.rs\/zastita-podataka-o-licnosti\/#breadcrumb"},"inLanguage":"sr-RS","potentialAction":[{"@type":"ReadAction","target":["https:\/\/spriv.vojvodina.gov.rs\/zastita-podataka-o-licnosti\/"]}]},{"@type":"ImageObject","inLanguage":"sr-RS","@id":"https:\/\/spriv.vojvodina.gov.rs\/zastita-podataka-o-licnosti\/#primaryimage","url":"https:\/\/spriv.vojvodina.gov.rs\/wp-content\/uploads\/2016\/08\/pdf32.png","contentUrl":"https:\/\/spriv.vojvodina.gov.rs\/wp-content\/uploads\/2016\/08\/pdf32.png","width":32,"height":32},{"@type":"BreadcrumbList","@id":"https:\/\/spriv.vojvodina.gov.rs\/zastita-podataka-o-licnosti\/#breadcrumb","itemListElement":[{"@type":"ListItem","position":1,"name":"Home","item":"https:\/\/spriv.vojvodina.gov.rs\/"},{"@type":"ListItem","position":2,"name":"\u041b\u0438\u0446\u0435 \u0437\u0430 \u0437\u0430\u0448\u0442\u0438\u0442\u0443 \u043f\u043e\u0434\u0430\u0442\u0430\u043a\u0430 \u043e \u043b\u0438\u0447\u043d\u043e\u0441\u0442\u0438"}]},{"@type":"WebSite","@id":"https:\/\/spriv.vojvodina.gov.rs\/#website","url":"https:\/\/spriv.vojvodina.gov.rs\/","name":"\u041f\u043e\u043a\u0440\u0430\u0458\u0438\u043d\u0441\u043a\u0438 \u0441\u0435\u043a\u0440\u0435\u0442\u0430\u0440\u0438\u0458\u0430\u0442 \u0437\u0430 \u043f\u0440\u0438\u0432\u0440\u0435\u0434\u0443 \u0438 \u0442\u0443\u0440\u0438\u0437\u0430\u043c","description":"\u041f\u043e\u043a\u0440\u0430\u0458\u0438\u043d\u0441\u043a\u0438 \u0441\u0435\u043a\u0440\u0435\u0442\u0430\u0440\u0438\u0458\u0430\u0442 \u0437\u0430 \u043f\u0440\u0438\u0432\u0440\u0435\u0434\u0443 \u0438 \u0442\u0443\u0440\u0438\u0437\u0430\u043c","potentialAction":[{"@type":"SearchAction","target":{"@type":"EntryPoint","urlTemplate":"https:\/\/spriv.vojvodina.gov.rs\/?s={search_term_string}"},"query-input":{"@type":"PropertyValueSpecification","valueRequired":true,"valueName":"search_term_string"}}],"inLanguage":"sr-RS"}]}},"_links":{"self":[{"href":"https:\/\/spriv.vojvodina.gov.rs\/rs\/wp-json\/wp\/v2\/pages\/4898","targetHints":{"allow":["GET"]}}],"collection":[{"href":"https:\/\/spriv.vojvodina.gov.rs\/rs\/wp-json\/wp\/v2\/pages"}],"about":[{"href":"https:\/\/spriv.vojvodina.gov.rs\/rs\/wp-json\/wp\/v2\/types\/page"}],"author":[{"embeddable":true,"href":"https:\/\/spriv.vojvodina.gov.rs\/rs\/wp-json\/wp\/v2\/users\/4"}],"replies":[{"embeddable":true,"href":"https:\/\/spriv.vojvodina.gov.rs\/rs\/wp-json\/wp\/v2\/comments?post=4898"}],"version-history":[{"count":3,"href":"https:\/\/spriv.vojvodina.gov.rs\/rs\/wp-json\/wp\/v2\/pages\/4898\/revisions"}],"predecessor-version":[{"id":7461,"href":"https:\/\/spriv.vojvodina.gov.rs\/rs\/wp-json\/wp\/v2\/pages\/4898\/revisions\/7461"}],"wp:featuredmedia":[{"embeddable":true,"href":"https:\/\/spriv.vojvodina.gov.rs\/rs\/wp-json\/wp\/v2\/media\/113"}],"wp:attachment":[{"href":"https:\/\/spriv.vojvodina.gov.rs\/rs\/wp-json\/wp\/v2\/media?parent=4898"}],"curies":[{"name":"wp","href":"https:\/\/api.w.org\/{rel}","templated":true}]}}