{"id":2173,"date":"2016-12-09T08:33:15","date_gmt":"2016-12-09T08:33:15","guid":{"rendered":"http:\/\/spriv.vojvodina.gov.rs\/2016\/12\/09\/%d0%bb%d0%b8%d0%bd%d0%ba%d0%be%d0%b2%d0%b8\/"},"modified":"2021-11-19T10:58:05","modified_gmt":"2021-11-19T10:58:05","slug":"%d0%bb%d0%b8%d0%bd%d0%ba%d0%be%d0%b2%d0%b8","status":"publish","type":"page","link":"https:\/\/spriv.vojvodina.gov.rs\/rs\/%d0%bb%d0%b8%d0%bd%d0%ba%d0%be%d0%b2%d0%b8\/","title":{"rendered":"Linkovi"},"content":{"rendered":"<p><\/p>\n<h2><span style=\"text-decoration: underline;\"><strong>VLADA REPUBLI\u041aE SRBIJE <\/strong><\/span><\/h2>\n<p><a href=\"http:\/\/www.srbija.gov.rs\/\" target=\"_blank\" rel=\"noopener\">Vlada Republike Srbije<\/a><\/p>\n<p><a href=\"http:\/\/www.mfa.gov.rs\/sr\/index.php\" target=\"_blank\" rel=\"noopener\">Ministarstvo spoljnjih poslova<\/a><\/p>\n<p><a href=\"http:\/\/www.mup.gov.rs\/wps\/portal\/sr\/\" target=\"_blank\" rel=\"noopener\">Ministarstvo unutra\u0161njih poslova<\/a><\/p>\n<p><a href=\"http:\/\/www.mgsi.gov.rs\/\" target=\"_blank\" rel=\"noopener\">Ministarstvo gra\u0111evinarstva, saobra\u0107aja i infrastrukture <\/a><\/p>\n<p><a href=\"http:\/\/mtt.gov.rs\/\" target=\"_blank\" rel=\"noopener\">Ministarstvo trgovine, turizma i telekomunikacija<\/a><\/p>\n<p><a href=\"http:\/\/www.mpzzs.gov.rs\/\" target=\"_blank\" rel=\"noopener\">Ministarstvo poljoprivrede i za\u0161tite \u017eivotne sredine<\/a><\/p>\n<p><a href=\"http:\/\/www.mre.gov.rs\/\" target=\"_blank\" rel=\"noopener\">Ministarstvo rudarstva i energetike<\/a><\/p>\n<p><a href=\"http:\/\/www.mpravde.gov.rs\/\" target=\"_blank\" rel=\"noopener\">Ministarstvo pravde<\/a><\/p>\n<p><a href=\"http:\/\/www.mduls.gov.rs\/\" target=\"_blank\" rel=\"noopener\">Ministarstvo dr\u017eavne uprave i lokalne samouprave<\/a><\/p>\n<p><a href=\"http:\/\/www.mod.gov.rs\/\" target=\"_blank\" rel=\"noopener\">Ministarstvo odbrane<\/a><\/p>\n<p><a href=\"http:\/\/www.mpn.gov.rs\/\" target=\"_blank\" rel=\"noopener\">Ministarstvo prosvete, nauke i tehnolo\u0161kog razvoja<\/a><\/p>\n<p><a href=\"http:\/\/www.zdravlje.gov.rs\/index.php\" target=\"_blank\" rel=\"noopener\">Ministarstvo zdravlja<\/a><\/p>\n<p><a href=\"http:\/\/www.minrzs.gov.rs\/cir\/\" target=\"_blank\" rel=\"noopener\">Ministarstvo za rad, zapo\u0161ljavanje, bora\u010dka i socijalna pitanja<\/a><\/p>\n<p><a href=\"http:\/\/www.mos.gov.rs\/\" target=\"_blank\" rel=\"noopener\">Ministarstvo omladine i sporta<\/a><\/p>\n<p><a href=\"http:\/\/www.kultura.gov.rs\/\" target=\"_blank\" rel=\"noopener\">Ministarstvo kulture i informisanja<\/a><\/p>\n<p><a href=\"http:\/\/www.parlament.gov.rs\/\" target=\"_blank\" rel=\"noopener\">Narodna Skup\u0161tina Republike Srbije<\/a><\/p>\n<h2><span style=\"text-decoration: underline;\"><strong>\u041aANCELARIJE I UPRAVE VLADE REPUBLI\u041aE SRBIJE<\/strong><\/span><\/h2>\n<p><a href=\"http:\/\/www.seio.gov.rs\/\" target=\"_blank\" rel=\"noopener\">\u041aancelarija za evropske integracije<\/a><\/p>\n<p><a href=\"http:\/\/www.obnova.gov.rs\/cirilica\" target=\"_blank\" rel=\"noopener\">\u041aancelarija za upravljanje javnim ulaganjima<\/a><\/p>\n<p><a href=\"http:\/\/www.kim.gov.rs\/\" target=\"_blank\" rel=\"noopener\">\u041aancelarija za \u041aosovo i Metohiju<\/a><\/p>\n<p><a href=\"http:\/\/www.ljudskaprava.gov.rs\/\" target=\"_blank\" rel=\"noopener\">\u041aancelarija za ljudska i manjinska prava<\/a><\/p>\n<p><a href=\"http:\/\/www.aa.gov.rs\/\" target=\"_blank\" rel=\"noopener\">\u041aancelarija za reviziju sistema upravljanja sredstvima Evropske unije<\/a><\/p>\n<p><a href=\"http:\/\/www.dijaspora.gov.rs\/\" target=\"_blank\" rel=\"noopener\">Uprava za saradnju sa dijasporom i Srbima u regionu<\/a><\/p>\n<p><a href=\"http:\/\/www.vere.gov.rs\/cir\/Start1.asp?cmd=resetall\" target=\"_blank\" rel=\"noopener\">Uprava za saradnju s crkvama i verskim zajednicama<\/a><\/p>\n<p><a href=\"http:\/\/www.civilnodrustvo.gov.rs\/%D0%BF%D0%BE%D1%87%D0%B5%D1%82%D0%BD%D0%B0.8.html\" target=\"_blank\" rel=\"noopener\">\u041aancelarija za saradnju sa civilnim dru\u0161tvom<\/a><\/p>\n<h2><strong><span style=\"text-decoration: underline;\">PO\u041aRAJINS\u041aA VLADA AUTONOMNE PO\u041aRAJINE VOJVODINE<\/span><\/strong><\/h2>\n<p><a href=\"http:\/\/www.vojvodina.gov.rs\/\" target=\"_blank\" rel=\"noopener\">Pokrajinska vlada<\/a><\/p>\n<p><a href=\"http:\/\/apv-visokoobrazovanje.vojvodina.gov.rs\/\" target=\"_blank\" rel=\"noopener\">Pokrajinski sekretarijat za visoko obrazovanje i nau\u010dnoistra\u017eiva\u010dku delatnost <\/a><\/p>\n<p><a href=\"http:\/\/www.psp.vojvodina.gov.rs\/\" target=\"_blank\" rel=\"noopener\">Pokrajinski sekretarijat za poljoprivredu, \u0161umarstvo i vodoprivredu<\/a><\/p>\n<p><a href=\"http:\/\/www.kultura.vojvodina.gov.rs\/\" target=\"_blank\" rel=\"noopener\">Pokrajinski sekretarijat za kulturu, javno informisanje i odnose s verskim zajednicama<\/a><\/p>\n<p><a href=\"http:\/\/www.puma.vojvodina.gov.rs\/\" target=\"_blank\" rel=\"noopener\">Pokrajinski sekretarijat za obrazovanje, upravu i nacionalne zajednice <\/a><\/p>\n<p><a href=\"http:\/\/www.spriv.vojvodina.gov.rs\/\" target=\"_blank\" rel=\"noopener\">Pokrajinski sekretarijat za privredu i turizam<\/a><\/p>\n<p><a href=\"http:\/\/www.ekourb.vojvodina.gov.rs\/\" target=\"_blank\" rel=\"noopener\">Pokrajinski sekretarijat za urbanizam i za\u0161titu \u017eivotne sredine<\/a><\/p>\n<p><a href=\"http:\/\/www.zdravstvo.vojvodina.gov.rs\/\" target=\"_blank\" rel=\"noopener\">Pokrajinski sekretarijat za zdravstvo<\/a><\/p>\n<p><a href=\"http:\/\/www.psf.vojvodina.gov.rs\/\" target=\"_blank\" rel=\"noopener\">Pokrajinski sekretarijat za finansije<\/a><\/p>\n<p><a href=\"http:\/\/www.region.vojvodina.gov.rs\/\" target=\"_blank\" rel=\"noopener\">Pokrajinski sekretarijat za regionalni razvoj, me\u0111uregionalnu saradnju i lokalnu samoupravu<\/a><\/p>\n<p><a href=\"http:\/\/www.psemr.vojvodina.gov.rs\/\" target=\"_blank\" rel=\"noopener\">Pokrajinski sekretarijat za energetiku, gra\u0111evinarstvo i saobra\u0107aj<\/a><\/p>\n<p><a href=\"http:\/\/www.sio.vojvodina.gov.rs\/\" target=\"_blank\" rel=\"noopener\">Pokrajinski sekretarijat za sport i omladinu<\/a><\/p>\n<p><a href=\"http:\/\/www.socijalnapolitika.vojvodina.gov.rs\/\" target=\"_blank\" rel=\"noopener\">Pokrajinski sekretarijat za socijalnu politiku, demografiju i ravnopravnost polova<br \/>\n<\/a><\/p>\n<p><a href=\"http:\/\/www.skupstinavojvodine.gov.rs\/\" target=\"_blank\" rel=\"noopener\">Skup\u0161tina Autonomne pokrajine Vojvodine<\/a><\/p>\n<h2><span style=\"text-decoration: underline;\"><strong>OSTALI PO\u041aRAJINS\u041aI ORGANI<\/strong><\/span><\/h2>\n<p><a href=\"http:\/\/www.uprava.vojvodina.gov.rs\/uprava.htm?p=662012&amp;da=52&amp;g=0&amp;t=25\" target=\"_blank\" rel=\"noopener\">Uprava za zajedni\u010dke poslove pokrajinskih organa<\/a><\/p>\n<p><a href=\"http:\/\/sr.vip.org.rs\/\" target=\"_blank\" rel=\"noopener\">Fond za podr\u0161ku investicija u Vojvodini<\/a><\/p>\n<p><a href=\"http:\/\/www.budzet.vojvodina.gov.rs\/\" target=\"_blank\" rel=\"noopener\">Transparentnost Bud\u017eeta AP Vojvodine<\/a><\/p>\n<p><a href=\"http:\/\/www.kapitalnaulaganja.vojvodina.gov.rs\/\" target=\"_blank\" rel=\"noopener\">Uprava za kapitalna ulaganja<\/a><\/p>\n<p><a href=\"http:\/\/www.garfondapv.org.rs\/\" target=\"_blank\" rel=\"noopener\">Garancijski fond Autonomne pokrajine Vojvodine<\/a><\/p>\n<p><a href=\"http:\/\/www.fondpolj.vojvodina.gov.rs\/\" target=\"_blank\" rel=\"noopener\">Pokrajinski fond za razvoj poljoprivrede<\/a><\/p>\n<p><a href=\"http:\/\/www.fondajnfort.rs\/\" target=\"_blank\" rel=\"noopener\">Fond za pru\u017eanje pomo\u0107i izbeglim, prognanim i raseljenim licima<\/a><\/p>\n<p><a href=\"http:\/\/www.vojvodinahouse.rs\/\" target=\"_blank\" rel=\"noopener\">Fond \u201eEvropski poslovi\u201d Autonomne pokrajine Vojvodine<\/a><\/p>\n<p><a href=\"http:\/\/www.centar.edu.rs\/\" target=\"_blank\" rel=\"noopener\">Edukativni centar za obuke u profesionalnim i radnim ve\u0161tinama<\/a><\/p>\n<p><a href=\"http:\/\/www.ombudsmanapv.org\/riv\/index.php?lang=sr-RS\" target=\"_blank\" rel=\"noopener\">Pokrajinski za\u0161titnik gra\u0111ana &#8211; ombudsman<\/a><\/p>\n<p><a href=\"http:\/\/www.bsccentar.rs\/\" target=\"_blank\" rel=\"noopener\">BSC Informativni centar za poslovnu standardizaciju i sertifikaciju<\/a><\/p>\n<p><a href=\"http:\/\/www.ravnopravnost.org.rs\/\" target=\"_blank\" rel=\"noopener\">Zavod za ravnopravnost polova<\/a><\/p>\n<p><a href=\"http:\/\/www.pjpv.vojvodina.gov.rs\/\" target=\"_blank\" rel=\"noopener\">Pokrajinsko javno pravobranila\u0161to Vojvodine<\/a><\/p>\n<p><a href=\"http:\/\/www.imovina.vojvodina.gov.rs\/\" target=\"_blank\" rel=\"noopener\">Uprava za imovinu Autonomne pokrajine Vojvodine<\/a><\/p>\n<p><a href=\"http:\/\/www.puma.vojvodina.gov.rs\/nadleznosti\/\" target=\"_blank\" rel=\"noopener\">Baza nadle\u017enosti, delokruga i ovla\u0161\u0107enja AP Vojvodine<\/a><\/p>","protected":false},"excerpt":{"rendered":"VLADA REPUBLI\u041aE SRBIJE Vlada Republike Srbije Ministarstvo spoljnjih poslova Ministarstvo unutra\u0161njih poslova Ministarstvo gra\u0111evinarstva, saobra\u0107aja i infrastrukture Ministarstvo trgovine, turizma i telekomunikacija Ministarstvo \n<a class=\"moretag\" href=\"https:\/\/spriv.vojvodina.gov.rs\/rs\/%d0%bb%d0%b8%d0%bd%d0%ba%d0%be%d0%b2%d0%b8\/\"> [...]<\/a>","protected":false},"author":3,"featured_media":0,"parent":0,"menu_order":2,"comment_status":"closed","ping_status":"closed","template":"","meta":{"footnotes":""},"class_list":["post-2173","page","type-page","status-publish","hentry"],"yoast_head":"<!-- This site is optimized with the Yoast SEO plugin v27.3 - https:\/\/yoast.com\/product\/yoast-seo-wordpress\/ -->\n<title>Linkovi - \u041f\u043e\u043a\u0440\u0430\u0458\u0438\u043d\u0441\u043a\u0438 \u0441\u0435\u043a\u0440\u0435\u0442\u0430\u0440\u0438\u0458\u0430\u0442 \u0437\u0430 \u043f\u0440\u0438\u0432\u0440\u0435\u0434\u0443 \u0438 \u0442\u0443\u0440\u0438\u0437\u0430\u043c<\/title>\n<meta name=\"robots\" content=\"index, follow, max-snippet:-1, max-image-preview:large, max-video-preview:-1\" \/>\n<link rel=\"canonical\" href=\"https:\/\/spriv.vojvodina.gov.rs\/rs\/\u043b\u0438\u043d\u043a\u043e\u0432\u0438\/\" \/>\n<meta property=\"og:locale\" content=\"sr_RS\" \/>\n<meta property=\"og:type\" content=\"article\" \/>\n<meta property=\"og:title\" content=\"Linkovi - \u041f\u043e\u043a\u0440\u0430\u0458\u0438\u043d\u0441\u043a\u0438 \u0441\u0435\u043a\u0440\u0435\u0442\u0430\u0440\u0438\u0458\u0430\u0442 \u0437\u0430 \u043f\u0440\u0438\u0432\u0440\u0435\u0434\u0443 \u0438 \u0442\u0443\u0440\u0438\u0437\u0430\u043c\" \/>\n<meta property=\"og:description\" content=\"VLADA REPUBLI\u041aE SRBIJE Vlada Republike Srbije Ministarstvo spoljnjih poslova Ministarstvo unutra\u0161njih poslova Ministarstvo gra\u0111evinarstva, saobra\u0107aja i infrastrukture Ministarstvo trgovine, turizma i telekomunikacija Ministarstvo\" \/>\n<meta property=\"og:url\" content=\"https:\/\/spriv.vojvodina.gov.rs\/\u043b\u0438\u043d\u043a\u043e\u0432\u0438\/\" \/>\n<meta property=\"og:site_name\" content=\"\u041f\u043e\u043a\u0440\u0430\u0458\u0438\u043d\u0441\u043a\u0438 \u0441\u0435\u043a\u0440\u0435\u0442\u0430\u0440\u0438\u0458\u0430\u0442 \u0437\u0430 \u043f\u0440\u0438\u0432\u0440\u0435\u0434\u0443 \u0438 \u0442\u0443\u0440\u0438\u0437\u0430\u043c\" \/>\n<meta property=\"article:modified_time\" content=\"2021-11-19T10:58:05+00:00\" \/>\n<meta name=\"twitter:card\" content=\"summary_large_image\" \/>\n<meta name=\"twitter:label1\" content=\"\u041f\u0440\u043e\u0446\u0435\u045a\u0435\u043d\u043e \u0432\u0440\u0435\u043c\u0435 \u0447\u0438\u0442\u0430\u045a\u0430\" \/>\n\t<meta name=\"twitter:data1\" content=\"2 \u043c\u0438\u043d\u0443\u0442\u0430\" \/>\n<script type=\"application\/ld+json\" class=\"yoast-schema-graph\">{\"@context\":\"https:\\\/\\\/schema.org\",\"@graph\":[{\"@type\":\"WebPage\",\"@id\":\"https:\\\/\\\/spriv.vojvodina.gov.rs\\\/%d0%bb%d0%b8%d0%bd%d0%ba%d0%be%d0%b2%d0%b8\\\/\",\"url\":\"https:\\\/\\\/spriv.vojvodina.gov.rs\\\/%d0%bb%d0%b8%d0%bd%d0%ba%d0%be%d0%b2%d0%b8\\\/\",\"name\":\"Linkovi - \u041f\u043e\u043a\u0440\u0430\u0458\u0438\u043d\u0441\u043a\u0438 \u0441\u0435\u043a\u0440\u0435\u0442\u0430\u0440\u0438\u0458\u0430\u0442 \u0437\u0430 \u043f\u0440\u0438\u0432\u0440\u0435\u0434\u0443 \u0438 \u0442\u0443\u0440\u0438\u0437\u0430\u043c\",\"isPartOf\":{\"@id\":\"https:\\\/\\\/spriv.vojvodina.gov.rs\\\/#website\"},\"datePublished\":\"2016-12-09T08:33:15+00:00\",\"dateModified\":\"2021-11-19T10:58:05+00:00\",\"breadcrumb\":{\"@id\":\"https:\\\/\\\/spriv.vojvodina.gov.rs\\\/%d0%bb%d0%b8%d0%bd%d0%ba%d0%be%d0%b2%d0%b8\\\/#breadcrumb\"},\"inLanguage\":\"sr-RS\",\"potentialAction\":[{\"@type\":\"ReadAction\",\"target\":[\"https:\\\/\\\/spriv.vojvodina.gov.rs\\\/%d0%bb%d0%b8%d0%bd%d0%ba%d0%be%d0%b2%d0%b8\\\/\"]}]},{\"@type\":\"BreadcrumbList\",\"@id\":\"https:\\\/\\\/spriv.vojvodina.gov.rs\\\/%d0%bb%d0%b8%d0%bd%d0%ba%d0%be%d0%b2%d0%b8\\\/#breadcrumb\",\"itemListElement\":[{\"@type\":\"ListItem\",\"position\":1,\"name\":\"Home\",\"item\":\"https:\\\/\\\/spriv.vojvodina.gov.rs\\\/\"},{\"@type\":\"ListItem\",\"position\":2,\"name\":\"\u041b\u0438\u043d\u043a\u043e\u0432\u0438\"}]},{\"@type\":\"WebSite\",\"@id\":\"https:\\\/\\\/spriv.vojvodina.gov.rs\\\/#website\",\"url\":\"https:\\\/\\\/spriv.vojvodina.gov.rs\\\/\",\"name\":\"\u041f\u043e\u043a\u0440\u0430\u0458\u0438\u043d\u0441\u043a\u0438 \u0441\u0435\u043a\u0440\u0435\u0442\u0430\u0440\u0438\u0458\u0430\u0442 \u0437\u0430 \u043f\u0440\u0438\u0432\u0440\u0435\u0434\u0443 \u0438 \u0442\u0443\u0440\u0438\u0437\u0430\u043c\",\"description\":\"\u041f\u043e\u043a\u0440\u0430\u0458\u0438\u043d\u0441\u043a\u0438 \u0441\u0435\u043a\u0440\u0435\u0442\u0430\u0440\u0438\u0458\u0430\u0442 \u0437\u0430 \u043f\u0440\u0438\u0432\u0440\u0435\u0434\u0443 \u0438 \u0442\u0443\u0440\u0438\u0437\u0430\u043c\",\"potentialAction\":[{\"@type\":\"SearchAction\",\"target\":{\"@type\":\"EntryPoint\",\"urlTemplate\":\"https:\\\/\\\/spriv.vojvodina.gov.rs\\\/?s={search_term_string}\"},\"query-input\":{\"@type\":\"PropertyValueSpecification\",\"valueRequired\":true,\"valueName\":\"search_term_string\"}}],\"inLanguage\":\"sr-RS\"}]}<\/script>\n<!-- \/ Yoast SEO plugin. -->","yoast_head_json":{"title":"Linkovi - \u041f\u043e\u043a\u0440\u0430\u0458\u0438\u043d\u0441\u043a\u0438 \u0441\u0435\u043a\u0440\u0435\u0442\u0430\u0440\u0438\u0458\u0430\u0442 \u0437\u0430 \u043f\u0440\u0438\u0432\u0440\u0435\u0434\u0443 \u0438 \u0442\u0443\u0440\u0438\u0437\u0430\u043c","robots":{"index":"index","follow":"follow","max-snippet":"max-snippet:-1","max-image-preview":"max-image-preview:large","max-video-preview":"max-video-preview:-1"},"canonical":"https:\/\/spriv.vojvodina.gov.rs\/rs\/\u043b\u0438\u043d\u043a\u043e\u0432\u0438\/","og_locale":"sr_RS","og_type":"article","og_title":"Linkovi - \u041f\u043e\u043a\u0440\u0430\u0458\u0438\u043d\u0441\u043a\u0438 \u0441\u0435\u043a\u0440\u0435\u0442\u0430\u0440\u0438\u0458\u0430\u0442 \u0437\u0430 \u043f\u0440\u0438\u0432\u0440\u0435\u0434\u0443 \u0438 \u0442\u0443\u0440\u0438\u0437\u0430\u043c","og_description":"VLADA REPUBLI\u041aE SRBIJE Vlada Republike Srbije Ministarstvo spoljnjih poslova Ministarstvo unutra\u0161njih poslova Ministarstvo gra\u0111evinarstva, saobra\u0107aja i infrastrukture Ministarstvo trgovine, turizma i telekomunikacija Ministarstvo","og_url":"https:\/\/spriv.vojvodina.gov.rs\/\u043b\u0438\u043d\u043a\u043e\u0432\u0438\/","og_site_name":"\u041f\u043e\u043a\u0440\u0430\u0458\u0438\u043d\u0441\u043a\u0438 \u0441\u0435\u043a\u0440\u0435\u0442\u0430\u0440\u0438\u0458\u0430\u0442 \u0437\u0430 \u043f\u0440\u0438\u0432\u0440\u0435\u0434\u0443 \u0438 \u0442\u0443\u0440\u0438\u0437\u0430\u043c","article_modified_time":"2021-11-19T10:58:05+00:00","twitter_card":"summary_large_image","twitter_misc":{"\u041f\u0440\u043e\u0446\u0435\u045a\u0435\u043d\u043e \u0432\u0440\u0435\u043c\u0435 \u0447\u0438\u0442\u0430\u045a\u0430":"2 \u043c\u0438\u043d\u0443\u0442\u0430"},"schema":{"@context":"https:\/\/schema.org","@graph":[{"@type":"WebPage","@id":"https:\/\/spriv.vojvodina.gov.rs\/%d0%bb%d0%b8%d0%bd%d0%ba%d0%be%d0%b2%d0%b8\/","url":"https:\/\/spriv.vojvodina.gov.rs\/%d0%bb%d0%b8%d0%bd%d0%ba%d0%be%d0%b2%d0%b8\/","name":"Linkovi - \u041f\u043e\u043a\u0440\u0430\u0458\u0438\u043d\u0441\u043a\u0438 \u0441\u0435\u043a\u0440\u0435\u0442\u0430\u0440\u0438\u0458\u0430\u0442 \u0437\u0430 \u043f\u0440\u0438\u0432\u0440\u0435\u0434\u0443 \u0438 \u0442\u0443\u0440\u0438\u0437\u0430\u043c","isPartOf":{"@id":"https:\/\/spriv.vojvodina.gov.rs\/#website"},"datePublished":"2016-12-09T08:33:15+00:00","dateModified":"2021-11-19T10:58:05+00:00","breadcrumb":{"@id":"https:\/\/spriv.vojvodina.gov.rs\/%d0%bb%d0%b8%d0%bd%d0%ba%d0%be%d0%b2%d0%b8\/#breadcrumb"},"inLanguage":"sr-RS","potentialAction":[{"@type":"ReadAction","target":["https:\/\/spriv.vojvodina.gov.rs\/%d0%bb%d0%b8%d0%bd%d0%ba%d0%be%d0%b2%d0%b8\/"]}]},{"@type":"BreadcrumbList","@id":"https:\/\/spriv.vojvodina.gov.rs\/%d0%bb%d0%b8%d0%bd%d0%ba%d0%be%d0%b2%d0%b8\/#breadcrumb","itemListElement":[{"@type":"ListItem","position":1,"name":"Home","item":"https:\/\/spriv.vojvodina.gov.rs\/"},{"@type":"ListItem","position":2,"name":"\u041b\u0438\u043d\u043a\u043e\u0432\u0438"}]},{"@type":"WebSite","@id":"https:\/\/spriv.vojvodina.gov.rs\/#website","url":"https:\/\/spriv.vojvodina.gov.rs\/","name":"\u041f\u043e\u043a\u0440\u0430\u0458\u0438\u043d\u0441\u043a\u0438 \u0441\u0435\u043a\u0440\u0435\u0442\u0430\u0440\u0438\u0458\u0430\u0442 \u0437\u0430 \u043f\u0440\u0438\u0432\u0440\u0435\u0434\u0443 \u0438 \u0442\u0443\u0440\u0438\u0437\u0430\u043c","description":"\u041f\u043e\u043a\u0440\u0430\u0458\u0438\u043d\u0441\u043a\u0438 \u0441\u0435\u043a\u0440\u0435\u0442\u0430\u0440\u0438\u0458\u0430\u0442 \u0437\u0430 \u043f\u0440\u0438\u0432\u0440\u0435\u0434\u0443 \u0438 \u0442\u0443\u0440\u0438\u0437\u0430\u043c","potentialAction":[{"@type":"SearchAction","target":{"@type":"EntryPoint","urlTemplate":"https:\/\/spriv.vojvodina.gov.rs\/?s={search_term_string}"},"query-input":{"@type":"PropertyValueSpecification","valueRequired":true,"valueName":"search_term_string"}}],"inLanguage":"sr-RS"}]}},"_links":{"self":[{"href":"https:\/\/spriv.vojvodina.gov.rs\/rs\/wp-json\/wp\/v2\/pages\/2173","targetHints":{"allow":["GET"]}}],"collection":[{"href":"https:\/\/spriv.vojvodina.gov.rs\/rs\/wp-json\/wp\/v2\/pages"}],"about":[{"href":"https:\/\/spriv.vojvodina.gov.rs\/rs\/wp-json\/wp\/v2\/types\/page"}],"author":[{"embeddable":true,"href":"https:\/\/spriv.vojvodina.gov.rs\/rs\/wp-json\/wp\/v2\/users\/3"}],"replies":[{"embeddable":true,"href":"https:\/\/spriv.vojvodina.gov.rs\/rs\/wp-json\/wp\/v2\/comments?post=2173"}],"version-history":[{"count":3,"href":"https:\/\/spriv.vojvodina.gov.rs\/rs\/wp-json\/wp\/v2\/pages\/2173\/revisions"}],"predecessor-version":[{"id":7459,"href":"https:\/\/spriv.vojvodina.gov.rs\/rs\/wp-json\/wp\/v2\/pages\/2173\/revisions\/7459"}],"wp:attachment":[{"href":"https:\/\/spriv.vojvodina.gov.rs\/rs\/wp-json\/wp\/v2\/media?parent=2173"}],"curies":[{"name":"wp","href":"https:\/\/api.w.org\/{rel}","templated":true}]}}