{"id":10884,"date":"2023-10-23T06:45:28","date_gmt":"2023-10-23T06:45:28","guid":{"rendered":"https:\/\/spriv.vojvodina.gov.rs\/?page_id=10884"},"modified":"2023-11-09T09:49:09","modified_gmt":"2023-11-09T09:49:09","slug":"najbolje-iz-vojvodine-2022","status":"publish","type":"page","link":"https:\/\/spriv.vojvodina.gov.rs\/rs\/najbolje-iz-vojvodine-2022\/","title":{"rendered":"Najbolje iz Vojvodine &#8211; korisnici sredstava &#8211; 2022"},"content":{"rendered":"<p>Stranica u izradi &#8230;<\/p>\n<h2><strong>NOSIOCI OZNAKE KVALITETA U 2022. GODINI<\/strong><\/h2>\n<p><strong>U KATEGORIJI MANIFESTACIJE:<\/strong><\/p>\n<p><strong>1. Turisti\u010dka organizacija Grada Kikinda &#8211; za manifestaciju DANI LUDAJE<\/strong><\/p>\n<p><a href=\"https:\/\/www.kikinda-turizam.rs\/\" target=\"_blank\" rel=\"noopener\">Turisti\u010dka organizacija Grada Kikinde<\/a><\/p>\n<p><a href=\"https:\/\/www.facebook.com\/KikindaTurizam?mibextid=ZbWKwL\" target=\"_blank\" rel=\"noopener\">Link ka Fejsbuk nalogu<\/a><\/p>\n<p><a href=\"https:\/\/www.instagram.com\/kikindaturizam\/?next=%2F\" target=\"_blank\" rel=\"noopener\">Link ka Instagram nalogu<\/a><\/p>\n<p>&nbsp;<\/p>\n<p><strong>2. Grad Zrenjanin &#8211; za manifestaciju DANI PIVA<\/strong><\/p>\n<p><a href=\"https:\/\/visitzrenjanin.com\/manifestacija-dani-piva-zrenjanin\/\" target=\"_blank\" rel=\"noopener\">Link ka manifestaciji Dani piva<\/a><\/p>\n<p><a href=\"https:\/\/danipiva.rs\/\" target=\"_blank\" rel=\"noopener\">Link ka manifestaciji Dani piva 2<\/a><\/p>\n<p>&nbsp;<\/p>\n<p><strong>3. Nacionalna komora za modu Srbije &#8211; za kulturni program i modnu manifestaciju SERBIA FASHION WEEK<\/strong><\/p>\n<p><a href=\"https:\/\/serbiafashionweek.com\/\" target=\"_blank\" rel=\"noopener\">SERBIA FASHION WEEK<\/a><\/p>\n<p>&nbsp;<\/p>\n<p><strong>4. Turisti\u010dka organizacija \u0160id &#8211; za Gastronomsku manifestaciju SREMSKA KULENIJADA<\/strong><\/p>\n<p>Cara Lazara 7, 22240 \u0160id, +381 22 710 088, +381 22 710 610<\/p>\n<p><a href=\"https:\/\/www.instagram.com\/turizam_sid\/\" target=\"_blank\" rel=\"noopener\">Link ka Instagram nalogu<\/a><\/p>\n<p><a href=\"https:\/\/www.facebook.com\/turizam.sid\/?locale=sr_RS\" target=\"_blank\" rel=\"noopener\">Link ka Fejsbuk nalogu<\/a><\/p>\n<p>&nbsp;<\/p>\n<p><strong>5. Udru\u017eenje gra\u0111ana FORTUNS &#8211; za stru\u010dni skup MEKST KONFERENCIJA<\/strong><\/p>\n<p><a href=\"https:\/\/www.mekstconference.com\/\" target=\"_blank\" rel=\"noopener\">MEKST KONFERENCIJA<\/a><\/p>\n<p>&nbsp;<\/p>\n<p><strong>6. AD Novosadski sajam Novi Sad &#8211; za ME\u0110UNARODNI POLjOPRIVREDNI SAJAM<\/strong><\/p>\n<p><a href=\"https:\/\/www.sajam.net\/sr\/\" target=\"_blank\" rel=\"noopener\">Link ka vebsajtu Novosadskog sajma<\/a><\/p>\n<p><a href=\"https:\/\/www.sajam.net\/sr\/kalendar-2023\/prolece\/90-medjunarodni-poljoprivredni-sajam\" target=\"_blank\" rel=\"noopener\">Link ka Me\u0111unarodnom poljoprivrednom sajmu<\/a><\/p>\n<p><a href=\"https:\/\/www.sajam.net\/sr\/kontakt\" target=\"_blank\" rel=\"noopener\">Link ka kontaktima<\/a><\/p>\n<p>&nbsp;<\/p>\n<p><strong>U KATEGORIJI USLUGE:<\/strong><\/p>\n<p><strong>7. Turisti\u010dka organizacija Op\u0161tine In\u0111ija &#8211; KELTSKO SELO za USLUGU TURISTI\u010cKOG OBILASKA KOMPLEKSA<\/strong><\/p>\n<p><a href=\"https:\/\/www.youtube.com\/watch?v=TT0mi5lxGKk&amp;t=2s\" target=\"_blank\" rel=\"noopener\">Promo video Keltckog sela<\/a><\/p>\n<p><a href=\"https:\/\/keltskoselo.rs\/\" target=\"_blank\" rel=\"noopener\">Link ka vebsajtu Keltskog sela<\/a><\/p>\n<p><a href=\"https:\/\/www.facebook.com\/keltskoselo\/\" target=\"_blank\" rel=\"noopener\">Link ka Fejsbuk nalogu<\/a><\/p>\n<p><a href=\"https:\/\/www.instagram.com\/keltskoselo\/\" target=\"_blank\" rel=\"noopener\">Link ka Instagram nalogu<\/a><\/p>\n<p>&nbsp;<\/p>\n<p><strong>8. Elitte Pali\u0107 DOO &#8211; Restoran ,,Mala gostiona&#8220; za TURISTI\u010cKO UGOSTITELjSKU USLUGU<\/strong><\/p>\n<p><a href=\"https:\/\/www.elittepalic.rs\/restoran-mala-gostiona\/\" target=\"_blank\" rel=\"noopener\">Link ka vebsajtu Restorana Mala gostiona<\/a><\/p>\n<p>&nbsp;<\/p>\n<p><strong>U KATEGORIJI ZANATI:<\/strong><\/p>\n<p><strong>9. U\u017d Staparska ru\u017ea &#8211; tradicionalni zanat &#8211; tka\u010dki zanat &#8211; za STAPARSKI \u0106ILIM<\/strong><\/p>\n<p><a href=\"https:\/\/instagram.com\/uzstaparskaruza?igshid=MzRlODBiNWFlZA==\" target=\"_blank\" rel=\"noopener\">Link ka Instagram profilu<\/a><\/p>\n<p><a href=\"https:\/\/www.facebook.com\/mira.kovacev.1\" target=\"_blank\" rel=\"noopener\">Link ka Fejsbuk profilu<\/a><\/p>\n<p>&nbsp;<\/p>\n<p><strong>10. Krznarija Miroslav &#8211; proizvodnja proizvoda od krzna &#8211; za \u0160UBARE I PRSLUCI OD JAGNJE\u0106EG KRZNA<\/strong><\/p>\n<p><a href=\"https:\/\/www.krznarijamiroslav.com\/\" target=\"_blank\" rel=\"noopener\">Link ka vebsajtu<\/a><\/p>\n<p>&nbsp;<\/p>\n<p><strong>11. Radionica Petrovi\u0107 021 \u017deljko Petrovi\u0107 &#8211; za POSLU\u017dAVNIKE, KUTIJE ZA HLEB, KUTIJE ZA NAKIT, SUVENIRE, PODMETA\u010cE I DRVENE PLATE<\/strong><\/p>\n<p><a href=\"https:\/\/www.instagram.com\/radionicapetrovic021\/\" target=\"_blank\" rel=\"noopener\">Link ka Instagram profilu<\/a><\/p>\n<p><a href=\"https:\/\/sr-rs.facebook.com\/umetnickaradionicapetrovic\/\" target=\"_blank\" rel=\"noopener\">Link ka Fejsuk profilu<\/a><\/p>\n<p>&nbsp;<\/p>\n<p><strong>12. Udru\u017eenje Etno mre\u017ea Ogranak Pan\u010devo &#8211; za KOLONIJU VEZA I ZLATOVEZA<\/strong><\/p>\n<p><a href=\"https:\/\/etnomreza.rs\/vest.php?id=165\" target=\"_blank\" rel=\"noopener\">Etno mre\u017ea Ogranak Pan\u010devo<\/a><\/p>\n<p><a href=\"https:\/\/etnomreza.rs\/\" target=\"_blank\" rel=\"noopener\">Etno mre\u017ea Ogranak Pan\u010devo 2<\/a><\/p>\n<p><a href=\"https:\/\/www.instagram.com\/etnomreza\/\" target=\"_blank\" rel=\"noopener\">Link ka Instagram profilu<\/a><\/p>\n<p><a href=\"https:\/\/www.facebook.com\/EtnoMrezaSerbia\" target=\"_blank\" rel=\"noopener\">Link ka Fejsuk profilu<\/a><\/p>\n<p>&nbsp;<\/p>\n<p><strong>U KATEGORIJI PROIZVODI:<\/strong><\/p>\n<p><strong>13. UNIVEREXPORT DOO NOVI SAD &#8211; Proizvodi od biljnih ulja i masti &#8211; za ORGANSKO HLADNO PRESOVANO JESTIVO BILjNO ULjE SEMENA SUNCOKRETA ORGANA<\/strong><\/p>\n<p>Sentandrejski put 165, Novi Sad, +381 21 4870 200, +381 64 850 1266<\/p>\n<p><a href=\"https:\/\/elakolije.rs\/1071872\/proizvod\/ulje-suncokretovo-organsko-organa-250ml\" target=\"_blank\" rel=\"noopener\">Link ka proizvodu 250 ml<\/a><\/p>\n<p><a href=\"https:\/\/elakolije.rs\/1071873\/proizvod\/ulje-suncokretovo-organsko-organa-750ml\" target=\"_blank\" rel=\"noopener\">Link ka proizvodu 750 ml<\/a><\/p>\n<p><a href=\"https:\/\/univerexport.rs\/sr\/stranica\/27\/organski-proizvodi\" target=\"_blank\" rel=\"noopener\">Link ka stranici &#8211; organski proizvodi<\/a><\/p>\n<p><a href=\"https:\/\/univerexport.rs\/sr\/stranica\/3\/organska-hrana-organic\" target=\"_blank\" rel=\"noopener\">Link ka stranici &#8211; organska hrana<\/a><\/p>\n<p><a href=\"https:\/\/univerexport.rs\/sr\/nasa-proizvodnja\/1\/organska-proizvodnja\" target=\"_blank\" rel=\"noopener\">Link ka stranici &#8211; organska proizvodnja<\/a><\/p>\n<p><a href=\"https:\/\/www.instagram.com\/p\/ClVn3_1qK3i\/\" target=\"_blank\" rel=\"noopener\">Link ka Instagram nalogu<\/a><\/p>\n<p><a href=\"https:\/\/www.linkedin.com\/posts\/univerexport-doo_ponosni-na-na%C5%A1e-u%C4%8De%C5%A1%C4%87e-na-me%C4%91unarodnom-poljoprivrednom-activity-7067884556904783872-iv3l\" target=\"_blank\" rel=\"noopener\">Link ka LinkedIn nalogu<\/a><\/p>\n<p>&nbsp;<\/p>\n<p><strong>14. GREEN HOUSE FOOD Novi Sad &#8211; za NAMAZ OD LEBLEBIJE &#8211; HUMUS<\/strong><\/p>\n<p><a href=\"http:\/\/www.patewski.com\/\" target=\"_blank\" rel=\"noopener\">GREEN HOUSE FOOD<\/a><\/p>\n<p>&nbsp;<\/p>\n<p><strong>15. Destilerija Hubert 1924 Banatsko Veliko Selo &#8211; za HUBERTOVU RAKIJU OD KAJSIJE I DUNjE<\/strong><\/p>\n<p><a href=\"https:\/\/hubert1924.com\/\" target=\"_blank\" rel=\"noopener\">Destilerija Hubert 1924<\/a><\/p>\n<p>&nbsp;<\/p>\n<p><strong>16. PG Sanja Kuzmanovi\u0107 &#8211; za POVR\u0106E IZ ORGANSKOG UZGOJA<\/strong><\/p>\n<p><a href=\"https:\/\/organico.rs\/product-brand\/pg-sanja-kuzmanovic\/\" target=\"_blank\" rel=\"noopener\">Link ka vebsajtu ORGANICO<\/a><\/p>\n<p><a href=\"https:\/\/www.facebook.com\/p\/Poljoprivredno-gazdinstvo-Kuzmanovic-Organsko-povrce-100068410241990\/\" target=\"_blank\" rel=\"noopener\">Link ka Fejsbuk nalogu<\/a><\/p>\n<p>&nbsp;<\/p>\n<p><strong>17. Zorica Radi\u0161i\u0107 PR prerada mleka i proizvodnja sireva Mlekara ,,Farmer&#8220; &#8211; za PUNOMASNI POLUTVRDI SIR I ROLOVANI SIR SA DODACIMA &#8211; AMBASADOR<\/strong><\/p>\n<p><a href=\"https:\/\/search.bisnode.rs\/rs\/1141699\/zorica-radisic-pr-prerada-mleka-i-proizvodnja-sireva-mlekara-farmer-curug\/\" target=\"_blank\" rel=\"noopener\">Link ka podacima o firmi<\/a><\/p>\n<p>&nbsp;<\/p>\n<p><strong>18. DOO \u0160trand Novi Sad &#8211; za proizvod od mesa &#8211; ANGUS BURGER<\/strong><\/p>\n<p><a href=\"https:\/\/www.instagram.com\/p\/CbhryJAqOkw\/?igshid=MzRlODBiNWFlZA==\" target=\"_blank\" rel=\"noopener\">Link ka Instagram nalogu<\/a><\/p>\n<p><a href=\"https:\/\/www.instagram.com\/reel\/Ckyvlk-L-dx\/?igshid=MzRlODBiNWFlZA==\" target=\"_blank\" rel=\"noopener\">Link ka Instagram nalogu 2<\/a><\/p>\n<p>&nbsp;<\/p>\n<p><strong>19. Chocolatera Jelena Novi Sad &#8211; za \u010cOKOLADNE PRALINE<\/strong><\/p>\n<p><a href=\"https:\/\/chocolaterajelena.rs\/\" target=\"_blank\" rel=\"noopener\">Link ka vebsajtu Chocolatera Jelena<\/a><\/p>\n<p><a href=\"https:\/\/www.instagram.com\/chocolaterajelena\/\" target=\"_blank\" rel=\"noopener\">Link ka Instagram nalogu<\/a><\/p>\n<p><a href=\"https:\/\/www.facebook.com\/chocolaterajelena\/\" target=\"_blank\" rel=\"noopener\">Link ka Fejsbuk nalogu<\/a><\/p>\n<p>&nbsp;<\/p>\n<p><strong>20. Pani\u0107Agro 17 d.o.o. &#8211; proizvodi od le\u0161nika &#8211; za PROIZVOD OD JEZGRASTOG VO\u0106A<\/strong><\/p>\n<p><a href=\"https:\/\/www.youtube.com\/watch?v=Iiq3fPn3C04\" target=\"_blank\" rel=\"noopener\">Link ka Jutjub kanalu<\/a><\/p>\n<p><a href=\"https:\/\/www.youtube.com\/watch?v=HvbRH-be3-w\" target=\"_blank\" rel=\"noopener\">Link ka Jutjub kanalu 2<\/a><\/p>\n<p><a href=\"https:\/\/www.youtube.com\/watch?v=0D_AdcLey4E\" target=\"_blank\" rel=\"noopener\">Link ka Jutjub kanalu 3<\/a><\/p>\n<p>&nbsp;<\/p>\n<p><strong>21. Mlekara Carpe Diem DOO Kru\u0161edol selo &#8211; za PROIZVODE OD KOZIJEG MLEKA<\/strong><\/p>\n<p><a href=\"https:\/\/www.facebook.com\/mlekaracarpediem\/?locale=sr_RS\" target=\"_blank\" rel=\"noopener\">Link ka Fejsbuk nalogu<\/a><\/p>","protected":false},"excerpt":{"rendered":"Stranica u izradi &#8230; NOSIOCI OZNAKE KVALITETA U 2022. GODINI U KATEGORIJI MANIFESTACIJE: 1. Turisti\u010dka organizacija Grada Kikinda &#8211; za manifestaciju DANI LUDAJE \n<a class=\"moretag\" href=\"https:\/\/spriv.vojvodina.gov.rs\/rs\/najbolje-iz-vojvodine-2022\/\"> [...]<\/a>","protected":false},"author":5,"featured_media":0,"parent":0,"menu_order":0,"comment_status":"closed","ping_status":"closed","template":"","meta":{"footnotes":""},"class_list":["post-10884","page","type-page","status-publish","hentry"],"yoast_head":"<!-- This site is optimized with the Yoast SEO plugin v27.4 - https:\/\/yoast.com\/product\/yoast-seo-wordpress\/ -->\n<title>Najbolje iz Vojvodine - korisnici sredstava - 2022 - \u041f\u043e\u043a\u0440\u0430\u0458\u0438\u043d\u0441\u043a\u0438 \u0441\u0435\u043a\u0440\u0435\u0442\u0430\u0440\u0438\u0458\u0430\u0442 \u0437\u0430 \u043f\u0440\u0438\u0432\u0440\u0435\u0434\u0443 \u0438 \u0442\u0443\u0440\u0438\u0437\u0430\u043c<\/title>\n<meta name=\"robots\" content=\"index, follow, max-snippet:-1, max-image-preview:large, max-video-preview:-1\" \/>\n<link rel=\"canonical\" href=\"https:\/\/spriv.vojvodina.gov.rs\/rs\/najbolje-iz-vojvodine-2022\/\" \/>\n<meta property=\"og:locale\" content=\"sr_RS\" \/>\n<meta property=\"og:type\" content=\"article\" \/>\n<meta property=\"og:title\" content=\"Najbolje iz Vojvodine - korisnici sredstava - 2022 - \u041f\u043e\u043a\u0440\u0430\u0458\u0438\u043d\u0441\u043a\u0438 \u0441\u0435\u043a\u0440\u0435\u0442\u0430\u0440\u0438\u0458\u0430\u0442 \u0437\u0430 \u043f\u0440\u0438\u0432\u0440\u0435\u0434\u0443 \u0438 \u0442\u0443\u0440\u0438\u0437\u0430\u043c\" \/>\n<meta property=\"og:description\" content=\"Stranica u izradi &#8230; NOSIOCI OZNAKE KVALITETA U 2022. GODINI U KATEGORIJI MANIFESTACIJE: 1. Turisti\u010dka organizacija Grada Kikinda &#8211; za manifestaciju DANI LUDAJE\" \/>\n<meta property=\"og:url\" content=\"https:\/\/spriv.vojvodina.gov.rs\/najbolje-iz-vojvodine-2022\/\" \/>\n<meta property=\"og:site_name\" content=\"\u041f\u043e\u043a\u0440\u0430\u0458\u0438\u043d\u0441\u043a\u0438 \u0441\u0435\u043a\u0440\u0435\u0442\u0430\u0440\u0438\u0458\u0430\u0442 \u0437\u0430 \u043f\u0440\u0438\u0432\u0440\u0435\u0434\u0443 \u0438 \u0442\u0443\u0440\u0438\u0437\u0430\u043c\" \/>\n<meta property=\"article:modified_time\" content=\"2023-11-09T09:49:09+00:00\" \/>\n<meta name=\"twitter:card\" content=\"summary_large_image\" \/>\n<meta name=\"twitter:label1\" content=\"\u041f\u0440\u043e\u0446\u0435\u045a\u0435\u043d\u043e \u0432\u0440\u0435\u043c\u0435 \u0447\u0438\u0442\u0430\u045a\u0430\" \/>\n\t<meta name=\"twitter:data1\" content=\"3 \u043c\u0438\u043d\u0443\u0442\u0430\" \/>\n<script type=\"application\/ld+json\" class=\"yoast-schema-graph\">{\"@context\":\"https:\\\/\\\/schema.org\",\"@graph\":[{\"@type\":\"WebPage\",\"@id\":\"https:\\\/\\\/spriv.vojvodina.gov.rs\\\/najbolje-iz-vojvodine-2022\\\/\",\"url\":\"https:\\\/\\\/spriv.vojvodina.gov.rs\\\/najbolje-iz-vojvodine-2022\\\/\",\"name\":\"Najbolje iz Vojvodine - korisnici sredstava - 2022 - \u041f\u043e\u043a\u0440\u0430\u0458\u0438\u043d\u0441\u043a\u0438 \u0441\u0435\u043a\u0440\u0435\u0442\u0430\u0440\u0438\u0458\u0430\u0442 \u0437\u0430 \u043f\u0440\u0438\u0432\u0440\u0435\u0434\u0443 \u0438 \u0442\u0443\u0440\u0438\u0437\u0430\u043c\",\"isPartOf\":{\"@id\":\"https:\\\/\\\/spriv.vojvodina.gov.rs\\\/#website\"},\"datePublished\":\"2023-10-23T06:45:28+00:00\",\"dateModified\":\"2023-11-09T09:49:09+00:00\",\"breadcrumb\":{\"@id\":\"https:\\\/\\\/spriv.vojvodina.gov.rs\\\/najbolje-iz-vojvodine-2022\\\/#breadcrumb\"},\"inLanguage\":\"sr-RS\",\"potentialAction\":[{\"@type\":\"ReadAction\",\"target\":[\"https:\\\/\\\/spriv.vojvodina.gov.rs\\\/najbolje-iz-vojvodine-2022\\\/\"]}]},{\"@type\":\"BreadcrumbList\",\"@id\":\"https:\\\/\\\/spriv.vojvodina.gov.rs\\\/najbolje-iz-vojvodine-2022\\\/#breadcrumb\",\"itemListElement\":[{\"@type\":\"ListItem\",\"position\":1,\"name\":\"Home\",\"item\":\"https:\\\/\\\/spriv.vojvodina.gov.rs\\\/\"},{\"@type\":\"ListItem\",\"position\":2,\"name\":\"\u041d\u0430\u0458\u0431\u043e\u0459\u0435 \u0438\u0437 \u0412\u043e\u0458\u0432\u043e\u0434\u0438\u043d\u0435 &#8211; \u043a\u043e\u0440\u0438\u0441\u043d\u0438\u0446\u0438 \u0441\u0440\u0435\u0434\u0441\u0442\u0430\u0432\u0430 &#8211; 2022\"}]},{\"@type\":\"WebSite\",\"@id\":\"https:\\\/\\\/spriv.vojvodina.gov.rs\\\/#website\",\"url\":\"https:\\\/\\\/spriv.vojvodina.gov.rs\\\/\",\"name\":\"\u041f\u043e\u043a\u0440\u0430\u0458\u0438\u043d\u0441\u043a\u0438 \u0441\u0435\u043a\u0440\u0435\u0442\u0430\u0440\u0438\u0458\u0430\u0442 \u0437\u0430 \u043f\u0440\u0438\u0432\u0440\u0435\u0434\u0443 \u0438 \u0442\u0443\u0440\u0438\u0437\u0430\u043c\",\"description\":\"\u041f\u043e\u043a\u0440\u0430\u0458\u0438\u043d\u0441\u043a\u0438 \u0441\u0435\u043a\u0440\u0435\u0442\u0430\u0440\u0438\u0458\u0430\u0442 \u0437\u0430 \u043f\u0440\u0438\u0432\u0440\u0435\u0434\u0443 \u0438 \u0442\u0443\u0440\u0438\u0437\u0430\u043c\",\"potentialAction\":[{\"@type\":\"SearchAction\",\"target\":{\"@type\":\"EntryPoint\",\"urlTemplate\":\"https:\\\/\\\/spriv.vojvodina.gov.rs\\\/?s={search_term_string}\"},\"query-input\":{\"@type\":\"PropertyValueSpecification\",\"valueRequired\":true,\"valueName\":\"search_term_string\"}}],\"inLanguage\":\"sr-RS\"}]}<\/script>\n<!-- \/ Yoast SEO plugin. -->","yoast_head_json":{"title":"Najbolje iz Vojvodine - korisnici sredstava - 2022 - \u041f\u043e\u043a\u0440\u0430\u0458\u0438\u043d\u0441\u043a\u0438 \u0441\u0435\u043a\u0440\u0435\u0442\u0430\u0440\u0438\u0458\u0430\u0442 \u0437\u0430 \u043f\u0440\u0438\u0432\u0440\u0435\u0434\u0443 \u0438 \u0442\u0443\u0440\u0438\u0437\u0430\u043c","robots":{"index":"index","follow":"follow","max-snippet":"max-snippet:-1","max-image-preview":"max-image-preview:large","max-video-preview":"max-video-preview:-1"},"canonical":"https:\/\/spriv.vojvodina.gov.rs\/rs\/najbolje-iz-vojvodine-2022\/","og_locale":"sr_RS","og_type":"article","og_title":"Najbolje iz Vojvodine - korisnici sredstava - 2022 - \u041f\u043e\u043a\u0440\u0430\u0458\u0438\u043d\u0441\u043a\u0438 \u0441\u0435\u043a\u0440\u0435\u0442\u0430\u0440\u0438\u0458\u0430\u0442 \u0437\u0430 \u043f\u0440\u0438\u0432\u0440\u0435\u0434\u0443 \u0438 \u0442\u0443\u0440\u0438\u0437\u0430\u043c","og_description":"Stranica u izradi &#8230; NOSIOCI OZNAKE KVALITETA U 2022. GODINI U KATEGORIJI MANIFESTACIJE: 1. Turisti\u010dka organizacija Grada Kikinda &#8211; za manifestaciju DANI LUDAJE","og_url":"https:\/\/spriv.vojvodina.gov.rs\/najbolje-iz-vojvodine-2022\/","og_site_name":"\u041f\u043e\u043a\u0440\u0430\u0458\u0438\u043d\u0441\u043a\u0438 \u0441\u0435\u043a\u0440\u0435\u0442\u0430\u0440\u0438\u0458\u0430\u0442 \u0437\u0430 \u043f\u0440\u0438\u0432\u0440\u0435\u0434\u0443 \u0438 \u0442\u0443\u0440\u0438\u0437\u0430\u043c","article_modified_time":"2023-11-09T09:49:09+00:00","twitter_card":"summary_large_image","twitter_misc":{"\u041f\u0440\u043e\u0446\u0435\u045a\u0435\u043d\u043e \u0432\u0440\u0435\u043c\u0435 \u0447\u0438\u0442\u0430\u045a\u0430":"3 \u043c\u0438\u043d\u0443\u0442\u0430"},"schema":{"@context":"https:\/\/schema.org","@graph":[{"@type":"WebPage","@id":"https:\/\/spriv.vojvodina.gov.rs\/najbolje-iz-vojvodine-2022\/","url":"https:\/\/spriv.vojvodina.gov.rs\/najbolje-iz-vojvodine-2022\/","name":"Najbolje iz Vojvodine - korisnici sredstava - 2022 - \u041f\u043e\u043a\u0440\u0430\u0458\u0438\u043d\u0441\u043a\u0438 \u0441\u0435\u043a\u0440\u0435\u0442\u0430\u0440\u0438\u0458\u0430\u0442 \u0437\u0430 \u043f\u0440\u0438\u0432\u0440\u0435\u0434\u0443 \u0438 \u0442\u0443\u0440\u0438\u0437\u0430\u043c","isPartOf":{"@id":"https:\/\/spriv.vojvodina.gov.rs\/#website"},"datePublished":"2023-10-23T06:45:28+00:00","dateModified":"2023-11-09T09:49:09+00:00","breadcrumb":{"@id":"https:\/\/spriv.vojvodina.gov.rs\/najbolje-iz-vojvodine-2022\/#breadcrumb"},"inLanguage":"sr-RS","potentialAction":[{"@type":"ReadAction","target":["https:\/\/spriv.vojvodina.gov.rs\/najbolje-iz-vojvodine-2022\/"]}]},{"@type":"BreadcrumbList","@id":"https:\/\/spriv.vojvodina.gov.rs\/najbolje-iz-vojvodine-2022\/#breadcrumb","itemListElement":[{"@type":"ListItem","position":1,"name":"Home","item":"https:\/\/spriv.vojvodina.gov.rs\/"},{"@type":"ListItem","position":2,"name":"\u041d\u0430\u0458\u0431\u043e\u0459\u0435 \u0438\u0437 \u0412\u043e\u0458\u0432\u043e\u0434\u0438\u043d\u0435 &#8211; \u043a\u043e\u0440\u0438\u0441\u043d\u0438\u0446\u0438 \u0441\u0440\u0435\u0434\u0441\u0442\u0430\u0432\u0430 &#8211; 2022"}]},{"@type":"WebSite","@id":"https:\/\/spriv.vojvodina.gov.rs\/#website","url":"https:\/\/spriv.vojvodina.gov.rs\/","name":"\u041f\u043e\u043a\u0440\u0430\u0458\u0438\u043d\u0441\u043a\u0438 \u0441\u0435\u043a\u0440\u0435\u0442\u0430\u0440\u0438\u0458\u0430\u0442 \u0437\u0430 \u043f\u0440\u0438\u0432\u0440\u0435\u0434\u0443 \u0438 \u0442\u0443\u0440\u0438\u0437\u0430\u043c","description":"\u041f\u043e\u043a\u0440\u0430\u0458\u0438\u043d\u0441\u043a\u0438 \u0441\u0435\u043a\u0440\u0435\u0442\u0430\u0440\u0438\u0458\u0430\u0442 \u0437\u0430 \u043f\u0440\u0438\u0432\u0440\u0435\u0434\u0443 \u0438 \u0442\u0443\u0440\u0438\u0437\u0430\u043c","potentialAction":[{"@type":"SearchAction","target":{"@type":"EntryPoint","urlTemplate":"https:\/\/spriv.vojvodina.gov.rs\/?s={search_term_string}"},"query-input":{"@type":"PropertyValueSpecification","valueRequired":true,"valueName":"search_term_string"}}],"inLanguage":"sr-RS"}]}},"_links":{"self":[{"href":"https:\/\/spriv.vojvodina.gov.rs\/rs\/wp-json\/wp\/v2\/pages\/10884","targetHints":{"allow":["GET"]}}],"collection":[{"href":"https:\/\/spriv.vojvodina.gov.rs\/rs\/wp-json\/wp\/v2\/pages"}],"about":[{"href":"https:\/\/spriv.vojvodina.gov.rs\/rs\/wp-json\/wp\/v2\/types\/page"}],"author":[{"embeddable":true,"href":"https:\/\/spriv.vojvodina.gov.rs\/rs\/wp-json\/wp\/v2\/users\/5"}],"replies":[{"embeddable":true,"href":"https:\/\/spriv.vojvodina.gov.rs\/rs\/wp-json\/wp\/v2\/comments?post=10884"}],"version-history":[{"count":61,"href":"https:\/\/spriv.vojvodina.gov.rs\/rs\/wp-json\/wp\/v2\/pages\/10884\/revisions"}],"predecessor-version":[{"id":11003,"href":"https:\/\/spriv.vojvodina.gov.rs\/rs\/wp-json\/wp\/v2\/pages\/10884\/revisions\/11003"}],"wp:attachment":[{"href":"https:\/\/spriv.vojvodina.gov.rs\/rs\/wp-json\/wp\/v2\/media?parent=10884"}],"curies":[{"name":"wp","href":"https:\/\/api.w.org\/{rel}","templated":true}]}}